{"id":973,"date":"2019-10-10T13:42:32","date_gmt":"2019-10-10T11:42:32","guid":{"rendered":"https:\/\/www.christiani.de\/cms\/?page_id=973"},"modified":"2024-01-24T23:32:07","modified_gmt":"2024-01-24T22:32:07","slug":"kontakt","status":"publish","type":"page","link":"https:\/\/www.christiani.de\/cms\/kontakt\/","title":{"rendered":"Kontakt"},"content":{"rendered":"<p><div class=\"fusion-fullwidth fullwidth-box fusion-builder-row-1 has-pattern-background has-mask-background gradient-container-1 nonhundred-percent-fullwidth non-hundred-percent-height-scrolling\" style=\"--awb-border-radius-top-left:0px;--awb-border-radius-top-right:0px;--awb-border-radius-bottom-right:0px;--awb-border-radius-bottom-left:0px;--awb-margin-bottom:25px;--awb-flex-wrap:wrap;\" ><div class=\"fusion-builder-row fusion-row\"><div class=\"fusion-layout-column fusion_builder_column fusion-builder-column-0 fusion_builder_column_1_1 1_1 fusion-one-full fusion-column-first fusion-column-last\" style=\"--awb-bg-size:cover;--awb-margin-bottom:0px;\"><div class=\"fusion-column-wrapper fusion-column-has-shadow fusion-flex-column-wrapper-legacy\"><div class=\"fusion-title title fusion-title-1 fusion-sep-none fusion-title-text fusion-title-size-one\"><h1 class=\"fusion-title-heading title-heading-left\" style=\"margin:0;text-transform:none;\">Kontakt<\/h1><\/div><div class=\"fusion-sep-clear\"><\/div><div class=\"fusion-separator fusion-clearfix\" style=\"float:left;margin-bottom:25px;width:100%;max-width:120px;\"><div class=\"fusion-separator-border sep-single sep-solid\" style=\"--awb-height:20px;--awb-amount:20px;--awb-sep-color:#e20018;border-color:#e20018;border-top-width:2px;\"><\/div><\/div><div class=\"fusion-sep-clear\"><\/div>\n<div class=\"fusion-text fusion-text-1\"><p><strong>Dr.-Ing. Paul Christiani GmbH &amp; Co. KG<\/strong><br \/>\nHermann-Hesse-Weg 2<br \/>\n78464 Konstanz<\/p>\n<p>E-Mail: <a href=\"mailto:info@christiani.de\">info@christiani.de<\/a><br \/>\nTel.: <a href=\"tel:+49%207531%205801-100\">+49 7531 5801-100<\/a><br \/>\nFax: <a href=\"tel:+49%207531%205801-900\">+49 7531 5801-900<\/a><\/p>\n<\/div><div class=\"fusion-clearfix\"><\/div><\/div><\/div><\/div><\/div><div class=\"fusion-fullwidth fullwidth-box fusion-builder-row-2 fusion-flex-container has-pattern-background has-mask-background gradient-container-2 nonhundred-percent-fullwidth non-hundred-percent-height-scrolling\" style=\"--awb-border-radius-top-left:5px;--awb-border-radius-top-right:5px;--awb-border-radius-bottom-right:5px;--awb-border-radius-bottom-left:5px;--awb-overflow:hidden;--awb-padding-top:30px;--awb-padding-right:20px;--awb-padding-bottom:30px;--awb-padding-left:20px;--awb-background-color:#f9f9f9;--awb-flex-wrap:wrap;\" ><div class=\"fusion-builder-row fusion-row fusion-flex-align-items-flex-start fusion-flex-content-wrap\" style=\"max-width:1263.6px;margin-left: calc(-4% \/ 2 );margin-right: calc(-4% \/ 2 );\"><div class=\"fusion-layout-column fusion_builder_column fusion-builder-column-1 fusion_builder_column_1_1 1_1 fusion-flex-column\" style=\"--awb-bg-size:cover;--awb-width-large:100%;--awb-margin-top-large:0px;--awb-spacing-right-large:1.92%;--awb-margin-bottom-large:20px;--awb-spacing-left-large:1.92%;--awb-width-medium:100%;--awb-order-medium:0;--awb-spacing-right-medium:1.92%;--awb-spacing-left-medium:1.92%;--awb-width-small:100%;--awb-order-small:0;--awb-spacing-right-small:1.92%;--awb-spacing-left-small:1.92%;\"><div class=\"fusion-column-wrapper fusion-column-has-shadow fusion-flex-justify-content-flex-start fusion-content-layout-column\"><div class=\"fusion-title title fusion-title-2 fusion-sep-none fusion-title-text fusion-title-size-three\" style=\"--awb-font-size:22px;\"><h3 class=\"fusion-title-heading title-heading-left\" style=\"margin:0;font-size:1em;text-transform:none;\">Kontaktieren Sie uns!<\/h3><\/div><div class=\"fusion-text fusion-text-2 frm_style_christiani-2023-style frm_style_formidable-style\"><div class=\"frm_forms  with_frm_style frm_style_christiani-2023-style\" id=\"frm_form_3_container\" data-token=\"cc94b5448e0ba949e97bee419dd3dfe7\">\n<form enctype=\"multipart\/form-data\" method=\"post\" class=\"frm-show-form  frm_pro_form \" id=\"form_kontakt-allgemein\" data-token=\"cc94b5448e0ba949e97bee419dd3dfe7\">\n<div class=\"frm_form_fields \">\n<fieldset>\n<legend class=\"frm_screen_reader\">Kontakt: Allgemein<\/legend>\r\n\r\n<div><div class=\"frm_fields_container\">\n<input type=\"hidden\" name=\"frm_action\" value=\"create\" \/>\n<input type=\"hidden\" name=\"form_id\" value=\"3\" \/>\n<input type=\"hidden\" name=\"frm_hide_fields_3\" id=\"frm_hide_fields_3\" value=\"\" \/>\n<input type=\"hidden\" name=\"form_key\" value=\"kontakt-allgemein\" \/>\n<input type=\"hidden\" name=\"item_meta[0]\" value=\"\" \/>\n<input type=\"hidden\" id=\"frm_submit_entry_3\" name=\"frm_submit_entry_3\" value=\"951bd601e8\" \/><input type=\"hidden\" name=\"_wp_http_referer\" value=\"\/cms\/wp-json\/wp\/v2\/pages\/973\" \/><div id=\"frm_field_4047_container\" class=\"frm_form_field form-field  frm_left_container frm_third label-center chr-select\">\r\n    <label for=\"field_yr518\" id=\"field_yr518_label\" class=\"frm_primary_label\">Anrede\r\n        <span class=\"frm_required\" aria-hidden=\"true\"><\/span>\r\n    <\/label>\r\n    \t\t<select name=\"item_meta[4047]\" id=\"field_yr518\"  data-placeholder=\"Bitte w\u00e4hlen\"  placeholder=\"Bitte w\u00e4hlen\" data-invmsg=\"Anrede ist ung\u00fcltig\" aria-invalid=\"false\"  >\n\t\t<option  class=\"frm-select-placeholder\" value=\"\" data-placeholder=\"true\">Bitte w\u00e4hlen<\/option><option  value=\"Frau\">Frau<\/option><option  value=\"Herr\">Herr<\/option><option  value=\"Keine Angabe\">Keine Angabe<\/option>\t<\/select>\n\t\r\n    \r\n    \r\n<\/div>\n<div id=\"frm_field_17_container\" class=\"frm_form_field form-field  frm_required_field frm_inside_container frm6 frm6 frm_first\">\r\n    <label for=\"field_2xapa2\" id=\"field_2xapa2_label\" class=\"frm_primary_label\">Vorname\r\n        <span class=\"frm_required\">*<\/span>\r\n    <\/label>\r\n    <input type=\"text\" id=\"field_2xapa2\" name=\"item_meta[17]\" value=\"\"  data-reqmsg=\"Dieses Feld darf nicht leer sein.\" aria-required=\"true\" data-invmsg=\"Text is invalid\" aria-invalid=\"false\"  \/>\r\n    \r\n    \r\n<\/div>\n<div id=\"frm_field_142_container\" class=\"frm_form_field form-field  frm_required_field frm_inside_container frm_half frm6\">\r\n    <label for=\"field_8htpx\" id=\"field_8htpx_label\" class=\"frm_primary_label\">Nachname\r\n        <span class=\"frm_required\">*<\/span>\r\n    <\/label>\r\n    <input type=\"text\" id=\"field_8htpx\" name=\"item_meta[142]\" value=\"\"  data-reqmsg=\"Dieses Feld darf nicht leer sein.\" aria-required=\"true\" data-invmsg=\"Text is invalid\" aria-invalid=\"false\"  \/>\r\n    \r\n    \r\n<\/div>\n<div id=\"frm_field_18_container\" class=\"frm_form_field form-field  frm_required_field frm_inside_container frm6  frm6 frm_first\">\r\n    <label for=\"field_ixh2o2\" id=\"field_ixh2o2_label\" class=\"frm_primary_label\">E-Mail-Adresse\r\n        <span class=\"frm_required\">*<\/span>\r\n    <\/label>\r\n    <input type=\"email\" id=\"field_ixh2o2\" name=\"item_meta[18]\" value=\"\"  data-reqmsg=\"Dieses Feld darf nicht leer sein.\" aria-required=\"true\" data-invmsg=\"Please enter a valid email address\" aria-invalid=\"false\"  \/>\r\n    \r\n    \r\n<\/div>\n<div id=\"frm_field_19_container\" class=\"frm_form_field form-field  frm_required_field frm_inside_container frm_half frm6\">\r\n    <label for=\"field_5bnrg2\" id=\"field_5bnrg2_label\" class=\"frm_primary_label\">Telefon\r\n        <span class=\"frm_required\">*<\/span>\r\n    <\/label>\r\n    <input type=\"tel\" id=\"field_5bnrg2\" name=\"item_meta[19]\" value=\"\"  data-reqmsg=\"Dieses Feld darf nicht leer sein.\" aria-required=\"true\" data-invmsg=\"Telefon is invalid\" aria-invalid=\"false\" pattern=\"((\\+\\d{1,3}(-|.| )?\\(?\\d\\)?(-| |.)?\\d{1,5})|(\\(?\\d{2,6}\\)?))(-|.| )?(\\d{3,4})(-|.| )?(\\d{4})(( x| ext)\\d{1,5}){0,1}$\"  \/>\r\n    \r\n    \r\n<\/div>\n<div id=\"frm_field_20_container\" class=\"frm_form_field form-field  frm_inside_container\">\r\n    <label for=\"field_9oxm12\" id=\"field_9oxm12_label\" class=\"frm_primary_label\">Kundennummer\r\n        <span class=\"frm_required\"><\/span>\r\n    <\/label>\r\n    <input type=\"text\" id=\"field_9oxm12\" name=\"item_meta[20]\" value=\"\"  data-invmsg=\"Text is invalid\" aria-invalid=\"false\"  \/>\r\n    \r\n    \r\n<\/div>\n<div id=\"frm_field_21_container\" class=\"frm_form_field form-field  frm_required_field frm_inside_container frm_full\">\r\n    <label for=\"field_62g3a2\" id=\"field_62g3a2_label\" class=\"frm_primary_label\">Ihre Mitteilung an uns\r\n        <span class=\"frm_required\"><\/span>\r\n    <\/label>\r\n    <textarea name=\"item_meta[21]\" id=\"field_62g3a2\" rows=\"10\"  placeholder=\"Hier k\u00f6nnen Sie uns noch etwas mitteilen.\" data-reqmsg=\"Dieses Feld darf nicht leer sein.\" aria-required=\"true\" data-invmsg=\"Ihre Mitteilung an uns ist ung\u00fcltig\" aria-invalid=\"false\"  ><\/textarea>\r\n    \r\n    \r\n<\/div>\n<style>\r\n.frm_form_field.privacy-notice label { display: block; }\r\n <\/style>\r\n<div id=\"frm_field_22_container\" class=\"frm_form_field form-field  frm_required_field frm_top_container privacy-notice frm_full vertical_radio\">\r\n    <div  id=\"field_wqh8l2_label\" class=\"frm_primary_label\">Datenschutzhinweis\r\n        <span class=\"frm_required\">*<\/span>\r\n    <\/div>\r\n    <div class=\"frm_opt_container\" aria-labelledby=\"field_wqh8l2_label\" role=\"group\">\t\t<div class=\"frm_checkbox\" id=\"frm_checkbox_22-0\">\t\t\t<label  for=\"field_wqh8l2-0\">\n\t\t\t<input type=\"checkbox\" name=\"item_meta[22][]\" id=\"field_wqh8l2-0\" value=\"Ihre Angaben werden mit SSL-Verschl\u00fcsselung \u00fcbertragen. Mit der Verarbeitung meiner personenbezogenen Daten nach Ma\u00dfgabe der &lt;a href=&quot;https:\/\/www.christiani.de\/cms\/service\/datenschutzerklaerung\/&quot; target=&quot;_blank&quot;&gt;Datenschutzhinweise&lt;\/a&gt; bin ich einverstanden.\"  data-reqmsg=\"Dieses Feld darf nicht leer sein.\" data-invmsg=\"Datenschutzhinweis ist ung\u00fcltig\" aria-invalid=\"false\"   aria-required=\"true\"  \/> Ihre Angaben werden mit SSL-Verschl\u00fcsselung \u00fcbertragen. Mit der Verarbeitung meiner personenbezogenen Daten nach Ma\u00dfgabe der <a href=\"https:\/\/www.christiani.de\/cms\/service\/datenschutzerklaerung\/\" target=\"_blank\">Datenschutzhinweise<\/a> bin ich einverstanden.<\/label><\/div>\n<\/div>\r\n    \r\n    \r\n<\/div>\n<input type=\"hidden\" name=\"item_meta[23]\" id=\"field_ov9cg2\" value=\"\"     \/>\n<div id=\"frm_field_4182_container\" class=\"frm_form_field form-field \">\r\n\t<div class=\"frm_submit\">\r\n\r\n<button class=\"frm_button_submit frm_final_submit\" type=\"submit\"   formnovalidate=\"formnovalidate\">Senden<\/button>\r\n\r\n<\/div>\r\n<\/div>\n\t<input type=\"hidden\" name=\"item_key\" value=\"\" \/>\n\t\t\t\t<div class=\"frm__655ce2ef7b30c\">\n\t\t\t\t<label for=\"frm_email_3\" >\n\t\t\t\t\tIf you are human, leave this field blank.\t\t\t\t<\/label>\n\t\t\t\t<input  id=\"frm_email_3\" type=\"email\" class=\"frm_verify\" name=\"frm__655ce2ef7b30c\" value=\"\"  \/>\n\t\t\t<\/div>\n\t\t<input name=\"frm_state\" type=\"hidden\" value=\"wYcX5qtUrGVCQYIChdIUyO84LXCr5WpznaFmU\/13D26Nnx431nr8tcmqwBd5LDgm\" \/><\/div><\/div>\n<\/fieldset>\n<\/div>\n<\/form>\n<\/div>\n\n<\/div><\/div><\/div><\/div><\/div><\/p>\n","protected":false},"excerpt":{"rendered":"","protected":false},"author":1,"featured_media":0,"parent":0,"menu_order":0,"comment_status":"closed","ping_status":"closed","template":"","meta":{"footnotes":""},"class_list":["post-973","page","type-page","status-publish","hentry"],"yoast_head":"<!-- This site is optimized with the Yoast SEO plugin v23.4 - https:\/\/yoast.com\/wordpress\/plugins\/seo\/ -->\n<title>Kontakt - Lehr- und Pr\u00fcfungsmaterial f\u00fcr Schule &amp; Ausbildung | Christiani.de<\/title>\n<meta name=\"description\" content=\"Kontakt - Dr.-Ing. Paul Christiani GmbH &amp; Co. KG Hermann-Hesse-Weg 2 78464 Konstanz - E-Mail: info@christiani.de Tel.: +49 7531 5801-100 Fax: +49 7531\" \/>\n<meta name=\"robots\" content=\"index, follow, max-snippet:-1, max-image-preview:large, max-video-preview:-1\" \/>\n<link rel=\"canonical\" href=\"https:\/\/www.christiani.de\/cms\/kontakt\/\" \/>\n<meta property=\"og:locale\" content=\"de_DE\" \/>\n<meta property=\"og:type\" content=\"article\" \/>\n<meta property=\"og:title\" content=\"Kontakt - Lehr- und Pr\u00fcfungsmaterial f\u00fcr Schule &amp; Ausbildung | Christiani.de\" \/>\n<meta property=\"og:description\" content=\"Kontakt - Dr.-Ing. Paul Christiani GmbH &amp; Co. KG Hermann-Hesse-Weg 2 78464 Konstanz - E-Mail: info@christiani.de Tel.: +49 7531 5801-100 Fax: +49 7531\" \/>\n<meta property=\"og:url\" content=\"https:\/\/www.christiani.de\/cms\/kontakt\/\" \/>\n<meta property=\"og:site_name\" content=\"Lehr- und Pr\u00fcfungsmaterial f\u00fcr Schule &amp; Ausbildung | Christiani.de\" \/>\n<meta property=\"article:modified_time\" content=\"2024-01-24T22:32:07+00:00\" \/>\n<meta name=\"twitter:card\" content=\"summary_large_image\" \/>\n<meta name=\"twitter:label1\" content=\"Gesch\u00e4tzte Lesezeit\" \/>\n\t<meta name=\"twitter:data1\" content=\"5 Minuten\" \/>\n<script type=\"application\/ld+json\" class=\"yoast-schema-graph\">{\"@context\":\"https:\/\/schema.org\",\"@graph\":[{\"@type\":\"WebPage\",\"@id\":\"https:\/\/www.christiani.de\/cms\/kontakt\/\",\"url\":\"https:\/\/www.christiani.de\/cms\/kontakt\/\",\"name\":\"Kontakt - Lehr- und Pr\u00fcfungsmaterial f\u00fcr Schule &amp; Ausbildung | Christiani.de\",\"isPartOf\":{\"@id\":\"https:\/\/www.christiani.de\/cms\/#website\"},\"datePublished\":\"2019-10-10T11:42:32+00:00\",\"dateModified\":\"2024-01-24T22:32:07+00:00\",\"description\":\"Kontakt - Dr.-Ing. Paul Christiani GmbH &amp; Co. KG Hermann-Hesse-Weg 2 78464 Konstanz - E-Mail: info@christiani.de Tel.: +49 7531 5801-100 Fax: +49 7531\",\"breadcrumb\":{\"@id\":\"https:\/\/www.christiani.de\/cms\/kontakt\/#breadcrumb\"},\"inLanguage\":\"de-DE\",\"potentialAction\":[{\"@type\":\"ReadAction\",\"target\":[\"https:\/\/www.christiani.de\/cms\/kontakt\/\"]}]},{\"@type\":\"BreadcrumbList\",\"@id\":\"https:\/\/www.christiani.de\/cms\/kontakt\/#breadcrumb\",\"itemListElement\":[{\"@type\":\"ListItem\",\"position\":1,\"name\":\"christiani.de\",\"item\":\"https:\/\/www.christiani.de\"},{\"@type\":\"ListItem\",\"position\":2,\"name\":\"Kontakt\"}]},{\"@type\":\"WebSite\",\"@id\":\"https:\/\/www.christiani.de\/cms\/#website\",\"url\":\"https:\/\/www.christiani.de\/cms\/\",\"name\":\"Lehr- und Pr\u00fcfungsmaterial f\u00fcr Schule &amp; Ausbildung | Christiani.de\",\"description\":\"Christiani.de\",\"potentialAction\":[{\"@type\":\"SearchAction\",\"target\":{\"@type\":\"EntryPoint\",\"urlTemplate\":\"https:\/\/www.christiani.de\/cms\/?s={search_term_string}\"},\"query-input\":{\"@type\":\"PropertyValueSpecification\",\"valueRequired\":true,\"valueName\":\"search_term_string\"}}],\"inLanguage\":\"de-DE\"}]}<\/script>\n<!-- \/ Yoast SEO plugin. -->","yoast_head_json":{"title":"Kontakt - Lehr- und Pr\u00fcfungsmaterial f\u00fcr Schule &amp; Ausbildung | Christiani.de","description":"Kontakt - Dr.-Ing. Paul Christiani GmbH &amp; Co. KG Hermann-Hesse-Weg 2 78464 Konstanz - E-Mail: info@christiani.de Tel.: +49 7531 5801-100 Fax: +49 7531","robots":{"index":"index","follow":"follow","max-snippet":"max-snippet:-1","max-image-preview":"max-image-preview:large","max-video-preview":"max-video-preview:-1"},"canonical":"https:\/\/www.christiani.de\/cms\/kontakt\/","og_locale":"de_DE","og_type":"article","og_title":"Kontakt - Lehr- und Pr\u00fcfungsmaterial f\u00fcr Schule &amp; Ausbildung | Christiani.de","og_description":"Kontakt - Dr.-Ing. Paul Christiani GmbH &amp; Co. KG Hermann-Hesse-Weg 2 78464 Konstanz - E-Mail: info@christiani.de Tel.: +49 7531 5801-100 Fax: +49 7531","og_url":"https:\/\/www.christiani.de\/cms\/kontakt\/","og_site_name":"Lehr- und Pr\u00fcfungsmaterial f\u00fcr Schule &amp; Ausbildung | Christiani.de","article_modified_time":"2024-01-24T22:32:07+00:00","twitter_card":"summary_large_image","twitter_misc":{"Gesch\u00e4tzte Lesezeit":"5 Minuten"},"schema":{"@context":"https:\/\/schema.org","@graph":[{"@type":"WebPage","@id":"https:\/\/www.christiani.de\/cms\/kontakt\/","url":"https:\/\/www.christiani.de\/cms\/kontakt\/","name":"Kontakt - Lehr- und Pr\u00fcfungsmaterial f\u00fcr Schule &amp; Ausbildung | Christiani.de","isPartOf":{"@id":"https:\/\/www.christiani.de\/cms\/#website"},"datePublished":"2019-10-10T11:42:32+00:00","dateModified":"2024-01-24T22:32:07+00:00","description":"Kontakt - Dr.-Ing. Paul Christiani GmbH &amp; Co. KG Hermann-Hesse-Weg 2 78464 Konstanz - E-Mail: info@christiani.de Tel.: +49 7531 5801-100 Fax: +49 7531","breadcrumb":{"@id":"https:\/\/www.christiani.de\/cms\/kontakt\/#breadcrumb"},"inLanguage":"de-DE","potentialAction":[{"@type":"ReadAction","target":["https:\/\/www.christiani.de\/cms\/kontakt\/"]}]},{"@type":"BreadcrumbList","@id":"https:\/\/www.christiani.de\/cms\/kontakt\/#breadcrumb","itemListElement":[{"@type":"ListItem","position":1,"name":"christiani.de","item":"https:\/\/www.christiani.de"},{"@type":"ListItem","position":2,"name":"Kontakt"}]},{"@type":"WebSite","@id":"https:\/\/www.christiani.de\/cms\/#website","url":"https:\/\/www.christiani.de\/cms\/","name":"Lehr- und Pr\u00fcfungsmaterial f\u00fcr Schule &amp; Ausbildung | Christiani.de","description":"Christiani.de","potentialAction":[{"@type":"SearchAction","target":{"@type":"EntryPoint","urlTemplate":"https:\/\/www.christiani.de\/cms\/?s={search_term_string}"},"query-input":{"@type":"PropertyValueSpecification","valueRequired":true,"valueName":"search_term_string"}}],"inLanguage":"de-DE"}]}},"_links":{"self":[{"href":"https:\/\/www.christiani.de\/cms\/wp-json\/wp\/v2\/pages\/973"}],"collection":[{"href":"https:\/\/www.christiani.de\/cms\/wp-json\/wp\/v2\/pages"}],"about":[{"href":"https:\/\/www.christiani.de\/cms\/wp-json\/wp\/v2\/types\/page"}],"author":[{"embeddable":true,"href":"https:\/\/www.christiani.de\/cms\/wp-json\/wp\/v2\/users\/1"}],"replies":[{"embeddable":true,"href":"https:\/\/www.christiani.de\/cms\/wp-json\/wp\/v2\/comments?post=973"}],"version-history":[{"count":34,"href":"https:\/\/www.christiani.de\/cms\/wp-json\/wp\/v2\/pages\/973\/revisions"}],"predecessor-version":[{"id":31347,"href":"https:\/\/www.christiani.de\/cms\/wp-json\/wp\/v2\/pages\/973\/revisions\/31347"}],"wp:attachment":[{"href":"https:\/\/www.christiani.de\/cms\/wp-json\/wp\/v2\/media?parent=973"}],"curies":[{"name":"wp","href":"https:\/\/api.w.org\/{rel}","templated":true}]}}