{"id":4727,"date":"2020-08-31T07:47:14","date_gmt":"2020-08-31T05:47:14","guid":{"rendered":"https:\/\/www.christiani.de\/cms\/?page_id=4727"},"modified":"2024-03-27T07:44:54","modified_gmt":"2024-03-27T06:44:54","slug":"versand","status":"publish","type":"page","link":"https:\/\/www.christiani.de\/cms\/service\/versand\/","title":{"rendered":"Versand"},"content":{"rendered":"<p><div class=\"fusion-fullwidth fullwidth-box fusion-builder-row-1 fusion-flex-container has-pattern-background has-mask-background gradient-container-1 nonhundred-percent-fullwidth non-hundred-percent-height-scrolling\" style=\"--awb-border-radius-top-left:0px;--awb-border-radius-top-right:0px;--awb-border-radius-bottom-right:0px;--awb-border-radius-bottom-left:0px;--awb-flex-wrap:wrap;\" ><div class=\"fusion-builder-row fusion-row fusion-flex-align-items-flex-start fusion-flex-content-wrap\" style=\"max-width:1263.6px;margin-left: calc(-4% \/ 2 );margin-right: calc(-4% \/ 2 );\"><div class=\"fusion-layout-column fusion_builder_column fusion-builder-column-0 fusion_builder_column_1_2 1_2 fusion-flex-column\" style=\"--awb-bg-size:cover;--awb-width-large:50%;--awb-margin-top-large:0px;--awb-spacing-right-large:3.84%;--awb-margin-bottom-large:20px;--awb-spacing-left-large:3.84%;--awb-width-medium:100%;--awb-order-medium:0;--awb-spacing-right-medium:1.92%;--awb-spacing-left-medium:1.92%;--awb-width-small:100%;--awb-order-small:0;--awb-spacing-right-small:1.92%;--awb-spacing-left-small:1.92%;\"><div class=\"fusion-column-wrapper fusion-column-has-shadow fusion-flex-justify-content-flex-start fusion-content-layout-column\"><div class=\"fusion-title title fusion-title-1 fusion-sep-none fusion-title-text fusion-title-size-one\" style=\"--awb-margin-top:10px;--awb-font-size:50px;\"><h1 class=\"fusion-title-heading title-heading-left\" style=\"margin:0;font-size:1em;letter-spacing:1px;text-transform:none;line-height:50px;\">Versand<\/h1><\/div><div class=\"fusion-separator\" style=\"align-self: flex-start;margin-right:auto;margin-bottom:25px;width:100%;max-width:120px;\"><div class=\"fusion-separator-border sep-single sep-solid\" style=\"--awb-height:20px;--awb-amount:20px;--awb-sep-color:var(--awb-color4);border-color:var(--awb-color4);border-top-width:2px;\"><\/div><\/div><div class=\"fusion-text fusion-text-1\"><p>Die Lieferung der Ware erfolgt auf Kosten und Gefahr des Kunden ab Werk Christiani, es sei denn bei dem Kunden handelt es sich um einen Verbraucher.<\/p>\n<\/div><\/div><\/div><\/div><\/div><div class=\"fusion-fullwidth fullwidth-box fusion-builder-row-2 fusion-flex-container has-pattern-background has-mask-background gradient-container-2 nonhundred-percent-fullwidth non-hundred-percent-height-scrolling\" style=\"--awb-border-radius-top-left:0px;--awb-border-radius-top-right:0px;--awb-border-radius-bottom-right:0px;--awb-border-radius-bottom-left:0px;--awb-margin-top:20px;--awb-flex-wrap:wrap;\" ><div class=\"fusion-builder-row fusion-row fusion-flex-align-items-flex-start fusion-flex-content-wrap\" style=\"max-width:1263.6px;margin-left: calc(-4% \/ 2 );margin-right: calc(-4% \/ 2 );\"><div class=\"fusion-layout-column fusion_builder_column fusion-builder-column-1 fusion_builder_column_1_1 1_1 fusion-flex-column\" style=\"--awb-bg-size:cover;--awb-width-large:100%;--awb-margin-top-large:0px;--awb-spacing-right-large:1.92%;--awb-margin-bottom-large:20px;--awb-spacing-left-large:1.92%;--awb-width-medium:100%;--awb-order-medium:0;--awb-spacing-right-medium:1.92%;--awb-spacing-left-medium:1.92%;--awb-width-small:100%;--awb-order-small:0;--awb-spacing-right-small:1.92%;--awb-spacing-left-small:1.92%;\" data-scroll-devices=\"small-visibility,medium-visibility,large-visibility\"><div class=\"fusion-column-wrapper fusion-column-has-shadow fusion-flex-justify-content-flex-start fusion-content-layout-column\"><div class=\"fusion-text fusion-text-2\" style=\"--awb-text-transform:none;\"><h4>Die Versandkosten sind gestaffelt:<\/h4>\n<p>Bei Auftr\u00e4gen ab 500 Euro (netto) \u00fcbernimmt Christiani alle Versandkosten bis zum Bestimmungsort im Inland, vorausgesetzt, der Frachtdienstleister wird von Christiani bestimmt. Ausgenommen sind Sendungen bei denen ein Versandst\u00fcck (Paket) entweder die Maximalabmessung oder das Maximalgewicht Europack\/DHL bzw. Paket\/UPS \u00fcberschreiten, beispielsweise Fachraumausstattungen, Lehrsysteme, Maschinen und Schulungsst\u00e4nde. Hier ist Christiani berechtigt, auch bei Auftr\u00e4gen mit einem Bestellwert \u00fcber 500 Euro (netto) Versandkosten zu berechnen.<\/p>\n<p>Christiani Verlagsprodukte sind versandkostenfrei, sofern ausschlie\u00dflich Christiani Verlagsprodukte versendet werden.<\/p>\n<p>F\u00fcr Auftr\u00e4ge unter 500 Euro (netto) berechnet Christiani:<\/p>\n<table>\n<tbody>\n<tr>\n<td width=\"201\">Gewicht<\/td>\n<td width=\"201\">Netto<\/td>\n<td width=\"201\">Brutto<\/td>\n<\/tr>\n<tr>\n<td width=\"201\">Bis 1 KG<\/td>\n<td width=\"201\">4,90\u20ac<\/td>\n<td width=\"201\">5,83\u20ac<\/td>\n<\/tr>\n<tr>\n<td width=\"201\">Bis 5 KG<\/td>\n<td width=\"201\">8,90\u20ac<\/td>\n<td width=\"201\">10,59\u20ac<\/td>\n<\/tr>\n<tr>\n<td width=\"201\">Bis 10 KG<\/td>\n<td width=\"201\">12,90\u20ac<\/td>\n<td width=\"201\">15,35\u20ac<\/td>\n<\/tr>\n<tr>\n<td width=\"201\">Bis 30 kg<\/td>\n<td width=\"201\">14,90 \u20ac<\/td>\n<td width=\"201\">17,73 \u20ac<\/td>\n<\/tr>\n<tr>\n<td width=\"201\">Bis 50 kg<\/td>\n<td width=\"201\">24,90 \u20ac<\/td>\n<td width=\"201\">29,63 \u20ac<\/td>\n<\/tr>\n<tr>\n<td width=\"201\">Bis 80 kg<\/td>\n<td width=\"201\">34,90 \u20ac<\/td>\n<td width=\"201\">41,53 \u20ac<\/td>\n<\/tr>\n<\/tbody>\n<\/table>\n<p>Bei Lieferungen \u00fcber 80 kg werden die Geb\u00fchren der jeweiligen Speditionsdienstleiter berechnet.<\/p>\n<\/div><div class=\"fusion-separator fusion-full-width-sep\" style=\"align-self: center;margin-left: auto;margin-right: auto;margin-top:40px;margin-bottom:40px;width:100%;\"><div class=\"fusion-separator-border sep-single sep-solid\" style=\"--awb-height:20px;--awb-amount:20px;border-color:#e0dede;border-top-width:1px;\"><\/div><\/div><div class=\"fusion-text fusion-text-3\"><p>F\u00fcr Standard-Sendungen nach Belgien, Frankreich, Italien, Luxemburg, Niederlande, D\u00e4nemark, Irland, Griechenland, Portugal, Spanien, Finnland, Schweden, Estland, Lettland, Litauen, Malta, Monaco, Polen, Slowakei, Slowenien, Tschechien, Ungarn, Zypern, Bulgarien, Rum\u00e4nien, \u00d6sterreich und Kroatien werden f\u00fcr alle Auftr\u00e4ge die Versandkosten wie folgt berechnet:<\/p>\n<p>1. Bei B\u00fcchern und Verbrauchten Pr\u00fcfungsaufgaben einen Versandkostenanteil von derzeit: 9,00 Euro (zzgl. Umsatzsteuer bei Verbrauchern)<br \/>\n2. Bei allen anderen Produkten einen Versandkostenanteil von derzeit: 18,00 Euro (zzgl. Umsatzsteuer bei Verbrauchern)<\/p>\n<\/div><div class=\"fusion-separator fusion-full-width-sep\" style=\"align-self: center;margin-left: auto;margin-right: auto;margin-top:40px;margin-bottom:40px;width:100%;\"><div class=\"fusion-separator-border sep-single sep-solid\" style=\"--awb-height:20px;--awb-amount:20px;border-color:#e0dede;border-top-width:1px;\"><\/div><\/div><div class=\"fusion-text fusion-text-4\"><p>F\u00fcr Standard-Sendungen nach Norwegen, Island, Liechtenstein, Gro\u00dfbritannien, Schweiz, Andorra, Belarus, Bosnien Herzegowina, Republik Kosovo, Moldau, Vatikan, Far\u00f6er-Inseln, Gibraltar, Gr\u00f6nland, Republik Zypern (Nordteil), Montenegro, Nordmazedonien, San Marino, Serbien, T\u00fcrkei und Ukraine werden f\u00fcr alle Auftr\u00e4ge die Versandkosten wie folgt berechnet:<\/p>\n<p>1. Bei B\u00fcchern und Verbrauchten Pr\u00fcfungsaufgaben einen Versandkostenanteil von derzeit: 16,00 Euro (zzgl. Umsatzsteuer bei Verbrauchern)<br \/>\n2. Bei allen anderen Produkten einen Versandkostenanteil von derzeit: 31,00 Euro (zzgl. Umsatzsteuer bei Verbrauchern)<\/p>\n<\/div><\/div><\/div><\/div><\/div><\/p>\n","protected":false},"excerpt":{"rendered":"","protected":false},"author":1,"featured_media":0,"parent":509,"menu_order":0,"comment_status":"closed","ping_status":"closed","template":"100-width.php","meta":{"footnotes":""},"class_list":["post-4727","page","type-page","status-publish","hentry"],"yoast_head":"<!-- This site is optimized with the Yoast SEO plugin v23.4 - https:\/\/yoast.com\/wordpress\/plugins\/seo\/ -->\n<title>Versand - Lehr- und Pr\u00fcfungsmaterial f\u00fcr Schule &amp; Ausbildung | Christiani.de<\/title>\n<meta name=\"description\" content=\"Versand: Die Lieferung der Ware erfolgt auf Kosten und Gefahr des Kunden ab Werk Christiani, es sei denn bei dem Kunden handelt es sich um einen Verbraucher. Bei Auftr\u00e4gen ab 260 Euro \u00fcbernimmt Christiani alle Versandkosten bis zum Bestimmungsort im Inland,\" \/>\n<meta name=\"robots\" content=\"index, follow, max-snippet:-1, max-image-preview:large, max-video-preview:-1\" \/>\n<link rel=\"canonical\" href=\"https:\/\/www.christiani.de\/cms\/service\/versand\/\" \/>\n<meta property=\"og:locale\" content=\"de_DE\" \/>\n<meta property=\"og:type\" content=\"article\" \/>\n<meta property=\"og:title\" content=\"Versand - Lehr- und Pr\u00fcfungsmaterial f\u00fcr Schule &amp; Ausbildung | Christiani.de\" \/>\n<meta property=\"og:description\" content=\"Versand: Die Lieferung der Ware erfolgt auf Kosten und Gefahr des Kunden ab Werk Christiani, es sei denn bei dem Kunden handelt es sich um einen Verbraucher. Bei Auftr\u00e4gen ab 260 Euro \u00fcbernimmt Christiani alle Versandkosten bis zum Bestimmungsort im Inland,\" \/>\n<meta property=\"og:url\" content=\"https:\/\/www.christiani.de\/cms\/service\/versand\/\" \/>\n<meta property=\"og:site_name\" content=\"Lehr- und Pr\u00fcfungsmaterial f\u00fcr Schule &amp; Ausbildung | Christiani.de\" \/>\n<meta property=\"article:modified_time\" content=\"2024-03-27T06:44:54+00:00\" \/>\n<meta name=\"twitter:card\" content=\"summary_large_image\" \/>\n<meta name=\"twitter:label1\" content=\"Gesch\u00e4tzte Lesezeit\" \/>\n\t<meta name=\"twitter:data1\" content=\"2 Minuten\" \/>\n<script type=\"application\/ld+json\" class=\"yoast-schema-graph\">{\"@context\":\"https:\/\/schema.org\",\"@graph\":[{\"@type\":\"WebPage\",\"@id\":\"https:\/\/www.christiani.de\/cms\/service\/versand\/\",\"url\":\"https:\/\/www.christiani.de\/cms\/service\/versand\/\",\"name\":\"Versand - Lehr- und Pr\u00fcfungsmaterial f\u00fcr Schule &amp; Ausbildung | Christiani.de\",\"isPartOf\":{\"@id\":\"https:\/\/www.christiani.de\/cms\/#website\"},\"datePublished\":\"2020-08-31T05:47:14+00:00\",\"dateModified\":\"2024-03-27T06:44:54+00:00\",\"description\":\"Versand: Die Lieferung der Ware erfolgt auf Kosten und Gefahr des Kunden ab Werk Christiani, es sei denn bei dem Kunden handelt es sich um einen Verbraucher. Bei Auftr\u00e4gen ab 260 Euro \u00fcbernimmt Christiani alle Versandkosten bis zum Bestimmungsort im Inland,\",\"breadcrumb\":{\"@id\":\"https:\/\/www.christiani.de\/cms\/service\/versand\/#breadcrumb\"},\"inLanguage\":\"de-DE\",\"potentialAction\":[{\"@type\":\"ReadAction\",\"target\":[\"https:\/\/www.christiani.de\/cms\/service\/versand\/\"]}]},{\"@type\":\"BreadcrumbList\",\"@id\":\"https:\/\/www.christiani.de\/cms\/service\/versand\/#breadcrumb\",\"itemListElement\":[{\"@type\":\"ListItem\",\"position\":1,\"name\":\"christiani.de\",\"item\":\"https:\/\/www.christiani.de\"},{\"@type\":\"ListItem\",\"position\":2,\"name\":\"Versand\"}]},{\"@type\":\"WebSite\",\"@id\":\"https:\/\/www.christiani.de\/cms\/#website\",\"url\":\"https:\/\/www.christiani.de\/cms\/\",\"name\":\"Lehr- und Pr\u00fcfungsmaterial f\u00fcr Schule &amp; Ausbildung | Christiani.de\",\"description\":\"Christiani.de\",\"potentialAction\":[{\"@type\":\"SearchAction\",\"target\":{\"@type\":\"EntryPoint\",\"urlTemplate\":\"https:\/\/www.christiani.de\/cms\/?s={search_term_string}\"},\"query-input\":{\"@type\":\"PropertyValueSpecification\",\"valueRequired\":true,\"valueName\":\"search_term_string\"}}],\"inLanguage\":\"de-DE\"}]}<\/script>\n<!-- \/ Yoast SEO plugin. -->","yoast_head_json":{"title":"Versand - Lehr- und Pr\u00fcfungsmaterial f\u00fcr Schule &amp; Ausbildung | Christiani.de","description":"Versand: Die Lieferung der Ware erfolgt auf Kosten und Gefahr des Kunden ab Werk Christiani, es sei denn bei dem Kunden handelt es sich um einen Verbraucher. Bei Auftr\u00e4gen ab 260 Euro \u00fcbernimmt Christiani alle Versandkosten bis zum Bestimmungsort im Inland,","robots":{"index":"index","follow":"follow","max-snippet":"max-snippet:-1","max-image-preview":"max-image-preview:large","max-video-preview":"max-video-preview:-1"},"canonical":"https:\/\/www.christiani.de\/cms\/service\/versand\/","og_locale":"de_DE","og_type":"article","og_title":"Versand - Lehr- und Pr\u00fcfungsmaterial f\u00fcr Schule &amp; Ausbildung | Christiani.de","og_description":"Versand: Die Lieferung der Ware erfolgt auf Kosten und Gefahr des Kunden ab Werk Christiani, es sei denn bei dem Kunden handelt es sich um einen Verbraucher. Bei Auftr\u00e4gen ab 260 Euro \u00fcbernimmt Christiani alle Versandkosten bis zum Bestimmungsort im Inland,","og_url":"https:\/\/www.christiani.de\/cms\/service\/versand\/","og_site_name":"Lehr- und Pr\u00fcfungsmaterial f\u00fcr Schule &amp; Ausbildung | Christiani.de","article_modified_time":"2024-03-27T06:44:54+00:00","twitter_card":"summary_large_image","twitter_misc":{"Gesch\u00e4tzte Lesezeit":"2 Minuten"},"schema":{"@context":"https:\/\/schema.org","@graph":[{"@type":"WebPage","@id":"https:\/\/www.christiani.de\/cms\/service\/versand\/","url":"https:\/\/www.christiani.de\/cms\/service\/versand\/","name":"Versand - Lehr- und Pr\u00fcfungsmaterial f\u00fcr Schule &amp; Ausbildung | Christiani.de","isPartOf":{"@id":"https:\/\/www.christiani.de\/cms\/#website"},"datePublished":"2020-08-31T05:47:14+00:00","dateModified":"2024-03-27T06:44:54+00:00","description":"Versand: Die Lieferung der Ware erfolgt auf Kosten und Gefahr des Kunden ab Werk Christiani, es sei denn bei dem Kunden handelt es sich um einen Verbraucher. Bei Auftr\u00e4gen ab 260 Euro \u00fcbernimmt Christiani alle Versandkosten bis zum Bestimmungsort im Inland,","breadcrumb":{"@id":"https:\/\/www.christiani.de\/cms\/service\/versand\/#breadcrumb"},"inLanguage":"de-DE","potentialAction":[{"@type":"ReadAction","target":["https:\/\/www.christiani.de\/cms\/service\/versand\/"]}]},{"@type":"BreadcrumbList","@id":"https:\/\/www.christiani.de\/cms\/service\/versand\/#breadcrumb","itemListElement":[{"@type":"ListItem","position":1,"name":"christiani.de","item":"https:\/\/www.christiani.de"},{"@type":"ListItem","position":2,"name":"Versand"}]},{"@type":"WebSite","@id":"https:\/\/www.christiani.de\/cms\/#website","url":"https:\/\/www.christiani.de\/cms\/","name":"Lehr- und Pr\u00fcfungsmaterial f\u00fcr Schule &amp; Ausbildung | Christiani.de","description":"Christiani.de","potentialAction":[{"@type":"SearchAction","target":{"@type":"EntryPoint","urlTemplate":"https:\/\/www.christiani.de\/cms\/?s={search_term_string}"},"query-input":{"@type":"PropertyValueSpecification","valueRequired":true,"valueName":"search_term_string"}}],"inLanguage":"de-DE"}]}},"_links":{"self":[{"href":"https:\/\/www.christiani.de\/cms\/wp-json\/wp\/v2\/pages\/4727"}],"collection":[{"href":"https:\/\/www.christiani.de\/cms\/wp-json\/wp\/v2\/pages"}],"about":[{"href":"https:\/\/www.christiani.de\/cms\/wp-json\/wp\/v2\/types\/page"}],"author":[{"embeddable":true,"href":"https:\/\/www.christiani.de\/cms\/wp-json\/wp\/v2\/users\/1"}],"replies":[{"embeddable":true,"href":"https:\/\/www.christiani.de\/cms\/wp-json\/wp\/v2\/comments?post=4727"}],"version-history":[{"count":30,"href":"https:\/\/www.christiani.de\/cms\/wp-json\/wp\/v2\/pages\/4727\/revisions"}],"predecessor-version":[{"id":32464,"href":"https:\/\/www.christiani.de\/cms\/wp-json\/wp\/v2\/pages\/4727\/revisions\/32464"}],"up":[{"embeddable":true,"href":"https:\/\/www.christiani.de\/cms\/wp-json\/wp\/v2\/pages\/509"}],"wp:attachment":[{"href":"https:\/\/www.christiani.de\/cms\/wp-json\/wp\/v2\/media?parent=4727"}],"curies":[{"name":"wp","href":"https:\/\/api.w.org\/{rel}","templated":true}]}}