{"id":42575,"date":"2026-03-18T09:09:30","date_gmt":"2026-03-18T08:09:30","guid":{"rendered":"https:\/\/www.christiani.de\/cms\/?page_id=42575"},"modified":"2026-04-02T11:15:11","modified_gmt":"2026-04-02T09:15:11","slug":"barrierefreiheitserklaerung","status":"publish","type":"page","link":"https:\/\/www.christiani.de\/cms\/barrierefreiheitserklaerung\/","title":{"rendered":"Barrierefreiheitserkl\u00e4rung"},"content":{"rendered":"<div class=\"fusion-fullwidth fullwidth-box fusion-builder-row-1 fusion-flex-container has-pattern-background has-mask-background gradient-container-1 nonhundred-percent-fullwidth non-hundred-percent-height-scrolling\" style=\"--awb-border-radius-top-left:0px;--awb-border-radius-top-right:0px;--awb-border-radius-bottom-right:0px;--awb-border-radius-bottom-left:0px;--awb-flex-wrap:wrap;\" ><div class=\"fusion-builder-row fusion-row fusion-flex-align-items-flex-start fusion-flex-content-wrap\" style=\"max-width:1263.6px;margin-left: calc(-4% \/ 2 );margin-right: calc(-4% \/ 2 );\"><div class=\"fusion-layout-column fusion_builder_column fusion-builder-column-0 fusion_builder_column_1_1 1_1 fusion-flex-column\" style=\"--awb-bg-size:cover;--awb-width-large:100%;--awb-margin-top-large:0px;--awb-spacing-right-large:1.92%;--awb-margin-bottom-large:20px;--awb-spacing-left-large:1.92%;--awb-width-medium:100%;--awb-order-medium:0;--awb-spacing-right-medium:1.92%;--awb-spacing-left-medium:1.92%;--awb-width-small:100%;--awb-order-small:0;--awb-spacing-right-small:1.92%;--awb-spacing-left-small:1.92%;\"><div class=\"fusion-column-wrapper fusion-column-has-shadow fusion-flex-justify-content-flex-start fusion-content-layout-column\"><div class=\"fusion-title title fusion-title-1 fusion-sep-none fusion-title-text fusion-title-size-one\"><h1 class=\"fusion-title-heading title-heading-left\" style=\"margin:0;text-transform:none;\">Erkl\u00e4rung zur Barrierefreiheit<\/h1><\/div><\/div><\/div><div class=\"fusion-layout-column fusion_builder_column fusion-builder-column-1 fusion_builder_column_1_1 1_1 fusion-flex-column\" style=\"--awb-bg-size:cover;--awb-width-large:100%;--awb-margin-top-large:0px;--awb-spacing-right-large:1.92%;--awb-margin-bottom-large:20px;--awb-spacing-left-large:1.92%;--awb-width-medium:100%;--awb-order-medium:0;--awb-spacing-right-medium:1.92%;--awb-spacing-left-medium:1.92%;--awb-width-small:100%;--awb-order-small:0;--awb-spacing-right-small:1.92%;--awb-spacing-left-small:1.92%;\"><div class=\"fusion-column-wrapper fusion-column-has-shadow fusion-flex-justify-content-flex-start fusion-content-layout-column\"><div class=\"fusion-text fusion-text-1\"><p>Die Dr.-Ing. Paul Christiani GmbH &amp; Co. KG ist bem\u00fcht, ihren Webshop unter www.christiani.de barrierefrei zug\u00e4nglich zu machen.<\/p>\n<p><strong>Rechtsgrundlage<\/strong><\/p>\n<p>Die Bem\u00fchungen zur Barrierefreiheit orientieren sich an den Vorgaben des Barrierefreiheitsst\u00e4rkungsgesetzes (BFSG).<\/p>\n<p><strong>Stand der Vereinbarkeit mit den Anforderungen<\/strong><\/p>\n<p>Der Webshop orientiert sich an den Anforderungen der Web Content Accessibility Guidelines (WCAG) 2.2, Konformit\u00e4tsstufe AA. Die \u00dcberpr\u00fcfung erfolgt unter Verwendung eines Scan-Tools der Web Inclusion GmbH.<\/p>\n<p><strong>Nicht barrierefreie Inhalte<\/strong><\/p>\n<ul>\n<li>PDF-Dokumente sind derzeit nicht barrierefrei aufbereitet.<\/li>\n<li>Eingebundene Videos enthalten keine Untertitel.<\/li>\n<li>Nicht alle Elemente sind mit einem aria-label versehen<\/li>\n<li>Nicht alle Bedienelemente \/ Abbildungen verf\u00fcgen \u00fcber hinreichenden Farb-Kontrast.<\/li>\n<li>Nicht alle Bilder verf\u00fcgen \u00fcber ALT-Texte.<\/li>\n<li>Nicht alle Seiten sind zur Verwendung mit einem Screenreader optimiert.<\/li>\n<li>Die Navigation ist nur eingeschr\u00e4nkt mit der Tastatur bedienbar.<\/li>\n<li>Wir arbeiten kontinuierlich daran, die Barrierefreiheit unseres Webshops zu verbessern.<\/li>\n<\/ul>\n<p><strong>Geplante Ma\u00dfnahmen<\/strong><\/p>\n<p>Die Barrierefreiheit soll k\u00fcnftig regelm\u00e4\u00dfig \u00fcberpr\u00fcft und in enger Zusammenarbeit mit unserer Webshop-Agentur fortlaufend verbessert werden. Ziel ist es, die Zug\u00e4nglichkeit f\u00fcr alle Nutzer:innen schrittweise zu erh\u00f6hen.<\/p>\n<p><strong>Angebote von Dritten<\/strong><\/p>\n<p>Im Webshop www.christiani.de sind Verlinkungen zu Angeboten von Drittenanbietern vorhanden. Die Barrierefreiheit externer Angebote k\u00f6nnen wir nicht kontrollieren und daher keine Gew\u00e4hrleistung f\u00fcr die Einhaltung der Richtlinien zur Barrierefreiheit \u00fcbernehmen.<\/p>\n<p><strong>Kontakt und Feedback<\/strong><\/p>\n<p>Wenn Ihnen Barrieren auf unserer Website auffallen, kontaktieren Sie uns bitte unter:<\/p>\n<p>Dr.-Ing. Paul Christiani GmbH &amp; Co. KG<br \/>\nHermann-Hesse-Weg 2<br \/>\n78464\u00a0Konstanz, Deutschland<\/p>\n<p>Website:\u00a0www.christiani.de<br \/>\nE-Mail:\u00a0info@christiani.de<\/p>\n<p>Wir freuen uns auf Ihr Feedback und bem\u00fchen uns, die gemeldeten Barrieren in Rahmen der technischen und wirtschaftlichen M\u00f6glichkeiten schnellstm\u00f6glich zu beheben. Bitte teilen Sie uns mit, auf welche Seite und bei welcher Funktion Sie auf Barrieren gesto\u00dfen sind. Kopieren Sie hierf\u00fcr einfach den Link aus der Adresszeile Ihres Browsers.<\/p>\n<p>Markt\u00fcberwachungsstelle der L\u00e4nder f\u00fcr die Barrierefreiheit von Produkten und Dienstleistungen \u2013 Anstalt \u00f6ffentlichen Rechts (MLBF A\u00f6R)<\/p>\n<p>Carl-Miller-Str. 6<br \/>\n39112 Magdeburg<br \/>\nTelefon: +49 391 567 6970<br \/>\nkontakt@mlbf-barrierefrei.de<\/p>\n<p><strong>Stand der Erkl\u00e4rung<\/strong><\/p>\n<p>Diese Erkl\u00e4rung wurde am 18. M\u00e4rz 2026 erstellt bzw. zuletzt aktualisiert.<\/p>\n<\/div><\/div><\/div><\/div><\/div>\n","protected":false},"excerpt":{"rendered":"","protected":false},"author":13,"featured_media":0,"parent":0,"menu_order":0,"comment_status":"closed","ping_status":"closed","template":"","meta":{"footnotes":""},"class_list":["post-42575","page","type-page","status-publish","hentry"],"yoast_head":"<!-- This site is optimized with the Yoast SEO plugin v23.4 - https:\/\/yoast.com\/wordpress\/plugins\/seo\/ -->\n<title>Barrierefreiheitserkl\u00e4rung - Lehr- und Pr\u00fcfungsmaterial f\u00fcr Schule &amp; Ausbildung | Christiani.de<\/title>\n<meta name=\"description\" content=\"Erkl\u00e4rung zur Barrierefreiheit - Die Dr.-Ing. Paul Christiani GmbH &amp; Co. KG ist bem\u00fcht, ihren Webshop unter www.christiani.de barrierefrei zug\u00e4nglich z\" \/>\n<meta name=\"robots\" content=\"noindex, nofollow\" \/>\n<meta property=\"og:locale\" content=\"de_DE\" \/>\n<meta property=\"og:type\" content=\"article\" \/>\n<meta property=\"og:title\" content=\"Barrierefreiheitserkl\u00e4rung - Lehr- und Pr\u00fcfungsmaterial f\u00fcr Schule &amp; Ausbildung | Christiani.de\" \/>\n<meta property=\"og:description\" content=\"Erkl\u00e4rung zur Barrierefreiheit - Die Dr.-Ing. Paul Christiani GmbH &amp; Co. KG ist bem\u00fcht, ihren Webshop unter www.christiani.de barrierefrei zug\u00e4nglich z\" \/>\n<meta property=\"og:url\" content=\"https:\/\/www.christiani.de\/cms\/barrierefreiheitserklaerung\/\" \/>\n<meta property=\"og:site_name\" content=\"Lehr- und Pr\u00fcfungsmaterial f\u00fcr Schule &amp; Ausbildung | Christiani.de\" \/>\n<meta property=\"article:modified_time\" content=\"2026-04-02T09:15:11+00:00\" \/>\n<meta name=\"twitter:card\" content=\"summary_large_image\" \/>\n<meta name=\"twitter:label1\" content=\"Gesch\u00e4tzte Lesezeit\" \/>\n\t<meta name=\"twitter:data1\" content=\"2 Minuten\" \/>\n<script type=\"application\/ld+json\" class=\"yoast-schema-graph\">{\"@context\":\"https:\/\/schema.org\",\"@graph\":[{\"@type\":\"WebPage\",\"@id\":\"https:\/\/www.christiani.de\/cms\/barrierefreiheitserklaerung\/\",\"url\":\"https:\/\/www.christiani.de\/cms\/barrierefreiheitserklaerung\/\",\"name\":\"Barrierefreiheitserkl\u00e4rung - Lehr- und Pr\u00fcfungsmaterial f\u00fcr Schule &amp; Ausbildung | Christiani.de\",\"isPartOf\":{\"@id\":\"https:\/\/www.christiani.de\/cms\/#website\"},\"datePublished\":\"2026-03-18T08:09:30+00:00\",\"dateModified\":\"2026-04-02T09:15:11+00:00\",\"description\":\"Erkl\u00e4rung zur Barrierefreiheit - Die Dr.-Ing. Paul Christiani GmbH &amp; Co. KG ist bem\u00fcht, ihren Webshop unter www.christiani.de barrierefrei zug\u00e4nglich z\",\"breadcrumb\":{\"@id\":\"https:\/\/www.christiani.de\/cms\/barrierefreiheitserklaerung\/#breadcrumb\"},\"inLanguage\":\"de-DE\",\"potentialAction\":[{\"@type\":\"ReadAction\",\"target\":[\"https:\/\/www.christiani.de\/cms\/barrierefreiheitserklaerung\/\"]}]},{\"@type\":\"BreadcrumbList\",\"@id\":\"https:\/\/www.christiani.de\/cms\/barrierefreiheitserklaerung\/#breadcrumb\",\"itemListElement\":[{\"@type\":\"ListItem\",\"position\":1,\"name\":\"christiani.de\",\"item\":\"https:\/\/www.christiani.de\"},{\"@type\":\"ListItem\",\"position\":2,\"name\":\"Barrierefreiheitserkl\u00e4rung\"}]},{\"@type\":\"WebSite\",\"@id\":\"https:\/\/www.christiani.de\/cms\/#website\",\"url\":\"https:\/\/www.christiani.de\/cms\/\",\"name\":\"Lehr- und Pr\u00fcfungsmaterial f\u00fcr Schule &amp; Ausbildung | Christiani.de\",\"description\":\"Christiani.de\",\"potentialAction\":[{\"@type\":\"SearchAction\",\"target\":{\"@type\":\"EntryPoint\",\"urlTemplate\":\"https:\/\/www.christiani.de\/cms\/?s={search_term_string}\"},\"query-input\":{\"@type\":\"PropertyValueSpecification\",\"valueRequired\":true,\"valueName\":\"search_term_string\"}}],\"inLanguage\":\"de-DE\"}]}<\/script>\n<!-- \/ Yoast SEO plugin. -->","yoast_head_json":{"title":"Barrierefreiheitserkl\u00e4rung - Lehr- und Pr\u00fcfungsmaterial f\u00fcr Schule &amp; Ausbildung | Christiani.de","description":"Erkl\u00e4rung zur Barrierefreiheit - Die Dr.-Ing. Paul Christiani GmbH &amp; Co. KG ist bem\u00fcht, ihren Webshop unter www.christiani.de barrierefrei zug\u00e4nglich z","robots":{"index":"noindex","follow":"nofollow"},"og_locale":"de_DE","og_type":"article","og_title":"Barrierefreiheitserkl\u00e4rung - Lehr- und Pr\u00fcfungsmaterial f\u00fcr Schule &amp; Ausbildung | Christiani.de","og_description":"Erkl\u00e4rung zur Barrierefreiheit - Die Dr.-Ing. Paul Christiani GmbH &amp; Co. KG ist bem\u00fcht, ihren Webshop unter www.christiani.de barrierefrei zug\u00e4nglich z","og_url":"https:\/\/www.christiani.de\/cms\/barrierefreiheitserklaerung\/","og_site_name":"Lehr- und Pr\u00fcfungsmaterial f\u00fcr Schule &amp; Ausbildung | Christiani.de","article_modified_time":"2026-04-02T09:15:11+00:00","twitter_card":"summary_large_image","twitter_misc":{"Gesch\u00e4tzte Lesezeit":"2 Minuten"},"schema":{"@context":"https:\/\/schema.org","@graph":[{"@type":"WebPage","@id":"https:\/\/www.christiani.de\/cms\/barrierefreiheitserklaerung\/","url":"https:\/\/www.christiani.de\/cms\/barrierefreiheitserklaerung\/","name":"Barrierefreiheitserkl\u00e4rung - Lehr- und Pr\u00fcfungsmaterial f\u00fcr Schule &amp; Ausbildung | Christiani.de","isPartOf":{"@id":"https:\/\/www.christiani.de\/cms\/#website"},"datePublished":"2026-03-18T08:09:30+00:00","dateModified":"2026-04-02T09:15:11+00:00","description":"Erkl\u00e4rung zur Barrierefreiheit - Die Dr.-Ing. Paul Christiani GmbH &amp; Co. KG ist bem\u00fcht, ihren Webshop unter www.christiani.de barrierefrei zug\u00e4nglich z","breadcrumb":{"@id":"https:\/\/www.christiani.de\/cms\/barrierefreiheitserklaerung\/#breadcrumb"},"inLanguage":"de-DE","potentialAction":[{"@type":"ReadAction","target":["https:\/\/www.christiani.de\/cms\/barrierefreiheitserklaerung\/"]}]},{"@type":"BreadcrumbList","@id":"https:\/\/www.christiani.de\/cms\/barrierefreiheitserklaerung\/#breadcrumb","itemListElement":[{"@type":"ListItem","position":1,"name":"christiani.de","item":"https:\/\/www.christiani.de"},{"@type":"ListItem","position":2,"name":"Barrierefreiheitserkl\u00e4rung"}]},{"@type":"WebSite","@id":"https:\/\/www.christiani.de\/cms\/#website","url":"https:\/\/www.christiani.de\/cms\/","name":"Lehr- und Pr\u00fcfungsmaterial f\u00fcr Schule &amp; Ausbildung | Christiani.de","description":"Christiani.de","potentialAction":[{"@type":"SearchAction","target":{"@type":"EntryPoint","urlTemplate":"https:\/\/www.christiani.de\/cms\/?s={search_term_string}"},"query-input":{"@type":"PropertyValueSpecification","valueRequired":true,"valueName":"search_term_string"}}],"inLanguage":"de-DE"}]}},"_links":{"self":[{"href":"https:\/\/www.christiani.de\/cms\/wp-json\/wp\/v2\/pages\/42575"}],"collection":[{"href":"https:\/\/www.christiani.de\/cms\/wp-json\/wp\/v2\/pages"}],"about":[{"href":"https:\/\/www.christiani.de\/cms\/wp-json\/wp\/v2\/types\/page"}],"author":[{"embeddable":true,"href":"https:\/\/www.christiani.de\/cms\/wp-json\/wp\/v2\/users\/13"}],"replies":[{"embeddable":true,"href":"https:\/\/www.christiani.de\/cms\/wp-json\/wp\/v2\/comments?post=42575"}],"version-history":[{"count":12,"href":"https:\/\/www.christiani.de\/cms\/wp-json\/wp\/v2\/pages\/42575\/revisions"}],"predecessor-version":[{"id":42783,"href":"https:\/\/www.christiani.de\/cms\/wp-json\/wp\/v2\/pages\/42575\/revisions\/42783"}],"wp:attachment":[{"href":"https:\/\/www.christiani.de\/cms\/wp-json\/wp\/v2\/media?parent=42575"}],"curies":[{"name":"wp","href":"https:\/\/api.w.org\/{rel}","templated":true}]}}