{"id":39622,"date":"2025-09-11T15:26:06","date_gmt":"2025-09-11T13:26:06","guid":{"rendered":"https:\/\/www.christiani.de\/cms\/?page_id=39622"},"modified":"2025-09-12T09:23:43","modified_gmt":"2025-09-12T07:23:43","slug":"zertifikate","status":"publish","type":"page","link":"https:\/\/www.christiani.de\/cms\/zertifikate\/","title":{"rendered":"Zertifikate"},"content":{"rendered":"<p><div class=\"fusion-fullwidth fullwidth-box fusion-builder-row-1 fusion-flex-container has-pattern-background has-mask-background gradient-container-1 nonhundred-percent-fullwidth non-hundred-percent-height-scrolling\" style=\"--awb-border-radius-top-left:0px;--awb-border-radius-top-right:0px;--awb-border-radius-bottom-right:0px;--awb-border-radius-bottom-left:0px;--awb-flex-wrap:wrap;\" ><div class=\"fusion-builder-row fusion-row fusion-flex-align-items-flex-start fusion-flex-content-wrap\" style=\"max-width:1263.6px;margin-left: calc(-4% \/ 2 );margin-right: calc(-4% \/ 2 );\"><div class=\"fusion-layout-column fusion_builder_column fusion-builder-column-0 fusion_builder_column_1_1 1_1 fusion-flex-column\" style=\"--awb-bg-size:cover;--awb-width-large:100%;--awb-margin-top-large:0px;--awb-spacing-right-large:1.92%;--awb-margin-bottom-large:20px;--awb-spacing-left-large:1.92%;--awb-width-medium:100%;--awb-order-medium:0;--awb-spacing-right-medium:1.92%;--awb-spacing-left-medium:1.92%;--awb-width-small:100%;--awb-order-small:0;--awb-spacing-right-small:1.92%;--awb-spacing-left-small:1.92%;\"><div class=\"fusion-column-wrapper fusion-column-has-shadow fusion-flex-justify-content-flex-start fusion-content-layout-column\"><div class=\"fusion-title title fusion-title-1 fusion-sep-none fusion-title-text fusion-title-size-one\"><h1 class=\"fusion-title-heading title-heading-left\" style=\"margin:0;text-transform:none;\">Unsere Zertifizierungen<\/h1><\/div><div class=\"fusion-title title fusion-title-2 fusion-sep-none fusion-title-text fusion-title-size-two\"><h2 class=\"fusion-title-heading title-heading-left\" style=\"margin:0;text-transform:none;\">ISO 9001:2015<\/h2><\/div><\/div><\/div><div class=\"fusion-layout-column fusion_builder_column fusion-builder-column-1 fusion_builder_column_2_3 2_3 fusion-flex-column\" style=\"--awb-bg-size:cover;--awb-width-large:66.666666666667%;--awb-margin-top-large:0px;--awb-spacing-right-large:2.88%;--awb-margin-bottom-large:20px;--awb-spacing-left-large:2.88%;--awb-width-medium:100%;--awb-order-medium:0;--awb-spacing-right-medium:1.92%;--awb-spacing-left-medium:1.92%;--awb-width-small:100%;--awb-order-small:0;--awb-spacing-right-small:1.92%;--awb-spacing-left-small:1.92%;\"><div class=\"fusion-column-wrapper fusion-column-has-shadow fusion-flex-justify-content-flex-start fusion-content-layout-column\"><div class=\"fusion-text fusion-text-1\"><p>Mit der Zertifizierung unseres Unternehmens <strong>ISO 9001:2015<\/strong> f\u00fcr die Geltungsbereiche<\/p>\n<ul>\n<li>Pr\u00fcfungsservice, Vertrieb von Material f\u00fcr Pr\u00fcfungszwecke<\/li>\n<li>Akademie mit der Konzeptionierung, Vertrieb und Durchf\u00fchrung von Fernlehrg\u00e4ngen, Seminaren und Multimedia-Produkten<\/li>\n<\/ul>\n<p>best\u00e4tigt uns der T\u00dcV Rheinland unseren hohen Qualit\u00e4tsanspruch.<\/p>\n<\/div><\/div><\/div><div class=\"fusion-layout-column fusion_builder_column fusion-builder-column-2 fusion_builder_column_1_3 1_3 fusion-flex-column\" style=\"--awb-bg-size:cover;--awb-width-large:33.333333333333%;--awb-margin-top-large:0px;--awb-spacing-right-large:5.76%;--awb-margin-bottom-large:20px;--awb-spacing-left-large:5.76%;--awb-width-medium:100%;--awb-order-medium:0;--awb-spacing-right-medium:1.92%;--awb-spacing-left-medium:1.92%;--awb-width-small:100%;--awb-order-small:0;--awb-spacing-right-small:1.92%;--awb-spacing-left-small:1.92%;\"><div class=\"fusion-column-wrapper fusion-column-has-shadow fusion-flex-justify-content-flex-start fusion-content-layout-column\"><div class=\"fusion-image-element \" style=\"--awb-caption-title-font-family:var(--h2_typography-font-family);--awb-caption-title-font-weight:var(--h2_typography-font-weight);--awb-caption-title-font-style:var(--h2_typography-font-style);--awb-caption-title-size:var(--h2_typography-font-size);--awb-caption-title-transform:var(--h2_typography-text-transform);--awb-caption-title-line-height:var(--h2_typography-line-height);--awb-caption-title-letter-spacing:var(--h2_typography-letter-spacing);\"><span class=\" fusion-imageframe imageframe-none imageframe-1 hover-type-none\"><a class=\"fusion-no-lightbox\" href=\"https:\/\/www.christiani.de\/cms\/wp-content\/uploads\/2025\/09\/ISO-9001-2015-Zertifikat-gueltig-bis-28.06.2026_de.pdf\" target=\"_blank\" aria-label=\"ISO 9001-2015 Zertifikat\" rel=\"noopener noreferrer\"><img loading=\"lazy\" decoding=\"async\" width=\"212\" height=\"300\" src=\"https:\/\/www.christiani.de\/cms\/wp-content\/uploads\/2025\/09\/ISO-9001-2015-Zertifikat-212x300.jpg\" alt class=\"img-responsive wp-image-39633\" srcset=\"https:\/\/www.christiani.de\/cms\/wp-content\/uploads\/2025\/09\/ISO-9001-2015-Zertifikat-200x283.jpg 200w, https:\/\/www.christiani.de\/cms\/wp-content\/uploads\/2025\/09\/ISO-9001-2015-Zertifikat-400x566.jpg 400w, https:\/\/www.christiani.de\/cms\/wp-content\/uploads\/2025\/09\/ISO-9001-2015-Zertifikat-600x849.jpg 600w, https:\/\/www.christiani.de\/cms\/wp-content\/uploads\/2025\/09\/ISO-9001-2015-Zertifikat-800x1131.jpg 800w, https:\/\/www.christiani.de\/cms\/wp-content\/uploads\/2025\/09\/ISO-9001-2015-Zertifikat.jpg 1190w\" sizes=\"(max-width: 1024px) 100vw, (max-width: 640px) 100vw, 400px\" \/><\/a><\/span><\/div><\/div><\/div><\/div><\/div><div class=\"fusion-fullwidth fullwidth-box fusion-builder-row-2 fusion-flex-container has-pattern-background has-mask-background gradient-container-2 nonhundred-percent-fullwidth non-hundred-percent-height-scrolling\" style=\"--awb-border-radius-top-left:0px;--awb-border-radius-top-right:0px;--awb-border-radius-bottom-right:0px;--awb-border-radius-bottom-left:0px;--awb-flex-wrap:wrap;\" ><div class=\"fusion-builder-row fusion-row fusion-flex-align-items-flex-start fusion-flex-content-wrap\" style=\"max-width:1263.6px;margin-left: calc(-4% \/ 2 );margin-right: calc(-4% \/ 2 );\"><div class=\"fusion-layout-column fusion_builder_column fusion-builder-column-3 fusion_builder_column_1_1 1_1 fusion-flex-column\" style=\"--awb-bg-size:cover;--awb-width-large:100%;--awb-margin-top-large:0px;--awb-spacing-right-large:1.92%;--awb-margin-bottom-large:20px;--awb-spacing-left-large:1.92%;--awb-width-medium:100%;--awb-order-medium:0;--awb-spacing-right-medium:1.92%;--awb-spacing-left-medium:1.92%;--awb-width-small:100%;--awb-order-small:0;--awb-spacing-right-small:1.92%;--awb-spacing-left-small:1.92%;\"><div class=\"fusion-column-wrapper fusion-column-has-shadow fusion-flex-justify-content-flex-start fusion-content-layout-column\"><div class=\"fusion-title title fusion-title-3 fusion-sep-none fusion-title-text fusion-title-size-two\"><h2 class=\"fusion-title-heading title-heading-left\" style=\"margin:0;text-transform:none;\">AZAV<\/h2><\/div><\/div><\/div><div class=\"fusion-layout-column fusion_builder_column fusion-builder-column-4 fusion_builder_column_2_3 2_3 fusion-flex-column\" style=\"--awb-bg-size:cover;--awb-width-large:66.666666666667%;--awb-margin-top-large:0px;--awb-spacing-right-large:2.88%;--awb-margin-bottom-large:20px;--awb-spacing-left-large:2.88%;--awb-width-medium:100%;--awb-order-medium:0;--awb-spacing-right-medium:1.92%;--awb-spacing-left-medium:1.92%;--awb-width-small:100%;--awb-order-small:0;--awb-spacing-right-small:1.92%;--awb-spacing-left-small:1.92%;\"><div class=\"fusion-column-wrapper fusion-column-has-shadow fusion-flex-justify-content-flex-start fusion-content-layout-column\"><div class=\"fusion-text fusion-text-2\"><p>Als zertifizierter Anbieter erf\u00fcllen wir h\u00f6chste Standards gem\u00e4\u00df der Akkreditierungs- und Zulassungsverordnung Arbeitsf\u00f6rderung (<strong>AZAV<\/strong>). Damit sind unsere nach AZAV zertifizierten Ma\u00dfnahmen von Arbeitsagenturen zur F\u00f6rderung zugelassen. Unsere Ma\u00dfnahmen durchlaufen individuelle Zertifizierungsprozesse, um die F\u00f6rderberechtigung sicherzustellen.<\/p>\n<p><a href=\"https:\/\/www.christiani.de\/cms\/gefoerderte-bildung-und-arbeitsmarktfoerderung\/\">Weitere Informationen zu AZAV<\/a><\/p>\n<\/div><\/div><\/div><div class=\"fusion-layout-column fusion_builder_column fusion-builder-column-5 fusion_builder_column_1_3 1_3 fusion-flex-column\" style=\"--awb-bg-size:cover;--awb-width-large:33.333333333333%;--awb-margin-top-large:0px;--awb-spacing-right-large:5.76%;--awb-margin-bottom-large:20px;--awb-spacing-left-large:5.76%;--awb-width-medium:100%;--awb-order-medium:0;--awb-spacing-right-medium:1.92%;--awb-spacing-left-medium:1.92%;--awb-width-small:100%;--awb-order-small:0;--awb-spacing-right-small:1.92%;--awb-spacing-left-small:1.92%;\"><div class=\"fusion-column-wrapper fusion-column-has-shadow fusion-flex-justify-content-flex-start fusion-content-layout-column\"><div class=\"fusion-image-element \" style=\"--awb-caption-title-font-family:var(--h2_typography-font-family);--awb-caption-title-font-weight:var(--h2_typography-font-weight);--awb-caption-title-font-style:var(--h2_typography-font-style);--awb-caption-title-size:var(--h2_typography-font-size);--awb-caption-title-transform:var(--h2_typography-text-transform);--awb-caption-title-line-height:var(--h2_typography-line-height);--awb-caption-title-letter-spacing:var(--h2_typography-letter-spacing);\"><span class=\" fusion-imageframe imageframe-none imageframe-2 hover-type-none\"><a href=\"https:\/\/www.christiani.de\/cms\/wp-content\/uploads\/2025\/09\/GZQ-News-800x-500-300x188.jpg\" class=\"fusion-lightbox\" data-rel=\"iLightbox[f209de3cd7104d294b8]\" data-title=\"GZQ News 800x 500\" title=\"GZQ News 800x 500\"><img loading=\"lazy\" decoding=\"async\" width=\"300\" height=\"188\" src=\"https:\/\/www.christiani.de\/cms\/wp-content\/uploads\/2025\/09\/GZQ-News-800x-500-300x188.jpg\" alt class=\"img-responsive wp-image-39631\" srcset=\"https:\/\/www.christiani.de\/cms\/wp-content\/uploads\/2025\/09\/GZQ-News-800x-500-200x125.jpg 200w, https:\/\/www.christiani.de\/cms\/wp-content\/uploads\/2025\/09\/GZQ-News-800x-500-400x250.jpg 400w, https:\/\/www.christiani.de\/cms\/wp-content\/uploads\/2025\/09\/GZQ-News-800x-500-600x375.jpg 600w, https:\/\/www.christiani.de\/cms\/wp-content\/uploads\/2025\/09\/GZQ-News-800x-500.jpg 800w\" sizes=\"(max-width: 1024px) 100vw, (max-width: 640px) 100vw, 400px\" \/><\/a><\/span><\/div><\/div><\/div><\/div><\/div><div class=\"fusion-fullwidth fullwidth-box fusion-builder-row-3 fusion-flex-container has-pattern-background has-mask-background gradient-container-3 nonhundred-percent-fullwidth non-hundred-percent-height-scrolling\" style=\"--awb-border-radius-top-left:0px;--awb-border-radius-top-right:0px;--awb-border-radius-bottom-right:0px;--awb-border-radius-bottom-left:0px;--awb-flex-wrap:wrap;\" ><div class=\"fusion-builder-row fusion-row fusion-flex-align-items-flex-start fusion-flex-content-wrap\" style=\"max-width:1263.6px;margin-left: calc(-4% \/ 2 );margin-right: calc(-4% \/ 2 );\"><div class=\"fusion-layout-column fusion_builder_column fusion-builder-column-6 fusion_builder_column_1_1 1_1 fusion-flex-column\" style=\"--awb-bg-size:cover;--awb-width-large:100%;--awb-margin-top-large:0px;--awb-spacing-right-large:1.92%;--awb-margin-bottom-large:20px;--awb-spacing-left-large:1.92%;--awb-width-medium:100%;--awb-order-medium:0;--awb-spacing-right-medium:1.92%;--awb-spacing-left-medium:1.92%;--awb-width-small:100%;--awb-order-small:0;--awb-spacing-right-small:1.92%;--awb-spacing-left-small:1.92%;\"><div class=\"fusion-column-wrapper fusion-column-has-shadow fusion-flex-justify-content-flex-start fusion-content-layout-column\"><div class=\"fusion-title title fusion-title-4 fusion-sep-none fusion-title-text fusion-title-size-two\"><h2 class=\"fusion-title-heading title-heading-left\" style=\"margin:0;text-transform:none;\">ZFU<\/h2><\/div><\/div><\/div><div class=\"fusion-layout-column fusion_builder_column fusion-builder-column-7 fusion_builder_column_2_3 2_3 fusion-flex-column\" style=\"--awb-bg-size:cover;--awb-width-large:66.666666666667%;--awb-margin-top-large:0px;--awb-spacing-right-large:2.88%;--awb-margin-bottom-large:20px;--awb-spacing-left-large:2.88%;--awb-width-medium:100%;--awb-order-medium:0;--awb-spacing-right-medium:1.92%;--awb-spacing-left-medium:1.92%;--awb-width-small:100%;--awb-order-small:0;--awb-spacing-right-small:1.92%;--awb-spacing-left-small:1.92%;\"><div class=\"fusion-column-wrapper fusion-column-has-shadow fusion-flex-justify-content-flex-start fusion-content-layout-column\"><div class=\"fusion-text fusion-text-3\"><p>Als zust\u00e4ndige Beh\u00f6rde im Sinne des Fernunterrichtschutzgesetzes (FernUSG) entscheidet die Staatliche Zentralstelle f\u00fcr Fernunterricht u.a. \u00fcber die Zulassung von Fernunterrichtslehrg\u00e4ngen und Fernstudieng\u00e4ngen.<\/p>\n<p>Die ZFU \u00fcberpr\u00fcft, ob ein Lehrgang den Anforderungen des Fernunterrichtsschutzgesetzes entspricht. Das bedeutet, ZFU zugelassene Lehrg\u00e4nge zeichnen sich dadurch aus, dass<\/p>\n<ul>\n<li>sie methodisch\/didaktisch f\u00fcr den Fernunterricht geeignet und die Ziele des Lehrgangs erreichbar sind,<\/li>\n<li>sie mit den Zielen beruflicher Bildung nach dem Berufsbildungsgesetz oder den auf dieser Grundlage ergangenen Rechtsvorschriften \u00fcbereinstimmen,<\/li>\n<li>ihr Vertrag und die Informationsmaterialien den gesetzlichen Anforderungen entsprechen.<\/li>\n<\/ul>\n<\/div><div class=\"fusion-text fusion-text-4\"><p>Diese Christiani Lehrg\u00e4nge sind von der ZFU zugelassen:<\/p>\n<p><a href=\"https:\/\/www.christiani.de\/akademie\/ausbildende-fachkraefte\/lernprozessbegleiter\/lehrgang-lernprozessbegleiter-in.html\"><strong>Lernprozessbegleiter\/-in<\/strong><\/a><\/p>\n<p><a href=\"https:\/\/www.christiani.de\/akademie\/ausbildende-fachkraefte\/aus-und-weiterbildungspaedagoge\/lehrgang-gepruefte-r-aus-und-weiterbildungspaedagoge-in.html\"><strong>Aus- und Weiterbildungsp\u00e4dagoge\/-in<\/strong><\/a><\/p>\n<p><a href=\"https:\/\/www.christiani.de\/akademie\/ausbildende-fachkraefte\/berufspaedagoge\/\"><strong>Berufsp\u00e4dagoge\/-in<\/strong><\/a><\/p>\n<\/div><\/div><\/div><div class=\"fusion-layout-column fusion_builder_column fusion-builder-column-8 fusion_builder_column_1_3 1_3 fusion-flex-column\" style=\"--awb-bg-size:cover;--awb-width-large:33.333333333333%;--awb-margin-top-large:0px;--awb-spacing-right-large:5.76%;--awb-margin-bottom-large:20px;--awb-spacing-left-large:5.76%;--awb-width-medium:100%;--awb-order-medium:0;--awb-spacing-right-medium:1.92%;--awb-spacing-left-medium:1.92%;--awb-width-small:100%;--awb-order-small:0;--awb-spacing-right-small:1.92%;--awb-spacing-left-small:1.92%;\"><div class=\"fusion-column-wrapper fusion-column-has-shadow fusion-flex-justify-content-flex-start fusion-content-layout-column\"><div class=\"fusion-image-element \" style=\"--awb-caption-title-font-family:var(--h2_typography-font-family);--awb-caption-title-font-weight:var(--h2_typography-font-weight);--awb-caption-title-font-style:var(--h2_typography-font-style);--awb-caption-title-size:var(--h2_typography-font-size);--awb-caption-title-transform:var(--h2_typography-text-transform);--awb-caption-title-line-height:var(--h2_typography-line-height);--awb-caption-title-letter-spacing:var(--h2_typography-letter-spacing);\"><span class=\" fusion-imageframe imageframe-none imageframe-3 hover-type-none\"><a class=\"fusion-no-lightbox\" href=\"https:\/\/www.christiani.de\/cms\/wp-content\/uploads\/2025\/09\/zfu_siegel_zug_1_22blau.pdf\" target=\"_blank\" aria-label=\"zfu_siegel_zug_blau_vz\" rel=\"noopener noreferrer\"><img loading=\"lazy\" decoding=\"async\" width=\"300\" height=\"300\" src=\"https:\/\/www.christiani.de\/cms\/wp-content\/uploads\/2025\/09\/zfu_Zulassungszeichen-300-x300.jpg\" alt class=\"img-responsive wp-image-39758\" srcset=\"https:\/\/www.christiani.de\/cms\/wp-content\/uploads\/2025\/09\/zfu_Zulassungszeichen-300-x300-200x200.jpg 200w, https:\/\/www.christiani.de\/cms\/wp-content\/uploads\/2025\/09\/zfu_Zulassungszeichen-300-x300.jpg 300w\" sizes=\"(max-width: 1024px) 100vw, (max-width: 640px) 100vw, 300px\" \/><\/a><\/span><\/div><\/div><\/div><\/div><\/div><\/p>\n","protected":false},"excerpt":{"rendered":"","protected":false},"author":42,"featured_media":0,"parent":0,"menu_order":0,"comment_status":"closed","ping_status":"closed","template":"","meta":{"footnotes":""},"class_list":["post-39622","page","type-page","status-publish","hentry"],"yoast_head":"<!-- This site is optimized with the Yoast SEO plugin v23.4 - https:\/\/yoast.com\/wordpress\/plugins\/seo\/ -->\n<title>Zertifikate - Lehr- und Pr\u00fcfungsmaterial f\u00fcr Schule &amp; Ausbildung | Christiani.de<\/title>\n<meta name=\"description\" content=\"Unsere Zertifizierungen - ISO 9001:2015 - Mit der Zertifizierung unseres Unternehmens ISO 9001:2015 f\u00fcr die Geltungsbereiche - Pr\u00fcfungsservice, Vertrieb vo\" \/>\n<meta name=\"robots\" content=\"index, follow, max-snippet:-1, max-image-preview:large, max-video-preview:-1\" \/>\n<link rel=\"canonical\" href=\"https:\/\/www.christiani.de\/cms\/zertifikate\/\" \/>\n<meta property=\"og:locale\" content=\"de_DE\" \/>\n<meta property=\"og:type\" content=\"article\" \/>\n<meta property=\"og:title\" content=\"Zertifikate - Lehr- und Pr\u00fcfungsmaterial f\u00fcr Schule &amp; Ausbildung | Christiani.de\" \/>\n<meta property=\"og:description\" content=\"Unsere Zertifizierungen - ISO 9001:2015 - Mit der Zertifizierung unseres Unternehmens ISO 9001:2015 f\u00fcr die Geltungsbereiche - Pr\u00fcfungsservice, Vertrieb vo\" \/>\n<meta property=\"og:url\" content=\"https:\/\/www.christiani.de\/cms\/zertifikate\/\" \/>\n<meta property=\"og:site_name\" content=\"Lehr- und Pr\u00fcfungsmaterial f\u00fcr Schule &amp; Ausbildung | Christiani.de\" \/>\n<meta property=\"article:modified_time\" content=\"2025-09-12T07:23:43+00:00\" \/>\n<meta name=\"twitter:card\" content=\"summary_large_image\" \/>\n<meta name=\"twitter:label1\" content=\"Gesch\u00e4tzte Lesezeit\" \/>\n\t<meta name=\"twitter:data1\" content=\"2 Minuten\" \/>\n<script type=\"application\/ld+json\" class=\"yoast-schema-graph\">{\"@context\":\"https:\/\/schema.org\",\"@graph\":[{\"@type\":\"WebPage\",\"@id\":\"https:\/\/www.christiani.de\/cms\/zertifikate\/\",\"url\":\"https:\/\/www.christiani.de\/cms\/zertifikate\/\",\"name\":\"Zertifikate - Lehr- und Pr\u00fcfungsmaterial f\u00fcr Schule &amp; Ausbildung | Christiani.de\",\"isPartOf\":{\"@id\":\"https:\/\/www.christiani.de\/cms\/#website\"},\"datePublished\":\"2025-09-11T13:26:06+00:00\",\"dateModified\":\"2025-09-12T07:23:43+00:00\",\"description\":\"Unsere Zertifizierungen - ISO 9001:2015 - Mit der Zertifizierung unseres Unternehmens ISO 9001:2015 f\u00fcr die Geltungsbereiche - Pr\u00fcfungsservice, Vertrieb vo\",\"breadcrumb\":{\"@id\":\"https:\/\/www.christiani.de\/cms\/zertifikate\/#breadcrumb\"},\"inLanguage\":\"de-DE\",\"potentialAction\":[{\"@type\":\"ReadAction\",\"target\":[\"https:\/\/www.christiani.de\/cms\/zertifikate\/\"]}]},{\"@type\":\"BreadcrumbList\",\"@id\":\"https:\/\/www.christiani.de\/cms\/zertifikate\/#breadcrumb\",\"itemListElement\":[{\"@type\":\"ListItem\",\"position\":1,\"name\":\"christiani.de\",\"item\":\"https:\/\/www.christiani.de\"},{\"@type\":\"ListItem\",\"position\":2,\"name\":\"Zertifikate\"}]},{\"@type\":\"WebSite\",\"@id\":\"https:\/\/www.christiani.de\/cms\/#website\",\"url\":\"https:\/\/www.christiani.de\/cms\/\",\"name\":\"Lehr- und Pr\u00fcfungsmaterial f\u00fcr Schule &amp; Ausbildung | Christiani.de\",\"description\":\"Christiani.de\",\"potentialAction\":[{\"@type\":\"SearchAction\",\"target\":{\"@type\":\"EntryPoint\",\"urlTemplate\":\"https:\/\/www.christiani.de\/cms\/?s={search_term_string}\"},\"query-input\":{\"@type\":\"PropertyValueSpecification\",\"valueRequired\":true,\"valueName\":\"search_term_string\"}}],\"inLanguage\":\"de-DE\"}]}<\/script>\n<!-- \/ Yoast SEO plugin. -->","yoast_head_json":{"title":"Zertifikate - Lehr- und Pr\u00fcfungsmaterial f\u00fcr Schule &amp; Ausbildung | Christiani.de","description":"Unsere Zertifizierungen - ISO 9001:2015 - Mit der Zertifizierung unseres Unternehmens ISO 9001:2015 f\u00fcr die Geltungsbereiche - Pr\u00fcfungsservice, Vertrieb vo","robots":{"index":"index","follow":"follow","max-snippet":"max-snippet:-1","max-image-preview":"max-image-preview:large","max-video-preview":"max-video-preview:-1"},"canonical":"https:\/\/www.christiani.de\/cms\/zertifikate\/","og_locale":"de_DE","og_type":"article","og_title":"Zertifikate - Lehr- und Pr\u00fcfungsmaterial f\u00fcr Schule &amp; Ausbildung | Christiani.de","og_description":"Unsere Zertifizierungen - ISO 9001:2015 - Mit der Zertifizierung unseres Unternehmens ISO 9001:2015 f\u00fcr die Geltungsbereiche - Pr\u00fcfungsservice, Vertrieb vo","og_url":"https:\/\/www.christiani.de\/cms\/zertifikate\/","og_site_name":"Lehr- und Pr\u00fcfungsmaterial f\u00fcr Schule &amp; Ausbildung | Christiani.de","article_modified_time":"2025-09-12T07:23:43+00:00","twitter_card":"summary_large_image","twitter_misc":{"Gesch\u00e4tzte Lesezeit":"2 Minuten"},"schema":{"@context":"https:\/\/schema.org","@graph":[{"@type":"WebPage","@id":"https:\/\/www.christiani.de\/cms\/zertifikate\/","url":"https:\/\/www.christiani.de\/cms\/zertifikate\/","name":"Zertifikate - Lehr- und Pr\u00fcfungsmaterial f\u00fcr Schule &amp; Ausbildung | Christiani.de","isPartOf":{"@id":"https:\/\/www.christiani.de\/cms\/#website"},"datePublished":"2025-09-11T13:26:06+00:00","dateModified":"2025-09-12T07:23:43+00:00","description":"Unsere Zertifizierungen - ISO 9001:2015 - Mit der Zertifizierung unseres Unternehmens ISO 9001:2015 f\u00fcr die Geltungsbereiche - Pr\u00fcfungsservice, Vertrieb vo","breadcrumb":{"@id":"https:\/\/www.christiani.de\/cms\/zertifikate\/#breadcrumb"},"inLanguage":"de-DE","potentialAction":[{"@type":"ReadAction","target":["https:\/\/www.christiani.de\/cms\/zertifikate\/"]}]},{"@type":"BreadcrumbList","@id":"https:\/\/www.christiani.de\/cms\/zertifikate\/#breadcrumb","itemListElement":[{"@type":"ListItem","position":1,"name":"christiani.de","item":"https:\/\/www.christiani.de"},{"@type":"ListItem","position":2,"name":"Zertifikate"}]},{"@type":"WebSite","@id":"https:\/\/www.christiani.de\/cms\/#website","url":"https:\/\/www.christiani.de\/cms\/","name":"Lehr- und Pr\u00fcfungsmaterial f\u00fcr Schule &amp; Ausbildung | Christiani.de","description":"Christiani.de","potentialAction":[{"@type":"SearchAction","target":{"@type":"EntryPoint","urlTemplate":"https:\/\/www.christiani.de\/cms\/?s={search_term_string}"},"query-input":{"@type":"PropertyValueSpecification","valueRequired":true,"valueName":"search_term_string"}}],"inLanguage":"de-DE"}]}},"_links":{"self":[{"href":"https:\/\/www.christiani.de\/cms\/wp-json\/wp\/v2\/pages\/39622"}],"collection":[{"href":"https:\/\/www.christiani.de\/cms\/wp-json\/wp\/v2\/pages"}],"about":[{"href":"https:\/\/www.christiani.de\/cms\/wp-json\/wp\/v2\/types\/page"}],"author":[{"embeddable":true,"href":"https:\/\/www.christiani.de\/cms\/wp-json\/wp\/v2\/users\/42"}],"replies":[{"embeddable":true,"href":"https:\/\/www.christiani.de\/cms\/wp-json\/wp\/v2\/comments?post=39622"}],"version-history":[{"count":15,"href":"https:\/\/www.christiani.de\/cms\/wp-json\/wp\/v2\/pages\/39622\/revisions"}],"predecessor-version":[{"id":39760,"href":"https:\/\/www.christiani.de\/cms\/wp-json\/wp\/v2\/pages\/39622\/revisions\/39760"}],"wp:attachment":[{"href":"https:\/\/www.christiani.de\/cms\/wp-json\/wp\/v2\/media?parent=39622"}],"curies":[{"name":"wp","href":"https:\/\/api.w.org\/{rel}","templated":true}]}}