{"id":3817,"date":"2020-06-02T07:33:35","date_gmt":"2020-06-02T05:33:35","guid":{"rendered":"https:\/\/www.christiani.de\/cms\/?page_id=3817"},"modified":"2025-09-24T13:36:54","modified_gmt":"2025-09-24T11:36:54","slug":"foerdermoeglichkeiten","status":"publish","type":"page","link":"https:\/\/www.christiani.de\/cms\/foerdermoeglichkeiten\/","title":{"rendered":"F\u00f6rderm\u00f6glichkeiten"},"content":{"rendered":"<p><div class=\"fusion-fullwidth fullwidth-box fusion-builder-row-1 gradient-container-1 nonhundred-percent-fullwidth non-hundred-percent-height-scrolling\" style=\"--awb-border-radius-top-left:0px;--awb-border-radius-top-right:0px;--awb-border-radius-bottom-right:0px;--awb-border-radius-bottom-left:0px;--awb-margin-top:20px;--awb-flex-wrap:wrap;\" ><div class=\"fusion-builder-row fusion-row\"><div class=\"fusion-layout-column fusion_builder_column fusion-builder-column-0 fusion_builder_column_1_1 1_1 fusion-one-full fusion-column-first fusion-column-last\" style=\"--awb-bg-size:cover;\"><div class=\"fusion-column-wrapper fusion-column-has-shadow fusion-flex-column-wrapper-legacy\"><div class=\"fusion-title title fusion-title-1 fusion-sep-none fusion-title-text fusion-title-size-one text-align-xs-left\" style=\"--awb-text-color:#000000;\"><h1 class=\"fusion-title-heading title-heading-left\" style=\"margin:0;text-transform:none;\">F\u00f6rderm\u00f6glichkeiten f\u00fcr Weiterbildung<\/h1><\/div><div class=\"fusion-text fusion-text-1 text-align-xs-left\"><p>Sie m\u00f6chten sich beruflich weiterbilden? Dann sollten Sie alle M\u00f6glichkeiten aussch\u00f6pfen, um sich Ihre Weiterbildung f\u00f6rdern zu lassen. So sorgen sie daf\u00fcr, dass sich Ihre Weiterbildung von Anfang an auszahlt.<\/p>\n<\/div><div class=\"fusion-clearfix\"><\/div><\/div><\/div><\/div><\/div><div class=\"fusion-fullwidth fullwidth-box fusion-builder-row-2 gradient-container-2 nonhundred-percent-fullwidth non-hundred-percent-height-scrolling\" style=\"--awb-border-radius-top-left:0px;--awb-border-radius-top-right:0px;--awb-border-radius-bottom-right:0px;--awb-border-radius-bottom-left:0px;--awb-flex-wrap:wrap;\" ><div class=\"fusion-builder-row fusion-row\"><div class=\"fusion-layout-column fusion_builder_column fusion-builder-column-1 fusion_builder_column_1_1 1_1 fusion-one-full fusion-column-first fusion-column-last\" style=\"--awb-bg-size:cover;\"><div class=\"fusion-column-wrapper fusion-column-has-shadow fusion-flex-column-wrapper-legacy\"><div class=\"fusion-text fusion-text-2\" style=\"--awb-text-transform:none;\"><h2>F\u00f6rderm\u00f6glichkeiten bei der Weiterbildung nutzen<\/h2>\n<h3>Erstattung von bis zu 64 % der Kosten m\u00f6glich<\/h3>\n<p>Weiterbildungsma\u00dfnahmen werden nach dem Aufstiegsfortbildungsf\u00f6rderungsgesetz (AFBG) unter bestimmten Voraussetzungen gro\u00dfz\u00fcgig vom Bund gef\u00f6rdert.<\/p>\n<p>Mit dem Aufstiegs-Baf\u00f6g erzielen Sie beispielsweise eine Ersparnis der Lehrgangsgeb\u00fchren von bis zu 64 % \u2013 unabh\u00e4ngig von Ihren Einkommens- und Verm\u00f6gensverh\u00e4ltnissen. In einigen Bundesl\u00e4ndern erhalten Sie weitere F\u00f6rderungen noch dazu!<\/p>\n<p>Bei Fragen helfen wir Ihnen gerne weiter.<\/p>\n<\/div><div class=\"fusion-clearfix\"><\/div><\/div><\/div><\/div><\/div><div class=\"fusion-fullwidth fullwidth-box fusion-builder-row-3 gradient-container-3 nonhundred-percent-fullwidth non-hundred-percent-height-scrolling\" style=\"--awb-border-radius-top-left:0px;--awb-border-radius-top-right:0px;--awb-border-radius-bottom-right:0px;--awb-border-radius-bottom-left:0px;--awb-flex-wrap:wrap;\" ><div class=\"fusion-builder-row fusion-row\"><div class=\"fusion-layout-column fusion_builder_column fusion-builder-column-2 fusion_builder_column_1_1 1_1 fusion-one-full fusion-column-first fusion-column-last calculate-example\" style=\"--awb-padding-top:15px;--awb-padding-right:15px;--awb-padding-bottom:15px;--awb-padding-left:15px;--awb-bg-image:url(&#039;https:\/\/www.christiani.de\/cms\/wp-content\/uploads\/2020\/07\/foerdermoeglichkeiten-christiani-rechnung.jpg&#039;);--awb-bg-position:center center;--awb-bg-size:cover;\" id=\"calculate-example\"><div class=\"fusion-column-wrapper fusion-column-has-shadow fusion-flex-column-wrapper-legacy fusion-column-has-bg-image\" data-bg-url=\"https:\/\/www.christiani.de\/cms\/wp-content\/uploads\/2020\/07\/foerdermoeglichkeiten-christiani-rechnung.jpg\"><div class=\"fusion-text fusion-text-3\"><p><strong>Beispielrechnung<\/strong><\/p>\n<p>Aufstiegs-Baf\u00f6g f\u00fcr den Lehrgang Gepr\u00fcfte\/-r Berufsp\u00e4dagoge\/-in:<\/p>\n<div class=\"row\">\n<div class=\"col-xs-6 col-sm-3\">Lehrgangskosten:<\/div>\n<div class=\"col-xs-6 col-sm-9\">4.290,- \u20ac<\/div>\n<div class=\"col-xs-6 col-sm-3\">Zuschuss:<\/div>\n<div class=\"col-xs-6 col-sm-9\">1.716,- \u20ac (40% F\u00f6rderung Aufstiegs-Baf\u00f6g)<\/div>\n<div class=\"col-xs-6 col-sm-3\">Darlehensbetrag:<\/div>\n<div class=\"col-xs-6 col-sm-9\">2.574,- \u20ac<\/div>\n<div class=\"col-xs-6 col-sm-3\">Erlass bei Bestehen:<\/div>\n<div class=\"col-xs-6 col-sm-9\">1.029,- \u20ac (40% vom Darlehen, nach Bestehen der Pr\u00fcfung)<\/div>\n<div class=\"col-xs-6 col-sm-3\">Restlicher Darlehensbetrag:<\/div>\n<div class=\"col-xs-6 col-sm-9\"><span style=\"border-bottom: 3px double;border-top: 1px solid\">1.544,- \u20ac<\/span><\/div>\n<\/div>\n<div class=\"spacer-30\"><\/div>\n<div class=\"row\">\n<div class=\"col-sm-6 col-xs-12\">\n<div class=\"grey-box\" style=\"padding: 10px\"><strong>Gesamt: 64 % F\u00f6rderung, das entspricht einer Reduzierung von 2.746,- \u20ac*<\/strong><\/div>\n<\/div>\n<\/div>\n<div class=\"spacer-10\"><\/div>\n<div class=\"font-12 col-xs-12\">*Pr\u00fcfungsgeb\u00fchren nicht inbegriffen<\/div>\n<\/div><div class=\"fusion-clearfix\"><\/div><\/div><\/div><\/div><\/div><div class=\"fusion-fullwidth fullwidth-box fusion-builder-row-4 gradient-container-4 nonhundred-percent-fullwidth non-hundred-percent-height-scrolling\" style=\"--awb-border-radius-top-left:0px;--awb-border-radius-top-right:0px;--awb-border-radius-bottom-right:0px;--awb-border-radius-bottom-left:0px;--awb-flex-wrap:wrap;\" ><div class=\"fusion-builder-row fusion-row\"><div class=\"fusion-layout-column fusion_builder_column fusion-builder-column-3 fusion_builder_column_1_1 1_1 fusion-one-full fusion-column-first fusion-column-last\" style=\"--awb-bg-size:cover;\"><div class=\"fusion-column-wrapper fusion-column-has-shadow fusion-flex-column-wrapper-legacy\"><div class=\"fusion-text fusion-text-4\" style=\"--awb-text-transform:none;\"><div>Dies ist eine unverbindliche Beispielrechnung. Bitte beachten Sie, dass f\u00fcr die H\u00f6he der F\u00f6rderung bestimmte pers\u00f6nliche Voraussetzungen gegeben sein m\u00fcssen. N\u00e4heres erfahren Sie bei dem f\u00fcr Sie zust\u00e4ndigen Amt.<\/div>\n<div class=\"spacer-30\"><\/div>\n<\/div><div class=\"fusion-clearfix\"><\/div><\/div><\/div><\/div><\/div><div class=\"fusion-fullwidth fullwidth-box fusion-builder-row-5 gradient-container-5 nonhundred-percent-fullwidth non-hundred-percent-height-scrolling\" style=\"--awb-border-radius-top-left:0px;--awb-border-radius-top-right:0px;--awb-border-radius-bottom-right:0px;--awb-border-radius-bottom-left:0px;--awb-flex-wrap:wrap;\" ><div class=\"fusion-builder-row fusion-row\"><div class=\"fusion-layout-column fusion_builder_column fusion-builder-column-4 fusion_builder_column_1_1 1_1 fusion-one-full fusion-column-first fusion-column-last\" style=\"--awb-bg-size:cover;\"><div class=\"fusion-column-wrapper fusion-column-has-shadow fusion-flex-column-wrapper-legacy\"><div class=\"fusion-text fusion-text-5\" style=\"--awb-text-transform:none;\"><h2 class=\"spacer-30\">F\u00f6rderungsf\u00e4hige Lehrg\u00e4nge von Christiani<\/h2>\n<div class=\"spacer-30\">\n<p><a href=\"\/akademie\/ausbildende-fachkraefte\/aus-und-weiterbildungspaedagoge\/\" target=\"_self\" rel=\"noopener noreferrer\">\u00a0Gepr\u00fcfte\/-r Aus- und Weiterbildungsp\u00e4dagoge\/-in<\/a><br \/>\n<a href=\"\/akademie\/ausbildende-fachkraefte\/berufspaedagoge\/\" target=\"_self\" rel=\"noopener noreferrer\">\u00a0Gepr\u00fcfte\/-r Berufsp\u00e4dagoge\/-in<\/a><\/p>\n<\/div>\n<div><\/div>\n<\/div><div class=\"fusion-clearfix\"><\/div><\/div><\/div><\/div><\/div><div class=\"fusion-fullwidth fullwidth-box fusion-builder-row-6 gradient-container-6 nonhundred-percent-fullwidth non-hundred-percent-height-scrolling\" style=\"--awb-border-radius-top-left:0px;--awb-border-radius-top-right:0px;--awb-border-radius-bottom-right:0px;--awb-border-radius-bottom-left:0px;--awb-margin-top:30px;--awb-flex-wrap:wrap;\" ><div class=\"fusion-builder-row fusion-row\"><div class=\"fusion-layout-column fusion_builder_column fusion-builder-column-5 fusion_builder_column_1_1 1_1 fusion-one-full fusion-column-first fusion-column-last\" style=\"--awb-bg-size:cover;\"><div class=\"fusion-column-wrapper fusion-column-has-shadow fusion-flex-column-wrapper-legacy\"><div class=\"fusion-text fusion-text-6\" style=\"--awb-text-transform:none;\"><div class=\"spacer-30\"><\/div>\n<h2>F\u00f6rderung durch den Arbeitgeber<\/h2>\n<div class=\"spacer-10\"><\/div>\n<p>Gut ausgebildete Fachkr\u00e4fte mit zus\u00e4tzlichem Spezialwissen sind heute in der Industrie gefragt. Auch Arbeitgeber sehen die Weiterbildung ihrer Mitarbeiter\/-innen zunehmend als Investition, an der sie sich gerne beteiligen. Viele Unternehmen unterst\u00fctzen gerade das berufsbegleitende Fernstudium, indem sie die Lehrgangskosten \u00fcbernehmen oder sich daran beteiligen. Sprechen Sie ihre\/-n Vorgesetzte\/-n an und stellen Sie dar, dass auch das Unternehmen von Ihrer Fortbildungsma\u00dfnahme profitiert!<\/p>\n<div class=\"spacer-30\"><\/div>\n<h2>L\u00e4nderspezifische F\u00f6rderung<\/h2>\n<div class=\"spacer-10\"><\/div>\n<p>In den Bundesl\u00e4ndern bestehen zum Teil unterschiedliche F\u00f6rderm\u00f6glichkeiten. Fernlehrg\u00e4nge sind in der Regel f\u00f6rderf\u00e4hig. Bitte informieren Sie sich bei dem f\u00fcr Sie zust\u00e4ndigen Amt. Wichtige Informationen und einen F\u00f6rderungsrechner finden Sie auf der folgenden Internetseite.<\/p>\n<ul>\n<li><a href=\"https:\/\/www.aufstiegs-bafoeg.de\/aufstiegsbafoeg\/de\/home\/home_node.html\">Aufstiegs-Baf\u00f6g<\/a><\/li>\n<\/ul>\n<div class=\"spacer-30\"><\/div>\n<div class=\"spacer-30\"><\/div>\n<h2>Christiani-F\u00f6rderung<\/h2>\n<div class=\"spacer-10\"><\/div>\n<p>Um berufliche Weiterbildung auch den Menschen zu erm\u00f6glichen, deren finanzielle Mittel begrenzt sind, gew\u00e4hren wir bei Vorlage einer entsprechenden Bescheinigung eine Erm\u00e4\u00dfigung der Lehrgangsgeb\u00fchren in H\u00f6he von 10 %. Diesen Nachlass erhalten Auszubildende, Studierende, Arbeitslose und Schwerbehinderte.<\/p>\n<p>Einen Rabatt von 10% erhalten alle ehemaligen Teilnehmer\/-innen auf jeden folgenden Lehrgang sowie Mitglieder des Bundesverbandes der Berufsausbilder. Gerne stellen wir f\u00fcr Ihr Unternehmen auch ein individuelles Angebot zusammen, wenn Sie mehrere Mitarbeiter\/-innen durch unsere Weiterbildungskurse qualifizieren m\u00f6chten.<\/p>\n<p>Wir beraten Sie gerne pers\u00f6nlich.<\/p>\n<div class=\"spacer-30\"><\/div>\n<h2>Steuern sparen<\/h2>\n<div class=\"spacer-10\"><\/div>\n<p>Ausgaben f\u00fcr die Teilnahme an Weiterbildungskursen der Christiani Akademie k\u00f6nnen Sie zu 100 % als Werbungskosten absetzen. Voraussetzung hierf\u00fcr ist ein konkreter beruflicher Nutzen der Bildungsma\u00dfnahme. Die Kosten k\u00f6nnen bei Eink\u00fcnften aus nichtselbstst\u00e4ndiger T\u00e4tigkeit als Werbungskosten abgezogen werden. Selbstst\u00e4ndige und Gewerbetreibende k\u00f6nnen Sie die Lehrgangskosten als Betriebskosten geltend machen. F\u00fcr n\u00e4here Ausk\u00fcnfte dazu wenden Sie sich bitte an Ihr zust\u00e4ndiges Finanzamt oder an einen Steuerberater.<\/p>\n<\/div><div class=\"fusion-clearfix\"><\/div><\/div><\/div><\/div><\/div><div class=\"fusion-fullwidth fullwidth-box fusion-builder-row-7 full-width-adviser-block no-padding-xs gradient-container-7 nonhundred-percent-fullwidth non-hundred-percent-height-scrolling fusion-equal-height-columns\" style=\"--awb-border-radius-top-left:0px;--awb-border-radius-top-right:0px;--awb-border-radius-bottom-right:0px;--awb-border-radius-bottom-left:0px;--awb-padding-top:25px;--awb-padding-right:25px;--awb-padding-bottom:25px;--awb-padding-left:25px;--awb-margin-bottom:35px;--awb-background-color:#e4e4e4;--awb-flex-wrap:wrap;\" ><div class=\"fusion-builder-row fusion-row\"><div class=\"fusion-layout-column fusion_builder_column fusion-builder-column-6 fusion_builder_column_3_5 3_5 fusion-three-fifth fusion-column-first advisor-left-block\" style=\"--awb-bg-size:cover;--awb-margin-bottom:0px;width:60%;width:calc(60% - ( ( 4% ) * 0.6 ) );margin-right: 4%;\"><div class=\"fusion-column-wrapper fusion-column-has-shadow fusion-flex-column-wrapper-legacy\"><div class=\"fusion-column-content-centered\"><div class=\"fusion-column-content\"><div class=\"fusion-text fusion-text-7\" style=\"--awb-text-transform:none;\"><p>Gerne beraten wir Sie pers\u00f6nlich.<\/p>\n<\/div><\/div><\/div><div class=\"fusion-clearfix\"><\/div><\/div><\/div><div class=\"fusion-layout-column fusion_builder_column fusion-builder-column-7 fusion_builder_column_2_5 2_5 fusion-two-fifth fusion-column-last advisor-right-block\" style=\"--awb-bg-color:#005ba8;--awb-bg-color-hover:#005ba8;--awb-bg-size:cover;--awb-margin-bottom:0px;width:40%;width:calc(40% - ( ( 4% ) * 0.4 ) );\"><div class=\"fusion-column-wrapper fusion-column-has-shadow fusion-flex-column-wrapper-legacy\"><div class=\"fusion-column-content-centered\"><div class=\"fusion-column-content\"><div class=\"fusion-builder-row fusion-builder-row-inner fusion-row\"><div class=\"fusion-layout-column fusion_builder_column_inner fusion-builder-nested-column-0 fusion_builder_column_inner_2_5 2_5 fusion-two-fifth fusion-column-first\" style=\"--awb-bg-size:cover;width:40%;width:calc(40% - ( ( 4% ) * 0.4 ) );margin-right: 4%;\"><div class=\"fusion-column-wrapper fusion-column-has-shadow fusion-flex-column-wrapper-legacy\"><div class=\"fusion-column-content-centered\"><div class=\"fusion-column-content\"><div class=\"fusion-image-element in-legacy-container\" style=\"--awb-caption-title-font-family:var(--h2_typography-font-family);--awb-caption-title-font-weight:var(--h2_typography-font-weight);--awb-caption-title-font-style:var(--h2_typography-font-style);--awb-caption-title-size:var(--h2_typography-font-size);--awb-caption-title-transform:var(--h2_typography-text-transform);--awb-caption-title-line-height:var(--h2_typography-line-height);--awb-caption-title-letter-spacing:var(--h2_typography-letter-spacing);\"><span class=\" fusion-imageframe imageframe-none imageframe-1 hover-type-none\"><img loading=\"lazy\" decoding=\"async\" width=\"176\" height=\"220\" alt=\"Corina Bieser Kundenberaterin Weiterbildung\" title=\"Corina Cieser\" src=\"https:\/\/www.christiani.de\/cms\/wp-content\/uploads\/2019\/09\/zagorowski.jpg\" class=\"img-responsive wp-image-934\"\/><\/span><\/div><\/div><\/div><div class=\"fusion-clearfix\"><\/div><\/div><\/div><div class=\"fusion-layout-column fusion_builder_column_inner fusion-builder-nested-column-1 fusion_builder_column_inner_3_5 3_5 fusion-three-fifth fusion-column-last\" style=\"--awb-padding-top:5px;--awb-padding-right:10px;--awb-padding-bottom:5px;--awb-padding-left:5px;--awb-bg-color:#005ba8;--awb-bg-color-hover:#005ba8;--awb-bg-size:cover;width:60%;width:calc(60% - ( ( 4% ) * 0.6 ) );\"><div class=\"fusion-column-wrapper fusion-column-has-shadow fusion-flex-column-wrapper-legacy\"><div class=\"fusion-column-content-centered\"><div class=\"fusion-column-content\"><div class=\"fusion-text fusion-text-8\"><p><span style=\"color: #ffffff\">Corina Bieser<\/span><br \/>\n<span style=\"color: #ffffff\">Tel. +49 7531 5801-140<\/span><\/p>\n<p><a style=\"color: #ffffff\" href=\"mailto:akademie-kundenberater@christiani.de\">akademie-kundenberater@christiani.de<\/a><\/p>\n<\/div><\/div><\/div><div class=\"fusion-clearfix\"><\/div><\/div><\/div><\/div><\/div><\/div><div class=\"fusion-clearfix\"><\/div><\/div><\/div><\/div><\/div><\/p>\n","protected":false},"excerpt":{"rendered":"","protected":false},"author":21,"featured_media":0,"parent":0,"menu_order":0,"comment_status":"closed","ping_status":"closed","template":"","meta":{"footnotes":""},"class_list":["post-3817","page","type-page","status-publish","hentry"],"yoast_head":"<!-- This site is optimized with the Yoast SEO plugin v23.4 - https:\/\/yoast.com\/wordpress\/plugins\/seo\/ -->\n<title>F\u00f6rderm\u00f6glichkeiten - Lehr- und Pr\u00fcfungsmaterial f\u00fcr Schule &amp; Ausbildung | Christiani.de<\/title>\n<meta name=\"description\" content=\"MINT-F\u00e4cher - LEGO\u00ae Education Lehrerfortbildung. Schule, lego\u00ae, education, mint-f\u00e4cher, lehrerfortbildung\" \/>\n<meta name=\"robots\" content=\"index, follow, max-snippet:-1, max-image-preview:large, max-video-preview:-1\" \/>\n<link rel=\"canonical\" href=\"https:\/\/www.christiani.de\/cms\/foerdermoeglichkeiten\/\" \/>\n<meta property=\"og:locale\" content=\"de_DE\" \/>\n<meta property=\"og:type\" content=\"article\" \/>\n<meta property=\"og:title\" content=\"F\u00f6rderm\u00f6glichkeiten - Lehr- und Pr\u00fcfungsmaterial f\u00fcr Schule &amp; Ausbildung | Christiani.de\" \/>\n<meta property=\"og:description\" content=\"MINT-F\u00e4cher - LEGO\u00ae Education Lehrerfortbildung. Schule, lego\u00ae, education, mint-f\u00e4cher, lehrerfortbildung\" \/>\n<meta property=\"og:url\" content=\"https:\/\/www.christiani.de\/cms\/foerdermoeglichkeiten\/\" \/>\n<meta property=\"og:site_name\" content=\"Lehr- und Pr\u00fcfungsmaterial f\u00fcr Schule &amp; Ausbildung | Christiani.de\" \/>\n<meta property=\"article:modified_time\" content=\"2025-09-24T11:36:54+00:00\" \/>\n<meta name=\"twitter:card\" content=\"summary_large_image\" \/>\n<meta name=\"twitter:label1\" content=\"Gesch\u00e4tzte Lesezeit\" \/>\n\t<meta name=\"twitter:data1\" content=\"3 Minuten\" \/>\n<script type=\"application\/ld+json\" class=\"yoast-schema-graph\">{\"@context\":\"https:\/\/schema.org\",\"@graph\":[{\"@type\":\"WebPage\",\"@id\":\"https:\/\/www.christiani.de\/cms\/foerdermoeglichkeiten\/\",\"url\":\"https:\/\/www.christiani.de\/cms\/foerdermoeglichkeiten\/\",\"name\":\"F\u00f6rderm\u00f6glichkeiten - Lehr- und Pr\u00fcfungsmaterial f\u00fcr Schule &amp; Ausbildung | Christiani.de\",\"isPartOf\":{\"@id\":\"https:\/\/www.christiani.de\/cms\/#website\"},\"datePublished\":\"2020-06-02T05:33:35+00:00\",\"dateModified\":\"2025-09-24T11:36:54+00:00\",\"description\":\"MINT-F\u00e4cher - LEGO\u00ae Education Lehrerfortbildung. Schule, lego\u00ae, education, mint-f\u00e4cher, lehrerfortbildung\",\"breadcrumb\":{\"@id\":\"https:\/\/www.christiani.de\/cms\/foerdermoeglichkeiten\/#breadcrumb\"},\"inLanguage\":\"de-DE\",\"potentialAction\":[{\"@type\":\"ReadAction\",\"target\":[\"https:\/\/www.christiani.de\/cms\/foerdermoeglichkeiten\/\"]}]},{\"@type\":\"BreadcrumbList\",\"@id\":\"https:\/\/www.christiani.de\/cms\/foerdermoeglichkeiten\/#breadcrumb\",\"itemListElement\":[{\"@type\":\"ListItem\",\"position\":1,\"name\":\"christiani.de\",\"item\":\"https:\/\/www.christiani.de\"},{\"@type\":\"ListItem\",\"position\":2,\"name\":\"F\u00f6rderm\u00f6glichkeiten\"}]},{\"@type\":\"WebSite\",\"@id\":\"https:\/\/www.christiani.de\/cms\/#website\",\"url\":\"https:\/\/www.christiani.de\/cms\/\",\"name\":\"Lehr- und Pr\u00fcfungsmaterial f\u00fcr Schule &amp; Ausbildung | Christiani.de\",\"description\":\"Christiani.de\",\"potentialAction\":[{\"@type\":\"SearchAction\",\"target\":{\"@type\":\"EntryPoint\",\"urlTemplate\":\"https:\/\/www.christiani.de\/cms\/?s={search_term_string}\"},\"query-input\":{\"@type\":\"PropertyValueSpecification\",\"valueRequired\":true,\"valueName\":\"search_term_string\"}}],\"inLanguage\":\"de-DE\"}]}<\/script>\n<!-- \/ Yoast SEO plugin. -->","yoast_head_json":{"title":"F\u00f6rderm\u00f6glichkeiten - Lehr- und Pr\u00fcfungsmaterial f\u00fcr Schule &amp; Ausbildung | Christiani.de","description":"MINT-F\u00e4cher - LEGO\u00ae Education Lehrerfortbildung. Schule, lego\u00ae, education, mint-f\u00e4cher, lehrerfortbildung","robots":{"index":"index","follow":"follow","max-snippet":"max-snippet:-1","max-image-preview":"max-image-preview:large","max-video-preview":"max-video-preview:-1"},"canonical":"https:\/\/www.christiani.de\/cms\/foerdermoeglichkeiten\/","og_locale":"de_DE","og_type":"article","og_title":"F\u00f6rderm\u00f6glichkeiten - Lehr- und Pr\u00fcfungsmaterial f\u00fcr Schule &amp; Ausbildung | Christiani.de","og_description":"MINT-F\u00e4cher - LEGO\u00ae Education Lehrerfortbildung. Schule, lego\u00ae, education, mint-f\u00e4cher, lehrerfortbildung","og_url":"https:\/\/www.christiani.de\/cms\/foerdermoeglichkeiten\/","og_site_name":"Lehr- und Pr\u00fcfungsmaterial f\u00fcr Schule &amp; Ausbildung | Christiani.de","article_modified_time":"2025-09-24T11:36:54+00:00","twitter_card":"summary_large_image","twitter_misc":{"Gesch\u00e4tzte Lesezeit":"3 Minuten"},"schema":{"@context":"https:\/\/schema.org","@graph":[{"@type":"WebPage","@id":"https:\/\/www.christiani.de\/cms\/foerdermoeglichkeiten\/","url":"https:\/\/www.christiani.de\/cms\/foerdermoeglichkeiten\/","name":"F\u00f6rderm\u00f6glichkeiten - Lehr- und Pr\u00fcfungsmaterial f\u00fcr Schule &amp; Ausbildung | Christiani.de","isPartOf":{"@id":"https:\/\/www.christiani.de\/cms\/#website"},"datePublished":"2020-06-02T05:33:35+00:00","dateModified":"2025-09-24T11:36:54+00:00","description":"MINT-F\u00e4cher - LEGO\u00ae Education Lehrerfortbildung. Schule, lego\u00ae, education, mint-f\u00e4cher, lehrerfortbildung","breadcrumb":{"@id":"https:\/\/www.christiani.de\/cms\/foerdermoeglichkeiten\/#breadcrumb"},"inLanguage":"de-DE","potentialAction":[{"@type":"ReadAction","target":["https:\/\/www.christiani.de\/cms\/foerdermoeglichkeiten\/"]}]},{"@type":"BreadcrumbList","@id":"https:\/\/www.christiani.de\/cms\/foerdermoeglichkeiten\/#breadcrumb","itemListElement":[{"@type":"ListItem","position":1,"name":"christiani.de","item":"https:\/\/www.christiani.de"},{"@type":"ListItem","position":2,"name":"F\u00f6rderm\u00f6glichkeiten"}]},{"@type":"WebSite","@id":"https:\/\/www.christiani.de\/cms\/#website","url":"https:\/\/www.christiani.de\/cms\/","name":"Lehr- und Pr\u00fcfungsmaterial f\u00fcr Schule &amp; Ausbildung | Christiani.de","description":"Christiani.de","potentialAction":[{"@type":"SearchAction","target":{"@type":"EntryPoint","urlTemplate":"https:\/\/www.christiani.de\/cms\/?s={search_term_string}"},"query-input":{"@type":"PropertyValueSpecification","valueRequired":true,"valueName":"search_term_string"}}],"inLanguage":"de-DE"}]}},"_links":{"self":[{"href":"https:\/\/www.christiani.de\/cms\/wp-json\/wp\/v2\/pages\/3817"}],"collection":[{"href":"https:\/\/www.christiani.de\/cms\/wp-json\/wp\/v2\/pages"}],"about":[{"href":"https:\/\/www.christiani.de\/cms\/wp-json\/wp\/v2\/types\/page"}],"author":[{"embeddable":true,"href":"https:\/\/www.christiani.de\/cms\/wp-json\/wp\/v2\/users\/21"}],"replies":[{"embeddable":true,"href":"https:\/\/www.christiani.de\/cms\/wp-json\/wp\/v2\/comments?post=3817"}],"version-history":[{"count":112,"href":"https:\/\/www.christiani.de\/cms\/wp-json\/wp\/v2\/pages\/3817\/revisions"}],"predecessor-version":[{"id":40081,"href":"https:\/\/www.christiani.de\/cms\/wp-json\/wp\/v2\/pages\/3817\/revisions\/40081"}],"wp:attachment":[{"href":"https:\/\/www.christiani.de\/cms\/wp-json\/wp\/v2\/media?parent=3817"}],"curies":[{"name":"wp","href":"https:\/\/api.w.org\/{rel}","templated":true}]}}