{"id":36586,"date":"2025-02-18T15:41:05","date_gmt":"2025-02-18T14:41:05","guid":{"rendered":"https:\/\/www.christiani.de\/cms\/?page_id=36586"},"modified":"2025-03-17T10:21:38","modified_gmt":"2025-03-17T09:21:38","slug":"optimum-gewaehrleistung","status":"publish","type":"page","link":"https:\/\/www.christiani.de\/cms\/optimum-gewaehrleistung\/","title":{"rendered":"Optimum Gew\u00e4hrleistung"},"content":{"rendered":"<p><div class=\"fusion-fullwidth fullwidth-box fusion-builder-row-1 fusion-flex-container has-pattern-background has-mask-background gradient-container-1 nonhundred-percent-fullwidth non-hundred-percent-height-scrolling\" style=\"--awb-border-radius-top-left:0px;--awb-border-radius-top-right:0px;--awb-border-radius-bottom-right:0px;--awb-border-radius-bottom-left:0px;--awb-flex-wrap:wrap;\" ><div class=\"fusion-builder-row fusion-row fusion-flex-align-items-flex-start fusion-flex-content-wrap\" style=\"max-width:1263.6px;margin-left: calc(-4% \/ 2 );margin-right: calc(-4% \/ 2 );\"><div class=\"fusion-layout-column fusion_builder_column fusion-builder-column-0 fusion_builder_column_1_1 1_1 fusion-flex-column\" style=\"--awb-bg-size:cover;--awb-width-large:100%;--awb-margin-top-large:0px;--awb-spacing-right-large:1.92%;--awb-margin-bottom-large:20px;--awb-spacing-left-large:1.92%;--awb-width-medium:100%;--awb-order-medium:0;--awb-spacing-right-medium:1.92%;--awb-spacing-left-medium:1.92%;--awb-width-small:100%;--awb-order-small:0;--awb-spacing-right-small:1.92%;--awb-spacing-left-small:1.92%;\"><div class=\"fusion-column-wrapper fusion-column-has-shadow fusion-flex-justify-content-flex-start fusion-content-layout-column\"><div class=\"fusion-title title fusion-title-1 fusion-sep-none fusion-title-text fusion-title-size-one\"><h1 class=\"fusion-title-heading title-heading-left\" style=\"margin:0;text-transform:none;\">Exklusive Christiani-Gew\u00e4hrleistung<\/h1><\/div><div class=\"fusion-title title fusion-title-2 fusion-sep-none fusion-title-text fusion-title-size-two\"><h2 class=\"fusion-title-heading title-heading-left\" style=\"margin:0;text-transform:none;\">f\u00fcr ausgew\u00e4hlte OPTIMUM Maschinen<\/h2><\/div><\/div><\/div><\/div><\/div><div class=\"fusion-fullwidth fullwidth-box fusion-builder-row-2 fusion-flex-container has-pattern-background has-mask-background gradient-container-2 nonhundred-percent-fullwidth non-hundred-percent-height-scrolling\" style=\"--awb-border-radius-top-left:0px;--awb-border-radius-top-right:0px;--awb-border-radius-bottom-right:0px;--awb-border-radius-bottom-left:0px;--awb-flex-wrap:wrap;\" ><div class=\"fusion-builder-row fusion-row fusion-flex-align-items-flex-start fusion-flex-content-wrap\" style=\"max-width:1263.6px;margin-left: calc(-4% \/ 2 );margin-right: calc(-4% \/ 2 );\"><div class=\"fusion-layout-column fusion_builder_column fusion-builder-column-1 fusion_builder_column_1_2 1_2 fusion-flex-column\" style=\"--awb-bg-size:cover;--awb-width-large:50%;--awb-margin-top-large:0px;--awb-spacing-right-large:3.84%;--awb-margin-bottom-large:20px;--awb-spacing-left-large:3.84%;--awb-width-medium:100%;--awb-order-medium:0;--awb-spacing-right-medium:1.92%;--awb-spacing-left-medium:1.92%;--awb-width-small:100%;--awb-order-small:0;--awb-spacing-right-small:1.92%;--awb-spacing-left-small:1.92%;\"><div class=\"fusion-column-wrapper fusion-column-has-shadow fusion-flex-justify-content-flex-start fusion-content-layout-column\"><div class=\"fusion-image-element \" style=\"--awb-caption-title-font-family:var(--h2_typography-font-family);--awb-caption-title-font-weight:var(--h2_typography-font-weight);--awb-caption-title-font-style:var(--h2_typography-font-style);--awb-caption-title-size:var(--h2_typography-font-size);--awb-caption-title-transform:var(--h2_typography-text-transform);--awb-caption-title-line-height:var(--h2_typography-line-height);--awb-caption-title-letter-spacing:var(--h2_typography-letter-spacing);\"><span class=\" fusion-imageframe imageframe-none imageframe-1 hover-type-none\"><img loading=\"lazy\" decoding=\"async\" width=\"300\" height=\"79\" title=\"optimum\" src=\"https:\/\/www.christiani.de\/cms\/wp-content\/uploads\/2025\/02\/optimum-300x79.jpg\" alt class=\"img-responsive wp-image-36590\" srcset=\"https:\/\/www.christiani.de\/cms\/wp-content\/uploads\/2025\/02\/optimum-200x53.jpg 200w, https:\/\/www.christiani.de\/cms\/wp-content\/uploads\/2025\/02\/optimum-400x105.jpg 400w, https:\/\/www.christiani.de\/cms\/wp-content\/uploads\/2025\/02\/optimum-600x158.jpg 600w, https:\/\/www.christiani.de\/cms\/wp-content\/uploads\/2025\/02\/optimum-800x210.jpg 800w, https:\/\/www.christiani.de\/cms\/wp-content\/uploads\/2025\/02\/optimum-1200x315.jpg 1200w, https:\/\/www.christiani.de\/cms\/wp-content\/uploads\/2025\/02\/optimum.jpg 1798w\" sizes=\"(max-width: 1024px) 100vw, (max-width: 640px) 100vw, 600px\" \/><\/span><\/div><\/div><\/div><div class=\"fusion-layout-column fusion_builder_column fusion-builder-column-2 fusion_builder_column_1_2 1_2 fusion-flex-column\" style=\"--awb-bg-size:cover;--awb-width-large:50%;--awb-margin-top-large:0px;--awb-spacing-right-large:3.84%;--awb-margin-bottom-large:20px;--awb-spacing-left-large:3.84%;--awb-width-medium:100%;--awb-order-medium:0;--awb-spacing-right-medium:1.92%;--awb-spacing-left-medium:1.92%;--awb-width-small:100%;--awb-order-small:0;--awb-spacing-right-small:1.92%;--awb-spacing-left-small:1.92%;\"><div class=\"fusion-column-wrapper fusion-column-has-shadow fusion-flex-justify-content-flex-start fusion-content-layout-column\"><div class=\"fusion-image-element \" style=\"--awb-caption-title-font-family:var(--h2_typography-font-family);--awb-caption-title-font-weight:var(--h2_typography-font-weight);--awb-caption-title-font-style:var(--h2_typography-font-style);--awb-caption-title-size:var(--h2_typography-font-size);--awb-caption-title-transform:var(--h2_typography-text-transform);--awb-caption-title-line-height:var(--h2_typography-line-height);--awb-caption-title-letter-spacing:var(--h2_typography-letter-spacing);\"><span class=\" fusion-imageframe imageframe-none imageframe-2 hover-type-none\"><img loading=\"lazy\" decoding=\"async\" width=\"300\" height=\"153\" title=\"logo_christiani\" src=\"https:\/\/www.christiani.de\/cms\/wp-content\/uploads\/2022\/05\/logo_christiani-300x153.png\" alt class=\"img-responsive wp-image-20879\" srcset=\"https:\/\/www.christiani.de\/cms\/wp-content\/uploads\/2022\/05\/logo_christiani-200x102.png 200w, https:\/\/www.christiani.de\/cms\/wp-content\/uploads\/2022\/05\/logo_christiani-400x204.png 400w, https:\/\/www.christiani.de\/cms\/wp-content\/uploads\/2022\/05\/logo_christiani.png 591w\" sizes=\"(max-width: 1024px) 100vw, (max-width: 640px) 100vw, 300px\" \/><\/span><\/div><\/div><\/div><\/div><\/div><div class=\"fusion-fullwidth fullwidth-box fusion-builder-row-3 fusion-flex-container has-pattern-background has-mask-background gradient-container-3 nonhundred-percent-fullwidth non-hundred-percent-height-scrolling\" style=\"--awb-border-radius-top-left:0px;--awb-border-radius-top-right:0px;--awb-border-radius-bottom-right:0px;--awb-border-radius-bottom-left:0px;--awb-flex-wrap:wrap;\" ><div class=\"fusion-builder-row fusion-row fusion-flex-align-items-flex-start fusion-flex-content-wrap\" style=\"max-width:1263.6px;margin-left: calc(-4% \/ 2 );margin-right: calc(-4% \/ 2 );\"><div class=\"fusion-layout-column fusion_builder_column fusion-builder-column-3 fusion_builder_column_1_1 1_1 fusion-flex-column\" style=\"--awb-bg-size:cover;--awb-width-large:100%;--awb-margin-top-large:0px;--awb-spacing-right-large:1.92%;--awb-margin-bottom-large:20px;--awb-spacing-left-large:1.92%;--awb-width-medium:100%;--awb-order-medium:0;--awb-spacing-right-medium:1.92%;--awb-spacing-left-medium:1.92%;--awb-width-small:100%;--awb-order-small:0;--awb-spacing-right-small:1.92%;--awb-spacing-left-small:1.92%;\"><div class=\"fusion-column-wrapper fusion-column-has-shadow fusion-flex-justify-content-flex-start fusion-content-layout-column\"><div class=\"fusion-title title fusion-title-3 fusion-sep-none fusion-title-text fusion-title-size-three\"><h3 class=\"fusion-title-heading title-heading-left\" style=\"margin:0;text-transform:none;\">Gew\u00e4hrleistungsdauer: 5 Jahre ab Lieferdatum f\u00fcr folgenden Maschinen:<\/h3><\/div>\n<div class=\"table-1\">\n<table width=\"100%\">\n<thead>\n<tr>\n<th align=\"left\">Marke<\/th>\n<th align=\"left\">Maschinentyp<\/th>\n<\/tr>\n<\/thead>\n<tbody>\n<tr>\n<td align=\"left\">Optimum<\/td>\n<td align=\"left\"><a href=\"https:\/\/www.christiani.de\/ausbildung\/fachraumausstattung\/maschinen\/fraesmaschinen\/optimill-mt-60-universalfraesmaschine.html\" target=\"_blank\" rel=\"noopener\">Universalfr\u00e4smaschine OPTImill MT 60<\/a><\/td>\n<\/tr>\n<tr>\n<td align=\"left\">Optimum<\/td>\n<td align=\"left\"><a href=\"https:\/\/www.christiani.de\/ausbildung\/fachraumausstattung\/maschinen\/fraesmaschinen\/werkzeugfraesmaschine-optimill-mz-2s.html\" target=\"_blank\" rel=\"noopener\">Werkzeugfr\u00e4smaschine OPTImill MZ 2 S<\/a><\/td>\n<\/tr>\n<tr>\n<td align=\"left\">Optimum<\/td>\n<td align=\"left\"><a href=\"https:\/\/www.christiani.de\/ausbildung\/fachraumausstattung\/maschinen\/fraesmaschinen\/werkzeugfraesmaschine-optimill-mz-4s.html\" target=\"_blank\" rel=\"noopener\">Werkzeugfr\u00e4smaschine OPTImill MZ 4 S<\/a><\/td>\n<\/tr>\n<tr>\n<td align=\"left\">Optimum<\/td>\n<td align=\"left\"><a href=\"https:\/\/www.christiani.de\/ausbildung\/fachraumausstattung\/maschinen\/fraesmaschinen\/optimill-f-50.html\" target=\"_blank\" rel=\"noopener\">CNC-Fr\u00e4smaschine OPTImill F 50<\/a><\/td>\n<\/tr>\n<tr>\n<td align=\"left\">Optimum<\/td>\n<td align=\"left\"><a href=\"https:\/\/www.christiani.de\/ausbildung\/fachraumausstattung\/maschinen\/fraesmaschinen\/optimill-f-80.html\" target=\"_blank\" rel=\"noopener\">CNC-Fr\u00e4smaschine OPTImill F 80<\/a><\/td>\n<\/tr>\n<tr>\n<td align=\"left\">Optimum<\/td>\n<td align=\"left\"><a href=\"https:\/\/www.christiani.de\/ausbildung\/fachraumausstattung\/maschinen\/optimill-f-110hsc.html\" target=\"_blank\" rel=\"noopener\">CNC-Fr\u00e4smaschine OPTImill F 110 HSC<\/a><\/td>\n<\/tr>\n<tr>\n<td align=\"left\">Optimum<\/td>\n<td align=\"left\"><a href=\"https:\/\/www.christiani.de\/ausbildung\/fachraumausstattung\/maschinen\/drehmaschinen\/optiturn-tz-4-dpa-32-3.html\" target=\"_blank\" rel=\"noopener\">Drehmaschine OPTIturn TZ 4<\/a><\/td>\n<\/tr>\n<tr>\n<td align=\"left\">Optimum<\/td>\n<td align=\"left\"><a href=\"https:\/\/www.christiani.de\/ausbildung\/fachraumausstattung\/maschinen\/drehmaschinen\/optiturn-tz-4v.html\" target=\"_blank\" rel=\"noopener\">Drehmaschine OPTIturn TZ 4V<\/a><\/td>\n<\/tr>\n<tr>\n<td align=\"left\">Optimum<\/td>\n<td align=\"left\"><a href=\"https:\/\/www.christiani.de\/ausbildung\/fachraumausstattung\/maschinen\/drehmaschinen\/optiturn-l-34hs-sinumerik-808d-advanced.html\" target=\"_blank\" rel=\"noopener\">Drehmaschine OPTIturn L 34 HS<\/a><\/td>\n<\/tr>\n<tr>\n<td align=\"left\">Optimum<\/td>\n<td align=\"left\"><a href=\"https:\/\/www.christiani.de\/ausbildung\/fachraumausstattung\/maschinen\/drehmaschinen\/optiturn-l-44.html\" target=\"_blank\" rel=\"noopener\">CNC-Drehmaschine OPTIturn L 44<\/a><\/td>\n<\/tr>\n<tr>\n<td align=\"left\">Optimum<\/td>\n<td align=\"left\"><a href=\"https:\/\/www.christiani.de\/ausbildung\/fachraumausstattung\/maschinen\/optiturn-s-400hsc.html\" target=\"_blank\" rel=\"noopener\">CNC-Drehmaschine OPTIturn S 400 HSC<\/a><\/td>\n<\/tr>\n<\/tbody>\n<\/table>\n<\/div>\n<\/div><\/div><\/div><\/div><div class=\"fusion-fullwidth fullwidth-box fusion-builder-row-4 fusion-flex-container has-pattern-background has-mask-background gradient-container-4 nonhundred-percent-fullwidth non-hundred-percent-height-scrolling\" style=\"--awb-border-radius-top-left:0px;--awb-border-radius-top-right:0px;--awb-border-radius-bottom-right:0px;--awb-border-radius-bottom-left:0px;--awb-flex-wrap:wrap;\" ><div class=\"fusion-builder-row fusion-row fusion-flex-align-items-flex-start fusion-flex-content-wrap\" style=\"max-width:1263.6px;margin-left: calc(-4% \/ 2 );margin-right: calc(-4% \/ 2 );\"><div class=\"fusion-layout-column fusion_builder_column fusion-builder-column-4 fusion_builder_column_1_1 1_1 fusion-flex-column\" style=\"--awb-bg-size:cover;--awb-width-large:100%;--awb-margin-top-large:0px;--awb-spacing-right-large:1.92%;--awb-margin-bottom-large:20px;--awb-spacing-left-large:1.92%;--awb-width-medium:100%;--awb-order-medium:0;--awb-spacing-right-medium:1.92%;--awb-spacing-left-medium:1.92%;--awb-width-small:100%;--awb-order-small:0;--awb-spacing-right-small:1.92%;--awb-spacing-left-small:1.92%;\"><div class=\"fusion-column-wrapper fusion-column-has-shadow fusion-flex-justify-content-flex-start fusion-content-layout-column\"><div class=\"fusion-title title fusion-title-4 fusion-sep-none fusion-title-text fusion-title-size-three\"><h3 class=\"fusion-title-heading title-heading-left\" style=\"margin:0;text-transform:none;\">Umfang und Inhalt der Gew\u00e4hrleistung:<\/h3><\/div><div class=\"fusion-text fusion-text-1\"><p>a) Die Gew\u00e4hrleistung beschr\u00e4nkt sich auf eingesetzte Maschinen in den L\u00e4ndern Deutschland und \u00d6sterreich auf Material- und\/oder Fabrikationsfehler.<\/p>\n<p>b) Innerhalb der Gew\u00e4hrleistungszeit auftretende Material- und\/oder Fabrikationsfehler werden von uns nach unserer Wahl entweder durch Instandsetzung oder durch Ersatz\/Tausch beseitigt.<\/p>\n<p>c) Im Rahmen der Gew\u00e4hrleistungsarbeiten werden von uns die Kosten f\u00fcr Ersatzteile und der Arbeit \u00fcbernommen. Eventuelle Transportkosten, die zur Erf\u00fcllung Ihres Gew\u00e4hrleistungsanspruches notwendig<\/p>\n<p>sind, sowie eventuelle weitere Kosten (wie z. B. Einbringungskosten), die im Zusammenhang mit der Inanspruchnahme dieser Gew\u00e4hrleistung entstehen sind von Ihnen zu tragen.<\/p>\n<p>d) Ausgewechselte Teile gehen in das Eigentum der St\u00fcrmer Maschinen GmbH \u00fcber.<\/p>\n<p>e) Die Vornahme von Gew\u00e4hrleistungen f\u00fchrt weder zu einer Verl\u00e4ngerung der Gew\u00e4hrleistungszeit noch beginnt die Gew\u00e4hrleistungszeit damit von neuem.<\/p>\n<p>f) Die Gew\u00e4hrleistung wird f\u00fcr jedes Produkt ab Auslieferung f\u00fcr f\u00fcnf Jahre gew\u00e4hrt.<\/p>\n<p>h) Weitere Anspr\u00fcche bestehen nicht.<\/p>\n<\/div><\/div><\/div><\/div><\/div><div class=\"fusion-fullwidth fullwidth-box fusion-builder-row-5 fusion-flex-container has-pattern-background has-mask-background gradient-container-5 nonhundred-percent-fullwidth non-hundred-percent-height-scrolling\" style=\"--awb-border-radius-top-left:0px;--awb-border-radius-top-right:0px;--awb-border-radius-bottom-right:0px;--awb-border-radius-bottom-left:0px;--awb-flex-wrap:wrap;\" ><div class=\"fusion-builder-row fusion-row fusion-flex-align-items-flex-start fusion-flex-content-wrap\" style=\"max-width:1263.6px;margin-left: calc(-4% \/ 2 );margin-right: calc(-4% \/ 2 );\"><div class=\"fusion-layout-column fusion_builder_column fusion-builder-column-5 fusion_builder_column_1_1 1_1 fusion-flex-column\" style=\"--awb-bg-size:cover;--awb-width-large:100%;--awb-margin-top-large:0px;--awb-spacing-right-large:1.92%;--awb-margin-bottom-large:20px;--awb-spacing-left-large:1.92%;--awb-width-medium:100%;--awb-order-medium:0;--awb-spacing-right-medium:1.92%;--awb-spacing-left-medium:1.92%;--awb-width-small:100%;--awb-order-small:0;--awb-spacing-right-small:1.92%;--awb-spacing-left-small:1.92%;\"><div class=\"fusion-column-wrapper fusion-column-has-shadow fusion-flex-justify-content-flex-start fusion-content-layout-column\"><div class=\"fusion-title title fusion-title-5 fusion-sep-none fusion-title-text fusion-title-size-three\"><h3 class=\"fusion-title-heading title-heading-left\" style=\"margin:0;text-transform:none;\">Voraussetzung f\u00fcr Gew\u00e4hrleistungsanspr\u00fcche:<\/h3><\/div><div class=\"fusion-text fusion-text-2\"><p>a) Diese Gew\u00e4hrleistung ist auf die o.g. Produkte beschr\u00e4nkt.<\/p>\n<p>b) Von der Gew\u00e4hrleistung ausgeschlossen sind nicht bestimmungsgem\u00e4\u00dfer Gebrauch oder unsachgem\u00e4\u00dfe Anwendungen wie beispielsweise \u00dcberlastung der Maschine oder Verwendung von nicht zugelassenen und geeigneten Werkzeugen, Gewaltanwendung, Besch\u00e4digung durch Fremdeinwirkungen oder durch Fremdk\u00f6rper, z. B. Staub, Sp\u00e4ne oder Steine, Sch\u00e4den durch Nichtbeachtung der Bedienungsanleitung, z. B. Anschluss an eine falsche Netzspannung oder Stromart, Nichtbeachtung der Aufbauanleitung, selbst durchgef\u00fchrte Um- und Anbauten sowie normaler Verschlei\u00df.<\/p>\n<p>c) <strong>Inbetriebsetzung + Einweisung muss durch Fa. St\u00fcrmer bzw. eine von uns autorisierte Person durchgef\u00fchrt werden. Die Beauftragung erfolgt seitens Fa. Christiani.<\/strong> Die Einweisung und Inbetriebnahme wird dem Kunden gesondert in Rechnung gestellt.<\/p>\n<p>Die Inbetriebsetzung + Einweisung umfasst folgende Leistungen:<\/p>\n<p>Umfang Inbetriebsetzung und Einweisung:<\/p>\n<p>&#8211; Inbetriebsetzung und Funktionstest<\/p>\n<p>&#8211; Sicherheitsbelehrung des Bedienpersonals<\/p>\n<p>&#8211; Theoretische und praktische Erl\u00e4uterungen<\/p>\n<p>Kundenseitige Voraussetzungen:<\/p>\n<p>&#8211; Freier Zugang zur Maschine<\/p>\n<p>&#8211; Vollst\u00e4ndige Entfernung der Maschinenverpackung und \u00e4hnlichem<\/p>\n<p>&#8211; Betriebsbereitschaft der Maschine inkl. Elektrischer Anschluss<\/p>\n<p>&#8211; Bereitstellung ben\u00f6tigter Betriebsmittel (z.B. K\u00fchlschmierstoff, Fr\u00e4swerkzeuge, etc.)<\/p>\n<p>d) <strong>Ein Wartungsvertrag mit einer Laufzeit von 2 Jahren ab Auslieferung ist mit der Fa. St\u00fcrmer zu vereinbaren.<\/strong><\/p>\n<p><strong>Die Art und Umfang der notwendigen Wartung kann im jeweiligen Muster-Wartungsvertrag eingesehen werden:<\/strong><\/p>\n<\/div><div class=\"fusion-text fusion-text-3\"><p><a href=\"https:\/\/www.christiani.de\/cms\/wp-content\/uploads\/2025\/02\/Muster-Wartung-Optimum-Drehmaschinen.pdf\" target=\"_blank\" rel=\"noopener\">Muster Wartung OPTIMUM Drehmaschinen<\/a><\/p>\n<p><a href=\"https:\/\/www.christiani.de\/cms\/wp-content\/uploads\/2025\/02\/Muster-Wartung-Optimum-Fraesmaschinen.pdf\" target=\"_blank\" rel=\"noopener\">Muster Wartung OPTIMUM Fr\u00e4smaschinen<\/a><\/p>\n<p><a href=\"https:\/\/www.christiani.de\/cms\/wp-content\/uploads\/2025\/02\/Muster-Wartung-Optimum-CNC-Maschinen-Basic.pdf\" target=\"_blank\" rel=\"noopener\">Muster Wartung OPTIMUM CNC-Maschinen Basic<\/a><\/p>\n<\/div><\/div><\/div><\/div><\/div><\/p>\n","protected":false},"excerpt":{"rendered":"","protected":false},"author":13,"featured_media":0,"parent":0,"menu_order":0,"comment_status":"closed","ping_status":"closed","template":"","meta":{"footnotes":""},"class_list":["post-36586","page","type-page","status-publish","hentry"],"yoast_head":"<!-- This site is optimized with the Yoast SEO plugin v23.4 - https:\/\/yoast.com\/wordpress\/plugins\/seo\/ -->\n<title>Optimum Gew\u00e4hrleistung - Lehr- und Pr\u00fcfungsmaterial f\u00fcr Schule &amp; Ausbildung | Christiani.de<\/title>\n<meta name=\"description\" content=\"Exklusive Christiani-Gew\u00e4hrleistung - f\u00fcr ausgew\u00e4hlte OPTIMUM Maschinen - Gew\u00e4hrleistungsdauer: 5 Jahre ab Lieferdatum f\u00fcr folgenden Maschinen:MarkeMaschin\" \/>\n<meta name=\"robots\" content=\"noindex, nofollow\" \/>\n<meta property=\"og:locale\" content=\"de_DE\" \/>\n<meta property=\"og:type\" content=\"article\" \/>\n<meta property=\"og:title\" content=\"Optimum Gew\u00e4hrleistung - Lehr- und Pr\u00fcfungsmaterial f\u00fcr Schule &amp; Ausbildung | Christiani.de\" \/>\n<meta property=\"og:description\" content=\"Exklusive Christiani-Gew\u00e4hrleistung - f\u00fcr ausgew\u00e4hlte OPTIMUM Maschinen - Gew\u00e4hrleistungsdauer: 5 Jahre ab Lieferdatum f\u00fcr folgenden Maschinen:MarkeMaschin\" \/>\n<meta property=\"og:url\" content=\"https:\/\/www.christiani.de\/cms\/optimum-gewaehrleistung\/\" \/>\n<meta property=\"og:site_name\" content=\"Lehr- und Pr\u00fcfungsmaterial f\u00fcr Schule &amp; Ausbildung | Christiani.de\" \/>\n<meta property=\"article:modified_time\" content=\"2025-03-17T09:21:38+00:00\" \/>\n<meta name=\"twitter:card\" content=\"summary_large_image\" \/>\n<meta name=\"twitter:label1\" content=\"Gesch\u00e4tzte Lesezeit\" \/>\n\t<meta name=\"twitter:data1\" content=\"3 Minuten\" \/>\n<script type=\"application\/ld+json\" class=\"yoast-schema-graph\">{\"@context\":\"https:\/\/schema.org\",\"@graph\":[{\"@type\":\"WebPage\",\"@id\":\"https:\/\/www.christiani.de\/cms\/optimum-gewaehrleistung\/\",\"url\":\"https:\/\/www.christiani.de\/cms\/optimum-gewaehrleistung\/\",\"name\":\"Optimum Gew\u00e4hrleistung - Lehr- und Pr\u00fcfungsmaterial f\u00fcr Schule &amp; Ausbildung | Christiani.de\",\"isPartOf\":{\"@id\":\"https:\/\/www.christiani.de\/cms\/#website\"},\"datePublished\":\"2025-02-18T14:41:05+00:00\",\"dateModified\":\"2025-03-17T09:21:38+00:00\",\"description\":\"Exklusive Christiani-Gew\u00e4hrleistung - f\u00fcr ausgew\u00e4hlte OPTIMUM Maschinen - Gew\u00e4hrleistungsdauer: 5 Jahre ab Lieferdatum f\u00fcr folgenden Maschinen:MarkeMaschin\",\"breadcrumb\":{\"@id\":\"https:\/\/www.christiani.de\/cms\/optimum-gewaehrleistung\/#breadcrumb\"},\"inLanguage\":\"de-DE\",\"potentialAction\":[{\"@type\":\"ReadAction\",\"target\":[\"https:\/\/www.christiani.de\/cms\/optimum-gewaehrleistung\/\"]}]},{\"@type\":\"BreadcrumbList\",\"@id\":\"https:\/\/www.christiani.de\/cms\/optimum-gewaehrleistung\/#breadcrumb\",\"itemListElement\":[{\"@type\":\"ListItem\",\"position\":1,\"name\":\"christiani.de\",\"item\":\"https:\/\/www.christiani.de\"},{\"@type\":\"ListItem\",\"position\":2,\"name\":\"Optimum Gew\u00e4hrleistung\"}]},{\"@type\":\"WebSite\",\"@id\":\"https:\/\/www.christiani.de\/cms\/#website\",\"url\":\"https:\/\/www.christiani.de\/cms\/\",\"name\":\"Lehr- und Pr\u00fcfungsmaterial f\u00fcr Schule &amp; Ausbildung | Christiani.de\",\"description\":\"Christiani.de\",\"potentialAction\":[{\"@type\":\"SearchAction\",\"target\":{\"@type\":\"EntryPoint\",\"urlTemplate\":\"https:\/\/www.christiani.de\/cms\/?s={search_term_string}\"},\"query-input\":{\"@type\":\"PropertyValueSpecification\",\"valueRequired\":true,\"valueName\":\"search_term_string\"}}],\"inLanguage\":\"de-DE\"}]}<\/script>\n<!-- \/ Yoast SEO plugin. -->","yoast_head_json":{"title":"Optimum Gew\u00e4hrleistung - Lehr- und Pr\u00fcfungsmaterial f\u00fcr Schule &amp; Ausbildung | Christiani.de","description":"Exklusive Christiani-Gew\u00e4hrleistung - f\u00fcr ausgew\u00e4hlte OPTIMUM Maschinen - Gew\u00e4hrleistungsdauer: 5 Jahre ab Lieferdatum f\u00fcr folgenden Maschinen:MarkeMaschin","robots":{"index":"noindex","follow":"nofollow"},"og_locale":"de_DE","og_type":"article","og_title":"Optimum Gew\u00e4hrleistung - Lehr- und Pr\u00fcfungsmaterial f\u00fcr Schule &amp; Ausbildung | Christiani.de","og_description":"Exklusive Christiani-Gew\u00e4hrleistung - f\u00fcr ausgew\u00e4hlte OPTIMUM Maschinen - Gew\u00e4hrleistungsdauer: 5 Jahre ab Lieferdatum f\u00fcr folgenden Maschinen:MarkeMaschin","og_url":"https:\/\/www.christiani.de\/cms\/optimum-gewaehrleistung\/","og_site_name":"Lehr- und Pr\u00fcfungsmaterial f\u00fcr Schule &amp; Ausbildung | Christiani.de","article_modified_time":"2025-03-17T09:21:38+00:00","twitter_card":"summary_large_image","twitter_misc":{"Gesch\u00e4tzte Lesezeit":"3 Minuten"},"schema":{"@context":"https:\/\/schema.org","@graph":[{"@type":"WebPage","@id":"https:\/\/www.christiani.de\/cms\/optimum-gewaehrleistung\/","url":"https:\/\/www.christiani.de\/cms\/optimum-gewaehrleistung\/","name":"Optimum Gew\u00e4hrleistung - Lehr- und Pr\u00fcfungsmaterial f\u00fcr Schule &amp; Ausbildung | Christiani.de","isPartOf":{"@id":"https:\/\/www.christiani.de\/cms\/#website"},"datePublished":"2025-02-18T14:41:05+00:00","dateModified":"2025-03-17T09:21:38+00:00","description":"Exklusive Christiani-Gew\u00e4hrleistung - f\u00fcr ausgew\u00e4hlte OPTIMUM Maschinen - Gew\u00e4hrleistungsdauer: 5 Jahre ab Lieferdatum f\u00fcr folgenden Maschinen:MarkeMaschin","breadcrumb":{"@id":"https:\/\/www.christiani.de\/cms\/optimum-gewaehrleistung\/#breadcrumb"},"inLanguage":"de-DE","potentialAction":[{"@type":"ReadAction","target":["https:\/\/www.christiani.de\/cms\/optimum-gewaehrleistung\/"]}]},{"@type":"BreadcrumbList","@id":"https:\/\/www.christiani.de\/cms\/optimum-gewaehrleistung\/#breadcrumb","itemListElement":[{"@type":"ListItem","position":1,"name":"christiani.de","item":"https:\/\/www.christiani.de"},{"@type":"ListItem","position":2,"name":"Optimum Gew\u00e4hrleistung"}]},{"@type":"WebSite","@id":"https:\/\/www.christiani.de\/cms\/#website","url":"https:\/\/www.christiani.de\/cms\/","name":"Lehr- und Pr\u00fcfungsmaterial f\u00fcr Schule &amp; Ausbildung | Christiani.de","description":"Christiani.de","potentialAction":[{"@type":"SearchAction","target":{"@type":"EntryPoint","urlTemplate":"https:\/\/www.christiani.de\/cms\/?s={search_term_string}"},"query-input":{"@type":"PropertyValueSpecification","valueRequired":true,"valueName":"search_term_string"}}],"inLanguage":"de-DE"}]}},"_links":{"self":[{"href":"https:\/\/www.christiani.de\/cms\/wp-json\/wp\/v2\/pages\/36586"}],"collection":[{"href":"https:\/\/www.christiani.de\/cms\/wp-json\/wp\/v2\/pages"}],"about":[{"href":"https:\/\/www.christiani.de\/cms\/wp-json\/wp\/v2\/types\/page"}],"author":[{"embeddable":true,"href":"https:\/\/www.christiani.de\/cms\/wp-json\/wp\/v2\/users\/13"}],"replies":[{"embeddable":true,"href":"https:\/\/www.christiani.de\/cms\/wp-json\/wp\/v2\/comments?post=36586"}],"version-history":[{"count":17,"href":"https:\/\/www.christiani.de\/cms\/wp-json\/wp\/v2\/pages\/36586\/revisions"}],"predecessor-version":[{"id":37181,"href":"https:\/\/www.christiani.de\/cms\/wp-json\/wp\/v2\/pages\/36586\/revisions\/37181"}],"wp:attachment":[{"href":"https:\/\/www.christiani.de\/cms\/wp-json\/wp\/v2\/media?parent=36586"}],"curies":[{"name":"wp","href":"https:\/\/api.w.org\/{rel}","templated":true}]}}