{"id":3276,"date":"2020-04-15T13:31:10","date_gmt":"2020-04-15T11:31:10","guid":{"rendered":"https:\/\/www.christiani.de\/cms\/?page_id=3276"},"modified":"2026-01-26T15:08:21","modified_gmt":"2026-01-26T14:08:21","slug":"gewinnspiel-bedingungen","status":"publish","type":"page","link":"https:\/\/www.christiani.de\/cms\/gewinnspiel-bedingungen\/","title":{"rendered":"Gewinnspiel-Bedingungen"},"content":{"rendered":"<p><div class=\"fusion-fullwidth fullwidth-box fusion-builder-row-1 gradient-container-1 nonhundred-percent-fullwidth non-hundred-percent-height-scrolling\" style=\"--awb-border-radius-top-left:0px;--awb-border-radius-top-right:0px;--awb-border-radius-bottom-right:0px;--awb-border-radius-bottom-left:0px;--awb-flex-wrap:wrap;\" ><div class=\"fusion-builder-row fusion-row\"><div class=\"fusion-layout-column fusion_builder_column fusion-builder-column-0 fusion_builder_column_1_1 1_1 fusion-one-full fusion-column-first fusion-column-last\" style=\"--awb-bg-size:cover;--awb-margin-top:20px;\"><div class=\"fusion-column-wrapper fusion-column-has-shadow fusion-flex-column-wrapper-legacy\"><div class=\"fusion-image-element in-legacy-container\" style=\"--awb-caption-title-font-family:var(--h2_typography-font-family);--awb-caption-title-font-weight:var(--h2_typography-font-weight);--awb-caption-title-font-style:var(--h2_typography-font-style);--awb-caption-title-size:var(--h2_typography-font-size);--awb-caption-title-transform:var(--h2_typography-text-transform);--awb-caption-title-line-height:var(--h2_typography-line-height);--awb-caption-title-letter-spacing:var(--h2_typography-letter-spacing);\"><span class=\" fusion-imageframe imageframe-none imageframe-1 hover-type-none\"><img loading=\"lazy\" decoding=\"async\" width=\"1245\" height=\"257\" title=\"LEGO Gewinnspiel_LP Banner_1245x257px\" src=\"https:\/\/www.christiani.de\/cms\/wp-content\/uploads\/2026\/01\/LEGO-Gewinnspiel_LP-Banner_1245x257px.png\" alt class=\"img-responsive wp-image-41899\" srcset=\"https:\/\/www.christiani.de\/cms\/wp-content\/uploads\/2026\/01\/LEGO-Gewinnspiel_LP-Banner_1245x257px-200x41.png 200w, https:\/\/www.christiani.de\/cms\/wp-content\/uploads\/2026\/01\/LEGO-Gewinnspiel_LP-Banner_1245x257px-400x83.png 400w, https:\/\/www.christiani.de\/cms\/wp-content\/uploads\/2026\/01\/LEGO-Gewinnspiel_LP-Banner_1245x257px-600x124.png 600w, https:\/\/www.christiani.de\/cms\/wp-content\/uploads\/2026\/01\/LEGO-Gewinnspiel_LP-Banner_1245x257px-800x165.png 800w, https:\/\/www.christiani.de\/cms\/wp-content\/uploads\/2026\/01\/LEGO-Gewinnspiel_LP-Banner_1245x257px-1200x248.png 1200w, https:\/\/www.christiani.de\/cms\/wp-content\/uploads\/2026\/01\/LEGO-Gewinnspiel_LP-Banner_1245x257px.png 1245w\" sizes=\"(max-width: 800px) 100vw, 1245px\" \/><\/span><\/div><div class=\"fusion-clearfix\"><\/div><\/div><\/div><\/div><\/div><div class=\"fusion-fullwidth fullwidth-box fusion-builder-row-2 gradient-container-2 nonhundred-percent-fullwidth non-hundred-percent-height-scrolling\" style=\"--awb-border-radius-top-left:0px;--awb-border-radius-top-right:0px;--awb-border-radius-bottom-right:0px;--awb-border-radius-bottom-left:0px;--awb-flex-wrap:wrap;\" ><div class=\"fusion-builder-row fusion-row\"><div class=\"fusion-layout-column fusion_builder_column fusion-builder-column-1 fusion_builder_column_1_1 1_1 fusion-one-full fusion-column-first fusion-column-last\" style=\"--awb-bg-size:cover;\"><div class=\"fusion-column-wrapper fusion-column-has-shadow fusion-flex-column-wrapper-legacy\"><div class=\"fusion-text fusion-text-1\"><h1>Teilnahmebedingungen<\/h1>\n<p>Mit der Angabe seiner pers\u00f6nlichen Daten erkl\u00e4rt der Nutzer sein Einverst\u00e4ndnis, dass diese Daten von Dr.-Ing. Paul Christiani GmbH &amp; Co. KG f\u00fcr interne Nutzung gespeichert werden und er Werbung per E-Mail an die vom Nutzer angegebene E-Mail-Adresse erh\u00e4lt, die sich ausschlie\u00dflich auf die von uns angebotenen Produkte und Leistungen im Bereich der technischen Lehrmittel und Ausbildungsmaterial bezieht. Der Nutzer kann der werblichen Nutzung seiner Daten durch Dr.-Ing. Paul Christiani GmbH &amp; Co. KG jederzeit durch eine E-Mail an <a href=\"mailto:info@christiani.de\">info@christiani.de<\/a> widersprechen. Es erfolgt keine Weitergabe dieser personenbezogenen Daten an Dritte, es sei denn, dies ist ausdr\u00fccklich in diesen Teilnahmebedingungen oder unserer Datenschutzerkl\u00e4rung angegeben oder gesetzlich vorgeschrieben.<\/p>\n<p>1. VERANSTALTER<br \/>\nVeranstalter des Gewinnspiels ist die Dr.-Ing Paul Christiani GmbH, Hermann-Hesse-Weg 2, 78464 Konstanz. Das Gewinnspiel steht in keiner Verbindung zu Facebook und Instagram und wird in keiner Weise von Facebook oder Instagram gesponsert, unterst\u00fctzt oder organisiert. Facebook und Instagram sind neben unserem Newsletter lediglich Plattformen, auf denen Dr.-Ing Paul Christiani GmbH die Gewinnspielaktion vermarktet. Der Empf\u00e4nger der bereitgestellten Informationen ist nicht Facebook oder Instagram, sondern die Dr.-Ing Paul Christiani GmbH. S\u00e4mtliche Fragen, Kommentare und\/oder Beschwerden zum Gewinnspiel sind ausschlie\u00dflich an die Dr.-Ing Paul Christiani GmbH zu richten.<\/p>\n<p>2. TEILNAHMEBERECHTIGUNG<\/p>\n<p>Teilnahmeberechtigt sind nur Personen, welche ihren Wohnsitz in Deutschland, \u00d6sterreich oder der Schweiz haben und das 18. Lebensjahr vollendet haben. Ebenso ist Voraussetzung, dass die Teilnehmer von Beruf Ausbilder:in oder Lehrer:in sind.<br \/>\nDie Gewinnspielteilnahme ist nur im eigenen Namen zul\u00e4ssig. Mit der Teilnahme am Gewinnspiel akzeptieren Sie diese Teilnahmebedingungen. Ihre Teilnahme am Gewinnspiel ist kostenlos und nicht vom Kauf einer Ware abh\u00e4ngig. Sie k\u00f6nnen an dem Gewinnspiel teilnehmen, indem Sie sich auf <a href=\"http:\/\/www.christiani.de\/didacta-gewinnspiel-2026\"><span data-olk-copy-source=\"MessageBody\"> christiani.de\/didacta-gewinnspiel-2026<\/span>\u00a0<\/a>registrieren. Sie versichern, dass s\u00e4mtliche Personenangaben der Wahrheit entsprechen. Andernfalls k\u00f6nnen wir Sie von der Teilnahme am Gewinnspiel ausschlie\u00dfen.<\/p>\n<p>Besch\u00e4ftigte der Dr.-Ing.. Paul Christiani GmbH oder mit ihr verbundene Unternehmen sind von der Teilnahme ausgeschlossen.<\/p>\n<p>3. TEILNAHMEFRIST<br \/>\nInformationen zur Teilnahmefrist k\u00f6nnen aus dem Gewinnspiel auf der jeweiligen Plattform oder weiter unten im Abschnitt des einzelnen Gewinnspiels entnommen werden.<\/p>\n<p>4. TEILNAHME<br \/>\nDie Teilnahme am Gewinnspiel erfolgt \u00fcber die Webseite www.<span data-olk-copy-source=\"MessageBody\">christiani.de\/didacta-gewinnspiel-2026<\/span>. Die Teilnahmevoraussetzungen, die Teilnahmedauer, die Gewinne und Informationen zur Gewinnerzielung ergeben sich aus der Gewinnspielbeschreibung (siehe weiter unten). Die Dr.-Ing. Paul Christiani GmbH beh\u00e4lt sich vor, jederzeit in begr\u00fcndeten F\u00e4llen, insbesondere aufgrund unvorhergesehener Umst\u00e4nden, abzubrechen oder zu beenden. Dies gilt insbesondere bei h\u00f6herer Gewalt oder falls das Gewinnspiel aus anderen (organisatorischen, technischen oder rechtlichen) Gr\u00fcnden nicht durchgef\u00fchrt bzw. fortgesetzt werden kann. Den Teilnehmern stehen in einem solchen Fall keine Anspr\u00fcche zu. Durch die Teilnahme an der Aktion akzeptiert der Teilnehmer diese Teilnahmebedingungen. Der Erwerb von Produkten der Dr.-Ing.. Paul Christiani GmbH oder der unter 6. dieser Teilnahmebedingung genannten externen Partner erh\u00f6ht die Gewinnchance nicht.<\/p>\n<p>5. AUSWAHL UND BENACHRICHTIGUNG DES GEWINNERS<br \/>\nDie Gewinner werden per Zufall ausgelost und im Anschluss an das Gewinnspiel innerhalb von 7 Tagen per E-Mail informiert. Die Gewinner m\u00fcssen ebenfalls innerhalb von 7 Tagen auf die E-Mail reagieren. Meldet sich ein Gewinner nicht innerhalb der vorgegebenen Frist, wird sein Gewinn erneut unter allen Teilnehmern verlost.<\/p>\n<p>6. GEWINNE<br \/>\nDer Gewinn richtet sich an das jeweiligen Gewinnspiel. Alle Informationen sind aus dem Gewinnspiel auf der Webseite www.<span data-olk-copy-source=\"MessageBody\">christiani.de\/didacta-gewinnspiel-2026<\/span> selbst oder im weiteren Verlauf unter dem Abschnitt des einzelnen Gewinnspiels zu entnehmen. Eine Barauszahlung ist nicht m\u00f6glich.<\/p>\n<p>7. VERSAND DES PREISES<br \/>\nDer Gewinner verpflichtet sich zur Geltendmachung des Preises, der Dr.-Ing Paul Christiani GmbH seinen Namen und Anschrift innerhalb der vorgenannten Frist von 7 Tagen zu nennen. Der Versand erfolgt \u00fcber uns oder unsere Partner. Aufgrund von Feiertagen kann es zu Verz\u00f6gerungen kommen. F\u00fcr die Richtigkeit der Daten ist der Teilnehmer verantwortlich.<\/p>\n<p>8. DATENSCHUTZ<br \/>\nZur \u00dcbermittlung der Gewinne werden die pers\u00f6nlichen Daten (E-Mail Adresse, Name und Adresse) der Gewinner an Dritte weitergegeben. Die Lieferung der jeweiligen Gewinne kann nicht mit einem garantierten Lieferdatum versehen werden. Dies kann je nach Gewinnspielpartner variieren.<\/p>\n<p>Weitergehende Hinweise zum Datenschutz sind und der <a href=\"https:\/\/www.christiani.de\/cms\/service\/datenschutzerklaerung\/\" target=\"_blank\" rel=\"noopener\">Datenschutzerkl\u00e4rung<\/a>\u00a0 abrufbar.<\/p>\n<p>9. RECHTSWEG<br \/>\nDer Rechtsweg ist ausgeschlossen.<\/p>\n<p>10. HAFTUNG<br \/>\nDie Dr.-Ing Paul Christiani GmbH haftet nicht f\u00fcr Sch\u00e4den die im Zusammenhang mit der Teilnahme am Gewinnspiel bzw. mit der Annahme und der Nutzung des Gewinns stehen, es sei denn, der Gewinnspielanbieter bzw. dessen Erf\u00fcllungsgehilfen handeln vors\u00e4tzlich oder grob fahrl\u00e4ssig. Hiervon unber\u00fchrt bleiben etwaige Ersatzanspr\u00fcche aufgrund der Verletzung von Leben, K\u00f6rper und Gesundheit sowie von wesentlichen Vertragspflichten.<\/p>\n<p>11. SALVATORISCHE KLAUSEL<br \/>\nSollten eine oder mehrere der vorstehenden Klauseln ganz oder teilweise nichtig, unwirksam oder undurchf\u00fchrbar sein oder werden, bleiben die \u00fcbrigen Bedingungen wirksam. An deren Stelle tritt eine entsprechende g\u00fcltige Klausel. Gleiches gilt bei Vorliegen einer Regelungsl\u00fccke.<\/p>\n<p>Stand: Februar 2026<\/p>\n<\/div><div class=\"fusion-clearfix\"><\/div><\/div><\/div><\/div><\/div><\/p>\n","protected":false},"excerpt":{"rendered":"","protected":false},"author":2,"featured_media":0,"parent":0,"menu_order":0,"comment_status":"closed","ping_status":"closed","template":"","meta":{"footnotes":""},"class_list":["post-3276","page","type-page","status-publish","hentry"],"yoast_head":"<!-- This site is optimized with the Yoast SEO plugin v23.4 - https:\/\/yoast.com\/wordpress\/plugins\/seo\/ -->\n<title>Gewinnspielbedingungen | Christiani<\/title>\n<meta name=\"description\" content=\"Teilnahmebedingungen - Mit der Angabe seiner pers\u00f6nlichen Daten erkl\u00e4rt der Nutzer sein Einverst\u00e4ndnis, dass diese Daten von Dr.-Ing. Paul Christiani GmbH\" \/>\n<meta name=\"robots\" content=\"noindex, nofollow\" \/>\n<meta property=\"og:locale\" content=\"de_DE\" \/>\n<meta property=\"og:type\" content=\"article\" \/>\n<meta property=\"og:title\" content=\"Gewinnspielbedingungen | Christiani\" \/>\n<meta property=\"og:description\" content=\"Teilnahmebedingungen - Mit der Angabe seiner pers\u00f6nlichen Daten erkl\u00e4rt der Nutzer sein Einverst\u00e4ndnis, dass diese Daten von Dr.-Ing. Paul Christiani GmbH\" \/>\n<meta property=\"og:url\" content=\"https:\/\/www.christiani.de\/cms\/gewinnspiel-bedingungen\/\" \/>\n<meta property=\"og:site_name\" content=\"Lehr- und Pr\u00fcfungsmaterial f\u00fcr Schule &amp; Ausbildung | Christiani.de\" \/>\n<meta property=\"article:modified_time\" content=\"2026-01-26T14:08:21+00:00\" \/>\n<meta name=\"twitter:card\" content=\"summary_large_image\" \/>\n<meta name=\"twitter:label1\" content=\"Gesch\u00e4tzte Lesezeit\" \/>\n\t<meta name=\"twitter:data1\" content=\"5 Minuten\" \/>\n<script type=\"application\/ld+json\" class=\"yoast-schema-graph\">{\"@context\":\"https:\/\/schema.org\",\"@graph\":[{\"@type\":\"WebPage\",\"@id\":\"https:\/\/www.christiani.de\/cms\/gewinnspiel-bedingungen\/\",\"url\":\"https:\/\/www.christiani.de\/cms\/gewinnspiel-bedingungen\/\",\"name\":\"Gewinnspielbedingungen | Christiani\",\"isPartOf\":{\"@id\":\"https:\/\/www.christiani.de\/cms\/#website\"},\"datePublished\":\"2020-04-15T11:31:10+00:00\",\"dateModified\":\"2026-01-26T14:08:21+00:00\",\"description\":\"Teilnahmebedingungen - Mit der Angabe seiner pers\u00f6nlichen Daten erkl\u00e4rt der Nutzer sein Einverst\u00e4ndnis, dass diese Daten von Dr.-Ing. Paul Christiani GmbH\",\"breadcrumb\":{\"@id\":\"https:\/\/www.christiani.de\/cms\/gewinnspiel-bedingungen\/#breadcrumb\"},\"inLanguage\":\"de-DE\",\"potentialAction\":[{\"@type\":\"ReadAction\",\"target\":[\"https:\/\/www.christiani.de\/cms\/gewinnspiel-bedingungen\/\"]}]},{\"@type\":\"BreadcrumbList\",\"@id\":\"https:\/\/www.christiani.de\/cms\/gewinnspiel-bedingungen\/#breadcrumb\",\"itemListElement\":[{\"@type\":\"ListItem\",\"position\":1,\"name\":\"christiani.de\",\"item\":\"https:\/\/www.christiani.de\"},{\"@type\":\"ListItem\",\"position\":2,\"name\":\"Gewinnspiel-Bedingungen\"}]},{\"@type\":\"WebSite\",\"@id\":\"https:\/\/www.christiani.de\/cms\/#website\",\"url\":\"https:\/\/www.christiani.de\/cms\/\",\"name\":\"Lehr- und Pr\u00fcfungsmaterial f\u00fcr Schule &amp; Ausbildung | Christiani.de\",\"description\":\"Christiani.de\",\"potentialAction\":[{\"@type\":\"SearchAction\",\"target\":{\"@type\":\"EntryPoint\",\"urlTemplate\":\"https:\/\/www.christiani.de\/cms\/?s={search_term_string}\"},\"query-input\":{\"@type\":\"PropertyValueSpecification\",\"valueRequired\":true,\"valueName\":\"search_term_string\"}}],\"inLanguage\":\"de-DE\"}]}<\/script>\n<!-- \/ Yoast SEO plugin. -->","yoast_head_json":{"title":"Gewinnspielbedingungen | Christiani","description":"Teilnahmebedingungen - Mit der Angabe seiner pers\u00f6nlichen Daten erkl\u00e4rt der Nutzer sein Einverst\u00e4ndnis, dass diese Daten von Dr.-Ing. Paul Christiani GmbH","robots":{"index":"noindex","follow":"nofollow"},"og_locale":"de_DE","og_type":"article","og_title":"Gewinnspielbedingungen | Christiani","og_description":"Teilnahmebedingungen - Mit der Angabe seiner pers\u00f6nlichen Daten erkl\u00e4rt der Nutzer sein Einverst\u00e4ndnis, dass diese Daten von Dr.-Ing. Paul Christiani GmbH","og_url":"https:\/\/www.christiani.de\/cms\/gewinnspiel-bedingungen\/","og_site_name":"Lehr- und Pr\u00fcfungsmaterial f\u00fcr Schule &amp; Ausbildung | Christiani.de","article_modified_time":"2026-01-26T14:08:21+00:00","twitter_card":"summary_large_image","twitter_misc":{"Gesch\u00e4tzte Lesezeit":"5 Minuten"},"schema":{"@context":"https:\/\/schema.org","@graph":[{"@type":"WebPage","@id":"https:\/\/www.christiani.de\/cms\/gewinnspiel-bedingungen\/","url":"https:\/\/www.christiani.de\/cms\/gewinnspiel-bedingungen\/","name":"Gewinnspielbedingungen | Christiani","isPartOf":{"@id":"https:\/\/www.christiani.de\/cms\/#website"},"datePublished":"2020-04-15T11:31:10+00:00","dateModified":"2026-01-26T14:08:21+00:00","description":"Teilnahmebedingungen - Mit der Angabe seiner pers\u00f6nlichen Daten erkl\u00e4rt der Nutzer sein Einverst\u00e4ndnis, dass diese Daten von Dr.-Ing. Paul Christiani GmbH","breadcrumb":{"@id":"https:\/\/www.christiani.de\/cms\/gewinnspiel-bedingungen\/#breadcrumb"},"inLanguage":"de-DE","potentialAction":[{"@type":"ReadAction","target":["https:\/\/www.christiani.de\/cms\/gewinnspiel-bedingungen\/"]}]},{"@type":"BreadcrumbList","@id":"https:\/\/www.christiani.de\/cms\/gewinnspiel-bedingungen\/#breadcrumb","itemListElement":[{"@type":"ListItem","position":1,"name":"christiani.de","item":"https:\/\/www.christiani.de"},{"@type":"ListItem","position":2,"name":"Gewinnspiel-Bedingungen"}]},{"@type":"WebSite","@id":"https:\/\/www.christiani.de\/cms\/#website","url":"https:\/\/www.christiani.de\/cms\/","name":"Lehr- und Pr\u00fcfungsmaterial f\u00fcr Schule &amp; Ausbildung | Christiani.de","description":"Christiani.de","potentialAction":[{"@type":"SearchAction","target":{"@type":"EntryPoint","urlTemplate":"https:\/\/www.christiani.de\/cms\/?s={search_term_string}"},"query-input":{"@type":"PropertyValueSpecification","valueRequired":true,"valueName":"search_term_string"}}],"inLanguage":"de-DE"}]}},"_links":{"self":[{"href":"https:\/\/www.christiani.de\/cms\/wp-json\/wp\/v2\/pages\/3276"}],"collection":[{"href":"https:\/\/www.christiani.de\/cms\/wp-json\/wp\/v2\/pages"}],"about":[{"href":"https:\/\/www.christiani.de\/cms\/wp-json\/wp\/v2\/types\/page"}],"author":[{"embeddable":true,"href":"https:\/\/www.christiani.de\/cms\/wp-json\/wp\/v2\/users\/2"}],"replies":[{"embeddable":true,"href":"https:\/\/www.christiani.de\/cms\/wp-json\/wp\/v2\/comments?post=3276"}],"version-history":[{"count":32,"href":"https:\/\/www.christiani.de\/cms\/wp-json\/wp\/v2\/pages\/3276\/revisions"}],"predecessor-version":[{"id":41933,"href":"https:\/\/www.christiani.de\/cms\/wp-json\/wp\/v2\/pages\/3276\/revisions\/41933"}],"wp:attachment":[{"href":"https:\/\/www.christiani.de\/cms\/wp-json\/wp\/v2\/media?parent=3276"}],"curies":[{"name":"wp","href":"https:\/\/api.w.org\/{rel}","templated":true}]}}