{"id":26201,"date":"2023-02-09T15:50:34","date_gmt":"2023-02-09T14:50:34","guid":{"rendered":"https:\/\/www.christiani.de\/cms\/?page_id=26201"},"modified":"2025-08-05T12:20:17","modified_gmt":"2025-08-05T10:20:17","slug":"altgeraete-und-batterien","status":"publish","type":"page","link":"https:\/\/www.christiani.de\/cms\/altgeraete-und-batterien\/","title":{"rendered":"Informationen zu Altger\u00e4ten und Batterien"},"content":{"rendered":"<p><div class=\"fusion-fullwidth fullwidth-box fusion-builder-row-1 fusion-flex-container has-pattern-background has-mask-background gradient-container-1 nonhundred-percent-fullwidth non-hundred-percent-height-scrolling\" style=\"--awb-border-radius-top-left:0px;--awb-border-radius-top-right:0px;--awb-border-radius-bottom-right:0px;--awb-border-radius-bottom-left:0px;--awb-flex-wrap:wrap;\" ><div class=\"fusion-builder-row fusion-row fusion-flex-align-items-flex-start fusion-flex-content-wrap\" style=\"max-width:1263.6px;margin-left: calc(-4% \/ 2 );margin-right: calc(-4% \/ 2 );\"><div class=\"fusion-layout-column fusion_builder_column fusion-builder-column-0 fusion_builder_column_1_1 1_1 fusion-flex-column\" style=\"--awb-bg-size:cover;--awb-width-large:100%;--awb-margin-top-large:0px;--awb-spacing-right-large:1.92%;--awb-margin-bottom-large:20px;--awb-spacing-left-large:1.92%;--awb-width-medium:100%;--awb-order-medium:0;--awb-spacing-right-medium:1.92%;--awb-spacing-left-medium:1.92%;--awb-width-small:100%;--awb-order-small:0;--awb-spacing-right-small:1.92%;--awb-spacing-left-small:1.92%;\"><div class=\"fusion-column-wrapper fusion-column-has-shadow fusion-flex-justify-content-flex-start fusion-content-layout-column\"><div class=\"fusion-title title fusion-title-1 fusion-sep-none fusion-title-text fusion-title-size-one\"><h1 class=\"fusion-title-heading title-heading-left\" style=\"margin:0;text-transform:none;\"><h1>Information zur R\u00fcckgabe und Entsorgung von Elektro-Altger\u00e4ten, Akkus und Batterien<\/h1><\/h1><\/div><\/div><\/div><\/div><\/div><div class=\"fusion-fullwidth fullwidth-box fusion-builder-row-2 fusion-flex-container has-pattern-background has-mask-background gradient-container-2 nonhundred-percent-fullwidth non-hundred-percent-height-scrolling\" style=\"--awb-border-radius-top-left:0px;--awb-border-radius-top-right:0px;--awb-border-radius-bottom-right:0px;--awb-border-radius-bottom-left:0px;--awb-flex-wrap:wrap;\" ><div class=\"fusion-builder-row fusion-row fusion-flex-align-items-flex-start fusion-flex-content-wrap\" style=\"max-width:1263.6px;margin-left: calc(-4% \/ 2 );margin-right: calc(-4% \/ 2 );\"><div class=\"fusion-layout-column fusion_builder_column fusion-builder-column-1 fusion_builder_column_1_2 1_2 fusion-flex-column\" style=\"--awb-bg-size:cover;--awb-width-large:50%;--awb-margin-top-large:0px;--awb-spacing-right-large:3.84%;--awb-margin-bottom-large:20px;--awb-spacing-left-large:3.84%;--awb-width-medium:100%;--awb-order-medium:0;--awb-spacing-right-medium:1.92%;--awb-spacing-left-medium:1.92%;--awb-width-small:100%;--awb-order-small:0;--awb-spacing-right-small:1.92%;--awb-spacing-left-small:1.92%;\"><div class=\"fusion-column-wrapper fusion-column-has-shadow fusion-flex-justify-content-flex-start fusion-content-layout-column\"><div class=\"fusion-text fusion-text-1\"><p>Das Symbol der durchgestrichenen Abfalltonne bedeutet, dass elektrische und elektronische Ger\u00e4te als auch Batterien nicht mit dem Hausm\u00fcll entsorgt werden d\u00fcrfen.<\/p>\n<p>Elektroger\u00e4te als auch Batterien enthalten wertvolle Ressourcen und auch Schadstoffe. Daher wird nach der R\u00fcckgabe eines Elektroaltger\u00e4tes gepr\u00fcft, ob es durch Aufarbeitung wiederverwendet werden kann. Sollte das nicht m\u00f6glich sein, k\u00f6nnen Einzelteile der Altger\u00e4te als Ersatzteile wiederverwendet werden. Wird bei der Pr\u00fcfung der Elektro-Altger\u00e4te festgestellt, dass eine Aufbereitung nicht m\u00f6glich ist, werden die gesammelten Altger\u00e4te an zertifizierte Entsorgungsfachbetriebe gegeben. Diese behandelt die Altger\u00e4te entsprechend. Schadstoffe werden aus den Ger\u00e4ten entfernt und wertvolle Ressourcen der Verwertung zugef\u00fchrt. Dadurch werden die Umwelt und die knapper werdenden Ressourcen geschont. Durch korrekte Entsorgung helfen Sie, wertvolle Ressourcen zu bewahren und m\u00f6gliche negative Auswirkungen auf die menschliche Gesundheit und die Umwelt zu vermeiden.<\/p>\n<p>Dr.-Ing. Paul Christiani GmbH &amp; Co. KG ist bei der Stiftung Elektro-Altger\u00e4te-Register unter der WEEE-Reg.-Nr.: DE 10490543 sowie unter der Batt-Reg.-Nr. DE 84977353 registriert.<\/p>\n<\/div><\/div><\/div><div class=\"fusion-layout-column fusion_builder_column fusion-builder-column-2 fusion_builder_column_1_2 1_2 fusion-flex-column\" style=\"--awb-bg-size:cover;--awb-width-large:50%;--awb-margin-top-large:0px;--awb-spacing-right-large:3.84%;--awb-margin-bottom-large:20px;--awb-spacing-left-large:3.84%;--awb-width-medium:100%;--awb-order-medium:0;--awb-spacing-right-medium:1.92%;--awb-spacing-left-medium:1.92%;--awb-width-small:100%;--awb-order-small:0;--awb-spacing-right-small:1.92%;--awb-spacing-left-small:1.92%;\"><div class=\"fusion-column-wrapper fusion-column-has-shadow fusion-flex-justify-content-flex-start fusion-content-layout-column\"><div class=\"fusion-image-element \" style=\"--awb-caption-title-font-family:var(--h2_typography-font-family);--awb-caption-title-font-weight:var(--h2_typography-font-weight);--awb-caption-title-font-style:var(--h2_typography-font-style);--awb-caption-title-size:var(--h2_typography-font-size);--awb-caption-title-transform:var(--h2_typography-text-transform);--awb-caption-title-line-height:var(--h2_typography-line-height);--awb-caption-title-letter-spacing:var(--h2_typography-letter-spacing);\"><span class=\" fusion-imageframe imageframe-none imageframe-1 hover-type-none\"><img loading=\"lazy\" decoding=\"async\" width=\"400\" height=\"413\" alt=\"M\u00fclleimer der mit einem X durchgestrichen ist\" title=\"elektrogesetz_muelleimer_ohne_balken_002\" src=\"https:\/\/www.christiani.de\/cms\/wp-content\/uploads\/2023\/04\/elektrogesetz_muelleimer_ohne_balken_002-400x413.png\" class=\"img-responsive wp-image-27179\" srcset=\"https:\/\/www.christiani.de\/cms\/wp-content\/uploads\/2023\/04\/elektrogesetz_muelleimer_ohne_balken_002-200x207.png 200w, https:\/\/www.christiani.de\/cms\/wp-content\/uploads\/2023\/04\/elektrogesetz_muelleimer_ohne_balken_002-400x413.png 400w, https:\/\/www.christiani.de\/cms\/wp-content\/uploads\/2023\/04\/elektrogesetz_muelleimer_ohne_balken_002.png 450w\" sizes=\"(max-width: 1024px) 100vw, (max-width: 640px) 100vw, 400px\" \/><\/span><\/div><\/div><\/div><\/div><\/div><div class=\"fusion-fullwidth fullwidth-box fusion-builder-row-3 fusion-flex-container has-pattern-background has-mask-background gradient-container-3 nonhundred-percent-fullwidth non-hundred-percent-height-scrolling\" style=\"--awb-border-radius-top-left:0px;--awb-border-radius-top-right:0px;--awb-border-radius-bottom-right:0px;--awb-border-radius-bottom-left:0px;--awb-flex-wrap:wrap;\" ><div class=\"fusion-builder-row fusion-row fusion-flex-align-items-flex-start fusion-flex-content-wrap\" style=\"max-width:1263.6px;margin-left: calc(-4% \/ 2 );margin-right: calc(-4% \/ 2 );\"><div class=\"fusion-layout-column fusion_builder_column fusion-builder-column-3 fusion_builder_column_1_1 1_1 fusion-flex-column\" style=\"--awb-bg-size:cover;--awb-width-large:100%;--awb-margin-top-large:0px;--awb-spacing-right-large:1.92%;--awb-margin-bottom-large:20px;--awb-spacing-left-large:1.92%;--awb-width-medium:100%;--awb-order-medium:0;--awb-spacing-right-medium:1.92%;--awb-spacing-left-medium:1.92%;--awb-width-small:100%;--awb-order-small:0;--awb-spacing-right-small:1.92%;--awb-spacing-left-small:1.92%;\"><div class=\"fusion-column-wrapper fusion-column-has-shadow fusion-flex-justify-content-flex-start fusion-content-layout-column\"><div class=\"fusion-title title fusion-title-2 fusion-sep-none fusion-title-text fusion-title-size-two\"><h2 class=\"fusion-title-heading title-heading-left\" style=\"margin:0;text-transform:none;\"><h2>R\u00fcckgabem\u00f6glichkeit Elektro-Altger\u00e4t<\/h2><\/h2><\/div><div class=\"fusion-text fusion-text-2\"><p>Sollten Sie ein Elektro-Altger\u00e4t zur\u00fcckgeben wollen, befolgen Sie die nachstehenden Punkte:<\/p>\n<ol>\n<li>Melden Sie die R\u00fcckgabe telefonisch oder per E-Mail bei unserem Kundenservice<br \/>\n(Tel.: +4975315801100, E-Mail: info@christiani.de) an.<\/li>\n<\/ol>\n<p>Anschlie\u00dfend wird die Abholung des Elektro-Altger\u00e4tes gepr\u00fcft und durch unseren Kundenservice veranlasst oder ein Retourenlabel an Sie gesendet.<\/p>\n<ol start=\"2\">\n<li>Laden Sie sich das R\u00fccksendeformular unter www.christiani.de herunter und f\u00fcllen es aus.<\/li>\n<\/ol>\n<p>Das Formular legen Sie dem Elektro-Altger\u00e4t bei.<\/p>\n<ol start=\"3\">\n<li>Verpacken Sie anschlie\u00dfend ggf. das Elektro-Altger\u00e4t und stellen Sie es f\u00fcr die Abholung bereit bzw. senden Sie es an unseren Hauptstandort in Konstanz (Hermann-Hesse-Weg 2, 78464 Konstanz) zur\u00fcck.<\/li>\n<\/ol>\n<\/div><\/div><\/div><\/div><\/div><div class=\"fusion-fullwidth fullwidth-box fusion-builder-row-4 fusion-flex-container has-pattern-background has-mask-background gradient-container-4 nonhundred-percent-fullwidth non-hundred-percent-height-scrolling\" style=\"--awb-border-radius-top-left:0px;--awb-border-radius-top-right:0px;--awb-border-radius-bottom-right:0px;--awb-border-radius-bottom-left:0px;--awb-flex-wrap:wrap;\" ><div class=\"fusion-builder-row fusion-row fusion-flex-align-items-flex-start fusion-flex-content-wrap\" style=\"max-width:1263.6px;margin-left: calc(-4% \/ 2 );margin-right: calc(-4% \/ 2 );\"><div class=\"fusion-layout-column fusion_builder_column fusion-builder-column-4 fusion_builder_column_1_1 1_1 fusion-flex-column\" style=\"--awb-bg-size:cover;--awb-width-large:100%;--awb-margin-top-large:0px;--awb-spacing-right-large:1.92%;--awb-margin-bottom-large:20px;--awb-spacing-left-large:1.92%;--awb-width-medium:100%;--awb-order-medium:0;--awb-spacing-right-medium:1.92%;--awb-spacing-left-medium:1.92%;--awb-width-small:100%;--awb-order-small:0;--awb-spacing-right-small:1.92%;--awb-spacing-left-small:1.92%;\"><div class=\"fusion-column-wrapper fusion-column-has-shadow fusion-flex-justify-content-flex-start fusion-content-layout-column\"><div class=\"fusion-title title fusion-title-3 fusion-sep-none fusion-title-text fusion-title-size-two\"><h2 class=\"fusion-title-heading title-heading-left\" style=\"margin:0;text-transform:none;\"><h2>Besondere Hinweise zu Elektro-Altger\u00e4ten<\/h2><\/h2><\/div><div class=\"fusion-text fusion-text-3\"><ul>\n<li>Elektro-Altger\u00e4te m\u00fcssen gem\u00e4\u00df den gesetzlichen Vorgaben einer getrennten Sammlung und Verwertung zugef\u00fchrt werden.<\/li>\n<li>Altbatterien, Altakkumulatoren und Lampen, die zerst\u00f6rungsfrei aus dem Altger\u00e4t entnommen werden k\u00f6nnen, m\u00fcssen vor der Abgabe vom Altger\u00e4t getrennt und den hierf\u00fcr vorgesehenen Entsorgungswegen zugef\u00fchrt werden.<\/li>\n<li>Personenbezogene Daten auf den zu entsorgenden Altger\u00e4ten m\u00fcssen Sie eigenverantwortlich l\u00f6schen.<\/li>\n<li>Die\u00a0Annahme von Altger\u00e4ten\u00a0darf abgelehnt werden, wenn aufgrund einer Verunreinigung eine Gefahr f\u00fcr die Gesundheit und Sicherheit von Menschen besteht.<\/li>\n<\/ul>\n<\/div><\/div><\/div><\/div><\/div><div class=\"fusion-fullwidth fullwidth-box fusion-builder-row-5 fusion-flex-container has-pattern-background has-mask-background gradient-container-5 nonhundred-percent-fullwidth non-hundred-percent-height-scrolling\" style=\"--awb-border-radius-top-left:0px;--awb-border-radius-top-right:0px;--awb-border-radius-bottom-right:0px;--awb-border-radius-bottom-left:0px;--awb-flex-wrap:wrap;\" ><div class=\"fusion-builder-row fusion-row fusion-flex-align-items-flex-start fusion-flex-content-wrap\" style=\"max-width:1263.6px;margin-left: calc(-4% \/ 2 );margin-right: calc(-4% \/ 2 );\"><div class=\"fusion-layout-column fusion_builder_column fusion-builder-column-5 fusion_builder_column_1_1 1_1 fusion-flex-column\" style=\"--awb-bg-size:cover;--awb-width-large:100%;--awb-margin-top-large:0px;--awb-spacing-right-large:1.92%;--awb-margin-bottom-large:20px;--awb-spacing-left-large:1.92%;--awb-width-medium:100%;--awb-order-medium:0;--awb-spacing-right-medium:1.92%;--awb-spacing-left-medium:1.92%;--awb-width-small:100%;--awb-order-small:0;--awb-spacing-right-small:1.92%;--awb-spacing-left-small:1.92%;\"><div class=\"fusion-column-wrapper fusion-column-has-shadow fusion-flex-justify-content-flex-start fusion-content-layout-column\"><div class=\"fusion-title title fusion-title-4 fusion-sep-none fusion-title-text fusion-title-size-two\"><h2 class=\"fusion-title-heading title-heading-left\" style=\"margin:0;text-transform:none;\"><h2>R\u00fcckgabem\u00f6glichkeit Ger\u00e4tebatterien<\/h2><\/h2><\/div><div class=\"fusion-text fusion-text-4\"><p>Verbrauchte Batterien und Akkus k\u00f6nnen Sie bei\u00a0kommunalen\u00a0Sammelstellen bzw.\u00a0Recyclingh\u00f6fen\u00a0oder \u00fcberall im\u00a0Handel,\u00a0wo Batterien\/Akkus verkauft werden,\u00a0ebenfalls\u00a0kostenlos zur\u00fcckgeben \u2013 unabh\u00e4ngig davon, wo sie gekauft wurden und unabh\u00e4ngig von Marke und Typ.\u00a0Zus\u00e4tzlich k\u00f6nnen die Batterien an unserem Standort in Konstanz (Hermann-Hesse-Weg 2) abgegeben werden.<\/p>\n<\/div><\/div><\/div><\/div><\/div><div class=\"fusion-fullwidth fullwidth-box fusion-builder-row-6 fusion-flex-container has-pattern-background has-mask-background gradient-container-6 nonhundred-percent-fullwidth non-hundred-percent-height-scrolling\" style=\"--awb-border-radius-top-left:0px;--awb-border-radius-top-right:0px;--awb-border-radius-bottom-right:0px;--awb-border-radius-bottom-left:0px;--awb-flex-wrap:wrap;\" ><div class=\"fusion-builder-row fusion-row fusion-flex-align-items-flex-start fusion-flex-content-wrap\" style=\"max-width:1263.6px;margin-left: calc(-4% \/ 2 );margin-right: calc(-4% \/ 2 );\"><div class=\"fusion-layout-column fusion_builder_column fusion-builder-column-6 fusion_builder_column_1_1 1_1 fusion-flex-column\" style=\"--awb-bg-size:cover;--awb-width-large:100%;--awb-margin-top-large:0px;--awb-spacing-right-large:1.92%;--awb-margin-bottom-large:20px;--awb-spacing-left-large:1.92%;--awb-width-medium:100%;--awb-order-medium:0;--awb-spacing-right-medium:1.92%;--awb-spacing-left-medium:1.92%;--awb-width-small:100%;--awb-order-small:0;--awb-spacing-right-small:1.92%;--awb-spacing-left-small:1.92%;\"><div class=\"fusion-column-wrapper fusion-column-has-shadow fusion-flex-justify-content-flex-start fusion-content-layout-column\"><div class=\"fusion-title title fusion-title-5 fusion-sep-none fusion-title-text fusion-title-size-two\"><h2 class=\"fusion-title-heading title-heading-left\" style=\"margin:0;text-transform:none;\"><h2>Besondere Hinweise zu\u00a0Ger\u00e4tebatterien<\/h2><\/h2><\/div><div class=\"fusion-text fusion-text-5\"><ul>\n<li>Endnutzer sind zur R\u00fcckgabe von Altbatterien gesetzlich verpflichtet<\/li>\n<li>Sie m\u00fcssen gem\u00e4\u00df den gesetzlichen Vorgaben einer getrennten Sammlung, Verwertung und Vorbereitung zur Wiederverwendung zugef\u00fchrt werden.<\/li>\n<li>Aufgrund der besonderen Umweltrelevanz sind Hersteller verpflichtet, schadstoffhaltige Batterien und Akkus mit dem chemischen Symbol der Metalle (Hg, Cd, Pb) zu kennzeichnen.\n<ul>\n<li>Pb = Batterie enth\u00e4lt mehr als 0,004 Prozent Blei<\/li>\n<li>Cd = Batterie enth\u00e4lt mehr als 0,002 Prozent Cadmium<\/li>\n<li>Hg = Batterie enth\u00e4lt mehr als 0,0005 Prozent Quecksilber<\/li>\n<\/ul>\n<\/li>\n<li>Achten Sie insbesondere beim Umgang mit lithiumhaltigen Batterien auf folgende Punkte:\n<ul>\n<li>Kleben Sie die Pole bei Lagerung und vor der Entsorgung ab, damit keine Kurzschl\u00fcsse entstehen.<\/li>\n<li>Lithium-Batterien bzw. Ger\u00e4te mit Lithium-Batterien keinesfalls gro\u00dfer Hitze aussetzen und darauf achten, dass sie nicht mit Wasser in Ber\u00fchrung kommen.<\/li>\n<li>Verwenden Sie keine defekten Lithium-Batterien.<\/li>\n<li>Geben Sie die Batterien nur im entladenen Zustand bei den R\u00fccknahmestellen ab.<\/li>\n<\/ul>\n<\/li>\n<li>Altbatterien und Altakkumulatoren, die zerst\u00f6rungsfrei aus Altger\u00e4ten entnommen werden k\u00f6nnen, m\u00fcssen vom Altger\u00e4t getrennt dem entsprechenden Entsorgungsweg zugef\u00fchrt werden.<\/li>\n<\/ul>\n<\/div><\/div><\/div><\/div><\/div><div class=\"fusion-fullwidth fullwidth-box fusion-builder-row-7 fusion-flex-container has-pattern-background has-mask-background gradient-container-7 nonhundred-percent-fullwidth non-hundred-percent-height-scrolling\" style=\"--awb-border-radius-top-left:0px;--awb-border-radius-top-right:0px;--awb-border-radius-bottom-right:0px;--awb-border-radius-bottom-left:0px;--awb-flex-wrap:wrap;\" ><div class=\"fusion-builder-row fusion-row fusion-flex-align-items-flex-start fusion-flex-content-wrap\" style=\"max-width:1263.6px;margin-left: calc(-4% \/ 2 );margin-right: calc(-4% \/ 2 );\"><div class=\"fusion-layout-column fusion_builder_column fusion-builder-column-7 fusion_builder_column_1_1 1_1 fusion-flex-column\" style=\"--awb-bg-size:cover;--awb-width-large:100%;--awb-margin-top-large:0px;--awb-spacing-right-large:1.92%;--awb-margin-bottom-large:20px;--awb-spacing-left-large:1.92%;--awb-width-medium:100%;--awb-order-medium:0;--awb-spacing-right-medium:1.92%;--awb-spacing-left-medium:1.92%;--awb-width-small:100%;--awb-order-small:0;--awb-spacing-right-small:1.92%;--awb-spacing-left-small:1.92%;\"><div class=\"fusion-column-wrapper fusion-column-has-shadow fusion-flex-justify-content-flex-start fusion-content-layout-column\"><div class=\"fusion-text fusion-text-6\"><p>Weitere Informationen erhalten Sie beim &#8222;Gemeinsamen R\u00fccknahmesystem f\u00fcr Batterien&#8220; unter\u00a0<a href=\"https:\/\/www.grs-batterien.de\" target=\"_blank\" rel=\"noopener\">www.grs-batterien.de<\/a>, welchem sich die Dr.-Ing. Paul Christiani GmbH &amp; Co. KG angeschlossen hat.<\/p>\n<\/div><\/div><\/div><\/div><\/div><\/p>\n","protected":false},"excerpt":{"rendered":"","protected":false},"author":13,"featured_media":0,"parent":0,"menu_order":0,"comment_status":"closed","ping_status":"closed","template":"","meta":{"footnotes":""},"class_list":["post-26201","page","type-page","status-publish","hentry"],"yoast_head":"<!-- This site is optimized with the Yoast SEO plugin v23.4 - https:\/\/yoast.com\/wordpress\/plugins\/seo\/ -->\n<title>Informationen zu Altger\u00e4ten und Batterien - Lehr- und Pr\u00fcfungsmaterial f\u00fcr Schule &amp; Ausbildung | Christiani.de<\/title>\n<meta name=\"description\" content=\"Information zur R\u00fcckgabe und Entsorgung von Elektro-Altger\u00e4ten, Akkus und Batterien - - Das Symbol der durchgestrichenen Abfalltonne bedeutet, dass elektri\" \/>\n<meta name=\"robots\" content=\"noindex, follow\" \/>\n<meta property=\"og:locale\" content=\"de_DE\" \/>\n<meta property=\"og:type\" content=\"article\" \/>\n<meta property=\"og:title\" content=\"Informationen zu Altger\u00e4ten und Batterien - Lehr- und Pr\u00fcfungsmaterial f\u00fcr Schule &amp; Ausbildung | Christiani.de\" \/>\n<meta property=\"og:description\" content=\"Information zur R\u00fcckgabe und Entsorgung von Elektro-Altger\u00e4ten, Akkus und Batterien - - Das Symbol der durchgestrichenen Abfalltonne bedeutet, dass elektri\" \/>\n<meta property=\"og:url\" content=\"https:\/\/www.christiani.de\/cms\/altgeraete-und-batterien\/\" \/>\n<meta property=\"og:site_name\" content=\"Lehr- und Pr\u00fcfungsmaterial f\u00fcr Schule &amp; Ausbildung | Christiani.de\" \/>\n<meta property=\"article:modified_time\" content=\"2025-08-05T10:20:17+00:00\" \/>\n<meta name=\"twitter:card\" content=\"summary_large_image\" \/>\n<meta name=\"twitter:label1\" content=\"Gesch\u00e4tzte Lesezeit\" \/>\n\t<meta name=\"twitter:data1\" content=\"4 Minuten\" \/>\n<script type=\"application\/ld+json\" class=\"yoast-schema-graph\">{\"@context\":\"https:\/\/schema.org\",\"@graph\":[{\"@type\":\"WebPage\",\"@id\":\"https:\/\/www.christiani.de\/cms\/altgeraete-und-batterien\/\",\"url\":\"https:\/\/www.christiani.de\/cms\/altgeraete-und-batterien\/\",\"name\":\"Informationen zu Altger\u00e4ten und Batterien - Lehr- und Pr\u00fcfungsmaterial f\u00fcr Schule &amp; Ausbildung | Christiani.de\",\"isPartOf\":{\"@id\":\"https:\/\/www.christiani.de\/cms\/#website\"},\"datePublished\":\"2023-02-09T14:50:34+00:00\",\"dateModified\":\"2025-08-05T10:20:17+00:00\",\"description\":\"Information zur R\u00fcckgabe und Entsorgung von Elektro-Altger\u00e4ten, Akkus und Batterien - - Das Symbol der durchgestrichenen Abfalltonne bedeutet, dass elektri\",\"breadcrumb\":{\"@id\":\"https:\/\/www.christiani.de\/cms\/altgeraete-und-batterien\/#breadcrumb\"},\"inLanguage\":\"de-DE\",\"potentialAction\":[{\"@type\":\"ReadAction\",\"target\":[\"https:\/\/www.christiani.de\/cms\/altgeraete-und-batterien\/\"]}]},{\"@type\":\"BreadcrumbList\",\"@id\":\"https:\/\/www.christiani.de\/cms\/altgeraete-und-batterien\/#breadcrumb\",\"itemListElement\":[{\"@type\":\"ListItem\",\"position\":1,\"name\":\"christiani.de\",\"item\":\"https:\/\/www.christiani.de\"},{\"@type\":\"ListItem\",\"position\":2,\"name\":\"Informationen zu Altger\u00e4ten und Batterien\"}]},{\"@type\":\"WebSite\",\"@id\":\"https:\/\/www.christiani.de\/cms\/#website\",\"url\":\"https:\/\/www.christiani.de\/cms\/\",\"name\":\"Lehr- und Pr\u00fcfungsmaterial f\u00fcr Schule &amp; Ausbildung | Christiani.de\",\"description\":\"Christiani.de\",\"potentialAction\":[{\"@type\":\"SearchAction\",\"target\":{\"@type\":\"EntryPoint\",\"urlTemplate\":\"https:\/\/www.christiani.de\/cms\/?s={search_term_string}\"},\"query-input\":{\"@type\":\"PropertyValueSpecification\",\"valueRequired\":true,\"valueName\":\"search_term_string\"}}],\"inLanguage\":\"de-DE\"}]}<\/script>\n<!-- \/ Yoast SEO plugin. -->","yoast_head_json":{"title":"Informationen zu Altger\u00e4ten und Batterien - Lehr- und Pr\u00fcfungsmaterial f\u00fcr Schule &amp; Ausbildung | Christiani.de","description":"Information zur R\u00fcckgabe und Entsorgung von Elektro-Altger\u00e4ten, Akkus und Batterien - - Das Symbol der durchgestrichenen Abfalltonne bedeutet, dass elektri","robots":{"index":"noindex","follow":"follow"},"og_locale":"de_DE","og_type":"article","og_title":"Informationen zu Altger\u00e4ten und Batterien - Lehr- und Pr\u00fcfungsmaterial f\u00fcr Schule &amp; Ausbildung | Christiani.de","og_description":"Information zur R\u00fcckgabe und Entsorgung von Elektro-Altger\u00e4ten, Akkus und Batterien - - Das Symbol der durchgestrichenen Abfalltonne bedeutet, dass elektri","og_url":"https:\/\/www.christiani.de\/cms\/altgeraete-und-batterien\/","og_site_name":"Lehr- und Pr\u00fcfungsmaterial f\u00fcr Schule &amp; Ausbildung | Christiani.de","article_modified_time":"2025-08-05T10:20:17+00:00","twitter_card":"summary_large_image","twitter_misc":{"Gesch\u00e4tzte Lesezeit":"4 Minuten"},"schema":{"@context":"https:\/\/schema.org","@graph":[{"@type":"WebPage","@id":"https:\/\/www.christiani.de\/cms\/altgeraete-und-batterien\/","url":"https:\/\/www.christiani.de\/cms\/altgeraete-und-batterien\/","name":"Informationen zu Altger\u00e4ten und Batterien - Lehr- und Pr\u00fcfungsmaterial f\u00fcr Schule &amp; Ausbildung | Christiani.de","isPartOf":{"@id":"https:\/\/www.christiani.de\/cms\/#website"},"datePublished":"2023-02-09T14:50:34+00:00","dateModified":"2025-08-05T10:20:17+00:00","description":"Information zur R\u00fcckgabe und Entsorgung von Elektro-Altger\u00e4ten, Akkus und Batterien - - Das Symbol der durchgestrichenen Abfalltonne bedeutet, dass elektri","breadcrumb":{"@id":"https:\/\/www.christiani.de\/cms\/altgeraete-und-batterien\/#breadcrumb"},"inLanguage":"de-DE","potentialAction":[{"@type":"ReadAction","target":["https:\/\/www.christiani.de\/cms\/altgeraete-und-batterien\/"]}]},{"@type":"BreadcrumbList","@id":"https:\/\/www.christiani.de\/cms\/altgeraete-und-batterien\/#breadcrumb","itemListElement":[{"@type":"ListItem","position":1,"name":"christiani.de","item":"https:\/\/www.christiani.de"},{"@type":"ListItem","position":2,"name":"Informationen zu Altger\u00e4ten und Batterien"}]},{"@type":"WebSite","@id":"https:\/\/www.christiani.de\/cms\/#website","url":"https:\/\/www.christiani.de\/cms\/","name":"Lehr- und Pr\u00fcfungsmaterial f\u00fcr Schule &amp; Ausbildung | Christiani.de","description":"Christiani.de","potentialAction":[{"@type":"SearchAction","target":{"@type":"EntryPoint","urlTemplate":"https:\/\/www.christiani.de\/cms\/?s={search_term_string}"},"query-input":{"@type":"PropertyValueSpecification","valueRequired":true,"valueName":"search_term_string"}}],"inLanguage":"de-DE"}]}},"_links":{"self":[{"href":"https:\/\/www.christiani.de\/cms\/wp-json\/wp\/v2\/pages\/26201"}],"collection":[{"href":"https:\/\/www.christiani.de\/cms\/wp-json\/wp\/v2\/pages"}],"about":[{"href":"https:\/\/www.christiani.de\/cms\/wp-json\/wp\/v2\/types\/page"}],"author":[{"embeddable":true,"href":"https:\/\/www.christiani.de\/cms\/wp-json\/wp\/v2\/users\/13"}],"replies":[{"embeddable":true,"href":"https:\/\/www.christiani.de\/cms\/wp-json\/wp\/v2\/comments?post=26201"}],"version-history":[{"count":15,"href":"https:\/\/www.christiani.de\/cms\/wp-json\/wp\/v2\/pages\/26201\/revisions"}],"predecessor-version":[{"id":38927,"href":"https:\/\/www.christiani.de\/cms\/wp-json\/wp\/v2\/pages\/26201\/revisions\/38927"}],"wp:attachment":[{"href":"https:\/\/www.christiani.de\/cms\/wp-json\/wp\/v2\/media?parent=26201"}],"curies":[{"name":"wp","href":"https:\/\/api.w.org\/{rel}","templated":true}]}}