{"id":24726,"date":"2022-11-21T12:07:53","date_gmt":"2022-11-21T11:07:53","guid":{"rendered":"https:\/\/www.christiani.de\/cms\/?page_id=24726"},"modified":"2024-02-20T08:32:38","modified_gmt":"2024-02-20T07:32:38","slug":"technische-mathematik","status":"publish","type":"page","link":"https:\/\/www.christiani.de\/cms\/technische-mathematik\/","title":{"rendered":"Technische Mathematik"},"content":{"rendered":"<p><div class=\"fusion-fullwidth fullwidth-box fusion-builder-row-1 fusion-flex-container has-pattern-background has-mask-background gradient-container-1 nonhundred-percent-fullwidth non-hundred-percent-height-scrolling\" style=\"--awb-border-radius-top-left:0px;--awb-border-radius-top-right:0px;--awb-border-radius-bottom-right:0px;--awb-border-radius-bottom-left:0px;--awb-flex-wrap:wrap;\" ><div class=\"fusion-builder-row fusion-row fusion-flex-align-items-flex-start fusion-flex-content-wrap\" style=\"max-width:1263.6px;margin-left: calc(-4% \/ 2 );margin-right: calc(-4% \/ 2 );\"><div class=\"fusion-layout-column fusion_builder_column fusion-builder-column-0 fusion_builder_column_2_3 2_3 fusion-flex-column padding-xs-lr15\" style=\"--awb-bg-size:cover;--awb-width-large:66.666666666667%;--awb-margin-top-large:0px;--awb-spacing-right-large:2.88%;--awb-margin-bottom-large:20px;--awb-spacing-left-large:2.88%;--awb-width-medium:100%;--awb-spacing-right-medium:1.92%;--awb-spacing-left-medium:1.92%;--awb-width-small:100%;--awb-spacing-right-small:1.92%;--awb-spacing-left-small:1.92%;\"><div class=\"fusion-column-wrapper fusion-column-has-shadow fusion-flex-justify-content-flex-start fusion-content-layout-column\"><div class=\"fusion-title title fusion-title-1 fusion-sep-none fusion-title-text fusion-title-size-one text-align-xs-left\" style=\"--awb-text-color:#005ba8;\"><h1 class=\"fusion-title-heading title-heading-left\" style=\"margin:0;text-transform:none;\"><strong>Mathematik Themen\u00fcbersichten, Tableaus und Schaubilder f\u00fcr Ausbilder\/-innen und Azubis<\/strong><\/h1><\/div><div class=\"fusion-text fusion-text-1 text-align-xs-left\"><p>Dreisatz? \u2013 wie war das nochmal? Wie viel Liter sind ein Hektoliter? Und wie berechnet man das Widerstandsmoment? \u00dcberall in der Technik begegnen uns mathematische Aufgaben. F\u00fcr alle Azubis und Ausbilder\/-innen haben wir daher diese Webseite mit interessanten n\u00fctzlichen \u00dcbersichten, Tableaus und Schaubildern erstellt.<\/p>\n<p>Die folgenden \u00dcbersichten stellen wir Ihnen kostenlos zur Verf\u00fcgung \u2013 mit einem Klick auf das jeweilige Bild oder den Link k\u00f6nnen Sie die gew\u00fcnschte Datei anfordern. Sie erhalten sie als PDF direkt per E-Mail. Sie k\u00f6nnen die Datei an Ihre Azubis weiterleiten oder als Poster (optimiert im Format DIN A3) ausdrucken. Selbstverst\u00e4ndlich k\u00f6nnen Sie die praktischen Mathe-\u00dcbersichten auch selbst nutzen.<\/p>\n<\/div><\/div><\/div><div class=\"fusion-layout-column fusion_builder_column fusion-builder-column-1 fusion_builder_column_1_3 1_3 fusion-flex-column\" style=\"--awb-bg-size:cover;--awb-width-large:33.333333333333%;--awb-margin-top-large:0px;--awb-spacing-right-large:5.76%;--awb-margin-bottom-large:20px;--awb-spacing-left-large:5.76%;--awb-width-medium:100%;--awb-order-medium:0;--awb-spacing-right-medium:1.92%;--awb-spacing-left-medium:1.92%;--awb-width-small:100%;--awb-order-small:0;--awb-spacing-right-small:1.92%;--awb-spacing-left-small:1.92%;\"><div class=\"fusion-column-wrapper fusion-column-has-shadow fusion-flex-justify-content-flex-start fusion-content-layout-column\"><div class=\"fusion-image-element \" style=\"--awb-caption-title-font-family:var(--h2_typography-font-family);--awb-caption-title-font-weight:var(--h2_typography-font-weight);--awb-caption-title-font-style:var(--h2_typography-font-style);--awb-caption-title-size:var(--h2_typography-font-size);--awb-caption-title-transform:var(--h2_typography-text-transform);--awb-caption-title-line-height:var(--h2_typography-line-height);--awb-caption-title-letter-spacing:var(--h2_typography-letter-spacing);\"><span class=\" fusion-imageframe imageframe-none imageframe-1 hover-type-none\"><img loading=\"lazy\" decoding=\"async\" width=\"1024\" height=\"683\" title=\"Creative math backdrop\" src=\"https:\/\/www.christiani.de\/cms\/wp-content\/uploads\/2022\/11\/AdobeStock_275842296-1024x683.jpeg\" alt class=\"img-responsive wp-image-24845\" srcset=\"https:\/\/www.christiani.de\/cms\/wp-content\/uploads\/2022\/11\/AdobeStock_275842296-200x133.jpeg 200w, https:\/\/www.christiani.de\/cms\/wp-content\/uploads\/2022\/11\/AdobeStock_275842296-400x267.jpeg 400w, https:\/\/www.christiani.de\/cms\/wp-content\/uploads\/2022\/11\/AdobeStock_275842296-600x400.jpeg 600w, https:\/\/www.christiani.de\/cms\/wp-content\/uploads\/2022\/11\/AdobeStock_275842296-800x533.jpeg 800w, https:\/\/www.christiani.de\/cms\/wp-content\/uploads\/2022\/11\/AdobeStock_275842296-1200x800.jpeg 1200w\" sizes=\"(max-width: 1024px) 100vw, (max-width: 640px) 100vw, 400px\" \/><\/span><\/div><\/div><\/div><\/div><\/div><div class=\"fusion-fullwidth fullwidth-box fusion-builder-row-2 fusion-flex-container has-pattern-background has-mask-background gradient-container-2 nonhundred-percent-fullwidth non-hundred-percent-height-scrolling\" style=\"--awb-border-radius-top-left:0px;--awb-border-radius-top-right:0px;--awb-border-radius-bottom-right:0px;--awb-border-radius-bottom-left:0px;--awb-flex-wrap:wrap;\" ><div class=\"fusion-builder-row fusion-row fusion-flex-align-items-flex-start fusion-flex-content-wrap\" style=\"max-width:1263.6px;margin-left: calc(-4% \/ 2 );margin-right: calc(-4% \/ 2 );\"><div class=\"fusion-layout-column fusion_builder_column fusion-builder-column-2 fusion_builder_column_1_3 1_3 fusion-flex-column\" style=\"--awb-bg-size:cover;--awb-width-large:33.333333333333%;--awb-margin-top-large:0px;--awb-spacing-right-large:5.76%;--awb-margin-bottom-large:20px;--awb-spacing-left-large:5.76%;--awb-width-medium:100%;--awb-order-medium:0;--awb-spacing-right-medium:1.92%;--awb-spacing-left-medium:1.92%;--awb-width-small:100%;--awb-order-small:0;--awb-spacing-right-small:1.92%;--awb-spacing-left-small:1.92%;\"><div class=\"fusion-column-wrapper fusion-column-has-shadow fusion-flex-justify-content-flex-start fusion-content-layout-column\"><div class=\"fusion-text fusion-text-2\"><h3><strong>Bruchrechnung<\/strong><\/h3>\n<\/div><div class=\"fusion-image-element \" style=\"--awb-caption-title-font-family:var(--h2_typography-font-family);--awb-caption-title-font-weight:var(--h2_typography-font-weight);--awb-caption-title-font-style:var(--h2_typography-font-style);--awb-caption-title-size:var(--h2_typography-font-size);--awb-caption-title-transform:var(--h2_typography-text-transform);--awb-caption-title-line-height:var(--h2_typography-line-height);--awb-caption-title-letter-spacing:var(--h2_typography-letter-spacing);\"><span class=\" fusion-imageframe imageframe-none imageframe-2 hover-type-none\"><a class=\"fusion-no-lightbox\" href=\"https:\/\/www.christiani.de\/cms\/technische-mathematik-bruchrechnung\/\" target=\"_self\" aria-label=\"5356 Lernbl\u00e4tter Poster technische Mathe LB 1 K1\"><img loading=\"lazy\" decoding=\"async\" width=\"842\" height=\"1191\" src=\"https:\/\/www.christiani.de\/cms\/wp-content\/uploads\/2022\/11\/5356-Lernblaetter-Poster-technische-Mathe-LB-1-K1.jpg\" alt class=\"img-responsive wp-image-24669\" srcset=\"https:\/\/www.christiani.de\/cms\/wp-content\/uploads\/2022\/11\/5356-Lernblaetter-Poster-technische-Mathe-LB-1-K1-200x283.jpg 200w, https:\/\/www.christiani.de\/cms\/wp-content\/uploads\/2022\/11\/5356-Lernblaetter-Poster-technische-Mathe-LB-1-K1-400x566.jpg 400w, https:\/\/www.christiani.de\/cms\/wp-content\/uploads\/2022\/11\/5356-Lernblaetter-Poster-technische-Mathe-LB-1-K1-600x849.jpg 600w, https:\/\/www.christiani.de\/cms\/wp-content\/uploads\/2022\/11\/5356-Lernblaetter-Poster-technische-Mathe-LB-1-K1-800x1132.jpg 800w, https:\/\/www.christiani.de\/cms\/wp-content\/uploads\/2022\/11\/5356-Lernblaetter-Poster-technische-Mathe-LB-1-K1.jpg 842w\" sizes=\"(max-width: 1024px) 100vw, (max-width: 640px) 100vw, 400px\" \/><\/a><\/span><\/div><div class=\"fusion-text fusion-text-3\"><p>Erweitern und K\u00fcrzen, die Grundrechenarten, gemischte Zahlen und das Verst\u00e4ndnis von Br\u00fcchen: alles in einem Schaubild.<\/p>\n<p><a href=\"https:\/\/www.christiani.de\/cms\/technische-mathematik-bruchrechnung\/\"><strong>Hier erhalten Sie die \u00dcbersicht direkt per E-Mail.<\/strong><\/a><\/p>\n<\/div><\/div><\/div><div class=\"fusion-layout-column fusion_builder_column fusion-builder-column-3 fusion_builder_column_1_3 1_3 fusion-flex-column\" style=\"--awb-bg-size:cover;--awb-width-large:33.333333333333%;--awb-margin-top-large:0px;--awb-spacing-right-large:5.76%;--awb-margin-bottom-large:20px;--awb-spacing-left-large:5.76%;--awb-width-medium:100%;--awb-order-medium:0;--awb-spacing-right-medium:1.92%;--awb-spacing-left-medium:1.92%;--awb-width-small:100%;--awb-order-small:0;--awb-spacing-right-small:1.92%;--awb-spacing-left-small:1.92%;\"><div class=\"fusion-column-wrapper fusion-column-has-shadow fusion-flex-justify-content-flex-start fusion-content-layout-column\"><div class=\"fusion-text fusion-text-4\"><h3><strong>Proportionalit\u00e4t und Dreisatz<\/strong><\/h3>\n<\/div><div class=\"fusion-image-element \" style=\"--awb-caption-title-font-family:var(--h2_typography-font-family);--awb-caption-title-font-weight:var(--h2_typography-font-weight);--awb-caption-title-font-style:var(--h2_typography-font-style);--awb-caption-title-size:var(--h2_typography-font-size);--awb-caption-title-transform:var(--h2_typography-text-transform);--awb-caption-title-line-height:var(--h2_typography-line-height);--awb-caption-title-letter-spacing:var(--h2_typography-letter-spacing);\"><span class=\" fusion-imageframe imageframe-none imageframe-3 hover-type-none\"><a class=\"fusion-no-lightbox\" href=\"https:\/\/www.christiani.de\/cms\/?page_id=24866&amp;preview=true\" target=\"_self\" aria-label=\"5356 Lernbl\u00e4tter Poster technische Mathe LB 2 K1\"><img loading=\"lazy\" decoding=\"async\" width=\"842\" height=\"1191\" src=\"https:\/\/www.christiani.de\/cms\/wp-content\/uploads\/2022\/11\/5356-Lernblaetter-Poster-technische-Mathe-LB-2-K1.jpg\" alt class=\"img-responsive wp-image-24670\" srcset=\"https:\/\/www.christiani.de\/cms\/wp-content\/uploads\/2022\/11\/5356-Lernblaetter-Poster-technische-Mathe-LB-2-K1-200x283.jpg 200w, https:\/\/www.christiani.de\/cms\/wp-content\/uploads\/2022\/11\/5356-Lernblaetter-Poster-technische-Mathe-LB-2-K1-400x566.jpg 400w, https:\/\/www.christiani.de\/cms\/wp-content\/uploads\/2022\/11\/5356-Lernblaetter-Poster-technische-Mathe-LB-2-K1-600x849.jpg 600w, https:\/\/www.christiani.de\/cms\/wp-content\/uploads\/2022\/11\/5356-Lernblaetter-Poster-technische-Mathe-LB-2-K1-800x1132.jpg 800w, https:\/\/www.christiani.de\/cms\/wp-content\/uploads\/2022\/11\/5356-Lernblaetter-Poster-technische-Mathe-LB-2-K1.jpg 842w\" sizes=\"(max-width: 1024px) 100vw, (max-width: 640px) 100vw, 400px\" \/><\/a><\/span><\/div><div class=\"fusion-text fusion-text-5\"><p>Direkt und indirekte Proportionalit\u00e4t sowie direkter und indirekter Dreisatz anschaulich zusammengefasst auf diesem Tableau.<\/p>\n<p><a href=\"https:\/\/www.christiani.de\/cms\/?page_id=24866&amp;preview=true\"><strong>Holen Sie sich das Tableau kostenlos!<\/strong><\/a><\/p>\n<\/div><\/div><\/div><\/div><\/div><div class=\"fusion-fullwidth fullwidth-box fusion-builder-row-3 fusion-flex-container has-pattern-background has-mask-background gradient-container-3 nonhundred-percent-fullwidth non-hundred-percent-height-scrolling\" style=\"--awb-border-radius-top-left:0px;--awb-border-radius-top-right:0px;--awb-border-radius-bottom-right:0px;--awb-border-radius-bottom-left:0px;--awb-flex-wrap:wrap;\" ><div class=\"fusion-builder-row fusion-row fusion-flex-align-items-flex-start fusion-flex-content-wrap\" style=\"max-width:1263.6px;margin-left: calc(-4% \/ 2 );margin-right: calc(-4% \/ 2 );\"><div class=\"fusion-layout-column fusion_builder_column fusion-builder-column-4 fusion_builder_column_1_3 1_3 fusion-flex-column\" style=\"--awb-bg-size:cover;--awb-width-large:33.333333333333%;--awb-margin-top-large:0px;--awb-spacing-right-large:5.76%;--awb-margin-bottom-large:20px;--awb-spacing-left-large:5.76%;--awb-width-medium:100%;--awb-order-medium:0;--awb-spacing-right-medium:1.92%;--awb-spacing-left-medium:1.92%;--awb-width-small:100%;--awb-order-small:0;--awb-spacing-right-small:1.92%;--awb-spacing-left-small:1.92%;\"><div class=\"fusion-column-wrapper fusion-column-has-shadow fusion-flex-justify-content-flex-start fusion-content-layout-column\"><div class=\"fusion-text fusion-text-6\"><h3><strong>Funktionen<\/strong><\/h3>\n<\/div><div class=\"fusion-image-element \" style=\"--awb-caption-title-font-family:var(--h2_typography-font-family);--awb-caption-title-font-weight:var(--h2_typography-font-weight);--awb-caption-title-font-style:var(--h2_typography-font-style);--awb-caption-title-size:var(--h2_typography-font-size);--awb-caption-title-transform:var(--h2_typography-text-transform);--awb-caption-title-line-height:var(--h2_typography-line-height);--awb-caption-title-letter-spacing:var(--h2_typography-letter-spacing);\"><span class=\" fusion-imageframe imageframe-none imageframe-4 hover-type-none\"><a class=\"fusion-no-lightbox\" href=\"https:\/\/www.christiani.de\/cms\/?page_id=24870&amp;preview=true\" target=\"_self\" aria-label=\"5356 Lernbl\u00e4tter Poster technische Mathe LB 3 K1\"><img loading=\"lazy\" decoding=\"async\" width=\"842\" height=\"1191\" src=\"https:\/\/www.christiani.de\/cms\/wp-content\/uploads\/2022\/11\/5356-Lernblaetter-Poster-technische-Mathe-LB-3-K1.jpg\" alt class=\"img-responsive wp-image-24671\" srcset=\"https:\/\/www.christiani.de\/cms\/wp-content\/uploads\/2022\/11\/5356-Lernblaetter-Poster-technische-Mathe-LB-3-K1-200x283.jpg 200w, https:\/\/www.christiani.de\/cms\/wp-content\/uploads\/2022\/11\/5356-Lernblaetter-Poster-technische-Mathe-LB-3-K1-400x566.jpg 400w, https:\/\/www.christiani.de\/cms\/wp-content\/uploads\/2022\/11\/5356-Lernblaetter-Poster-technische-Mathe-LB-3-K1-600x849.jpg 600w, https:\/\/www.christiani.de\/cms\/wp-content\/uploads\/2022\/11\/5356-Lernblaetter-Poster-technische-Mathe-LB-3-K1-800x1132.jpg 800w, https:\/\/www.christiani.de\/cms\/wp-content\/uploads\/2022\/11\/5356-Lernblaetter-Poster-technische-Mathe-LB-3-K1.jpg 842w\" sizes=\"(max-width: 1024px) 100vw, (max-width: 640px) 100vw, 400px\" \/><\/a><\/span><\/div><div class=\"fusion-text fusion-text-7\"><p>Funktionen und ihre Eigenschaften werden in dieser \u00dcbersicht einfach erkl\u00e4rt.<\/p>\n<p><a href=\"https:\/\/www.christiani.de\/cms\/?page_id=24870&amp;preview=true\"><strong>Hier geht&#8217;s zum kostenlosen PDF der \u00dcbersicht.<\/strong><\/a><\/p>\n<\/div><\/div><\/div><div class=\"fusion-layout-column fusion_builder_column fusion-builder-column-5 fusion_builder_column_1_3 1_3 fusion-flex-column\" style=\"--awb-bg-size:cover;--awb-width-large:33.333333333333%;--awb-margin-top-large:0px;--awb-spacing-right-large:5.76%;--awb-margin-bottom-large:20px;--awb-spacing-left-large:5.76%;--awb-width-medium:100%;--awb-order-medium:0;--awb-spacing-right-medium:1.92%;--awb-spacing-left-medium:1.92%;--awb-width-small:100%;--awb-order-small:0;--awb-spacing-right-small:1.92%;--awb-spacing-left-small:1.92%;\"><div class=\"fusion-column-wrapper fusion-column-has-shadow fusion-flex-justify-content-flex-start fusion-content-layout-column\"><div class=\"fusion-text fusion-text-8\"><h3><strong>Darstellende Geometrie<\/strong><\/h3>\n<\/div><div class=\"fusion-image-element \" style=\"--awb-caption-title-font-family:var(--h2_typography-font-family);--awb-caption-title-font-weight:var(--h2_typography-font-weight);--awb-caption-title-font-style:var(--h2_typography-font-style);--awb-caption-title-size:var(--h2_typography-font-size);--awb-caption-title-transform:var(--h2_typography-text-transform);--awb-caption-title-line-height:var(--h2_typography-line-height);--awb-caption-title-letter-spacing:var(--h2_typography-letter-spacing);\"><span class=\" fusion-imageframe imageframe-none imageframe-5 hover-type-none\"><a class=\"fusion-no-lightbox\" href=\"https:\/\/www.christiani.de\/cms\/?page_id=24872&amp;preview=true\" target=\"_self\" aria-label=\"5356 Lernbl\u00e4tter Poster technische Mathe LB 4 K1\"><img loading=\"lazy\" decoding=\"async\" width=\"842\" height=\"1191\" src=\"https:\/\/www.christiani.de\/cms\/wp-content\/uploads\/2022\/11\/5356-Lernblaetter-Poster-technische-Mathe-LB-4-K1.jpg\" alt class=\"img-responsive wp-image-24672\" srcset=\"https:\/\/www.christiani.de\/cms\/wp-content\/uploads\/2022\/11\/5356-Lernblaetter-Poster-technische-Mathe-LB-4-K1-200x283.jpg 200w, https:\/\/www.christiani.de\/cms\/wp-content\/uploads\/2022\/11\/5356-Lernblaetter-Poster-technische-Mathe-LB-4-K1-400x566.jpg 400w, https:\/\/www.christiani.de\/cms\/wp-content\/uploads\/2022\/11\/5356-Lernblaetter-Poster-technische-Mathe-LB-4-K1-600x849.jpg 600w, https:\/\/www.christiani.de\/cms\/wp-content\/uploads\/2022\/11\/5356-Lernblaetter-Poster-technische-Mathe-LB-4-K1-800x1132.jpg 800w, https:\/\/www.christiani.de\/cms\/wp-content\/uploads\/2022\/11\/5356-Lernblaetter-Poster-technische-Mathe-LB-4-K1.jpg 842w\" sizes=\"(max-width: 1024px) 100vw, (max-width: 640px) 100vw, 400px\" \/><\/a><\/span><\/div><div class=\"fusion-text fusion-text-9\"><p>Auf nur einer Seite dargestellt: Geometrie mit Projektionen, Bema\u00dfung von Zeichnungen und ma\u00dfst\u00e4bliche Darstellungen.<\/p>\n<p><a href=\"https:\/\/www.christiani.de\/cms\/?page_id=24872&amp;preview=true\"><strong>Jetzt kostenlos anfordern!<\/strong><\/a><\/p>\n<\/div><\/div><\/div><div class=\"fusion-layout-column fusion_builder_column fusion-builder-column-6 fusion_builder_column_1_3 1_3 fusion-flex-column\" style=\"--awb-bg-size:cover;--awb-width-large:33.333333333333%;--awb-margin-top-large:0px;--awb-spacing-right-large:5.76%;--awb-margin-bottom-large:20px;--awb-spacing-left-large:5.76%;--awb-width-medium:100%;--awb-order-medium:0;--awb-spacing-right-medium:1.92%;--awb-spacing-left-medium:1.92%;--awb-width-small:100%;--awb-order-small:0;--awb-spacing-right-small:1.92%;--awb-spacing-left-small:1.92%;\"><div class=\"fusion-column-wrapper fusion-column-has-shadow fusion-flex-justify-content-flex-start fusion-content-layout-column\"><div class=\"fusion-text fusion-text-10\"><h3><strong>Integralrechnung<\/strong><\/h3>\n<\/div><div class=\"fusion-image-element \" style=\"--awb-caption-title-font-family:var(--h2_typography-font-family);--awb-caption-title-font-weight:var(--h2_typography-font-weight);--awb-caption-title-font-style:var(--h2_typography-font-style);--awb-caption-title-size:var(--h2_typography-font-size);--awb-caption-title-transform:var(--h2_typography-text-transform);--awb-caption-title-line-height:var(--h2_typography-line-height);--awb-caption-title-letter-spacing:var(--h2_typography-letter-spacing);\"><span class=\" fusion-imageframe imageframe-none imageframe-6 hover-type-none\"><a class=\"fusion-no-lightbox\" href=\"https:\/\/www.christiani.de\/cms\/?page_id=24875&amp;preview=true\" target=\"_self\" aria-label=\"5356 Lernbl\u00e4tter Poster technische Mathe LB 5 K1\"><img loading=\"lazy\" decoding=\"async\" width=\"842\" height=\"1191\" src=\"https:\/\/www.christiani.de\/cms\/wp-content\/uploads\/2022\/11\/5356-Lernblaetter-Poster-technische-Mathe-LB-5-K1.jpg\" alt class=\"img-responsive wp-image-24673\" srcset=\"https:\/\/www.christiani.de\/cms\/wp-content\/uploads\/2022\/11\/5356-Lernblaetter-Poster-technische-Mathe-LB-5-K1-200x283.jpg 200w, https:\/\/www.christiani.de\/cms\/wp-content\/uploads\/2022\/11\/5356-Lernblaetter-Poster-technische-Mathe-LB-5-K1-400x566.jpg 400w, https:\/\/www.christiani.de\/cms\/wp-content\/uploads\/2022\/11\/5356-Lernblaetter-Poster-technische-Mathe-LB-5-K1-600x849.jpg 600w, https:\/\/www.christiani.de\/cms\/wp-content\/uploads\/2022\/11\/5356-Lernblaetter-Poster-technische-Mathe-LB-5-K1-800x1132.jpg 800w, https:\/\/www.christiani.de\/cms\/wp-content\/uploads\/2022\/11\/5356-Lernblaetter-Poster-technische-Mathe-LB-5-K1.jpg 842w\" sizes=\"(max-width: 1024px) 100vw, (max-width: 640px) 100vw, 400px\" \/><\/a><\/span><\/div><div class=\"fusion-text fusion-text-11\"><p>Stammfunktionen und abgeleitete Funktionen erl\u00e4utert dieses Schaubild zur Integralrechnung.<\/p>\n<p><a href=\"https:\/\/www.christiani.de\/cms\/?page_id=24875&amp;preview=true\"><strong>Jetzt per Mail zusenden lassen.<\/strong><\/a><\/p>\n<\/div><\/div><\/div><\/div><\/div><\/p>\n","protected":false},"excerpt":{"rendered":"","protected":false},"author":2,"featured_media":0,"parent":0,"menu_order":0,"comment_status":"closed","ping_status":"closed","template":"100-width.php","meta":{"footnotes":""},"class_list":["post-24726","page","type-page","status-publish","hentry"],"yoast_head":"<!-- This site is optimized with the Yoast SEO plugin v23.4 - https:\/\/yoast.com\/wordpress\/plugins\/seo\/ -->\n<title>Technische Mathematik | Christiani<\/title>\n<meta name=\"description\" content=\"Mathematik \u00dcbersichten, Tableaus und Schaubilder f\u00fcr Ausbilder und Azubis\" \/>\n<meta name=\"robots\" content=\"index, follow, max-snippet:-1, max-image-preview:large, max-video-preview:-1\" \/>\n<link rel=\"canonical\" href=\"https:\/\/www.christiani.de\/cms\/technische-mathematik\/\" \/>\n<meta property=\"og:locale\" content=\"de_DE\" \/>\n<meta property=\"og:type\" content=\"article\" \/>\n<meta property=\"og:title\" content=\"Technische Mathematik | Christiani\" \/>\n<meta property=\"og:description\" content=\"Mathematik \u00dcbersichten, Tableaus und Schaubilder f\u00fcr Ausbilder und Azubis\" \/>\n<meta property=\"og:url\" content=\"https:\/\/www.christiani.de\/cms\/technische-mathematik\/\" \/>\n<meta property=\"og:site_name\" content=\"Lehr- und Pr\u00fcfungsmaterial f\u00fcr Schule &amp; Ausbildung | Christiani.de\" \/>\n<meta property=\"article:modified_time\" content=\"2024-02-20T07:32:38+00:00\" \/>\n<meta name=\"twitter:card\" content=\"summary_large_image\" \/>\n<meta name=\"twitter:label1\" content=\"Gesch\u00e4tzte Lesezeit\" \/>\n\t<meta name=\"twitter:data1\" content=\"3 Minuten\" \/>\n<script type=\"application\/ld+json\" class=\"yoast-schema-graph\">{\"@context\":\"https:\/\/schema.org\",\"@graph\":[{\"@type\":\"WebPage\",\"@id\":\"https:\/\/www.christiani.de\/cms\/technische-mathematik\/\",\"url\":\"https:\/\/www.christiani.de\/cms\/technische-mathematik\/\",\"name\":\"Technische Mathematik | Christiani\",\"isPartOf\":{\"@id\":\"https:\/\/www.christiani.de\/cms\/#website\"},\"datePublished\":\"2022-11-21T11:07:53+00:00\",\"dateModified\":\"2024-02-20T07:32:38+00:00\",\"description\":\"Mathematik \u00dcbersichten, Tableaus und Schaubilder f\u00fcr Ausbilder und Azubis\",\"breadcrumb\":{\"@id\":\"https:\/\/www.christiani.de\/cms\/technische-mathematik\/#breadcrumb\"},\"inLanguage\":\"de-DE\",\"potentialAction\":[{\"@type\":\"ReadAction\",\"target\":[\"https:\/\/www.christiani.de\/cms\/technische-mathematik\/\"]}]},{\"@type\":\"BreadcrumbList\",\"@id\":\"https:\/\/www.christiani.de\/cms\/technische-mathematik\/#breadcrumb\",\"itemListElement\":[{\"@type\":\"ListItem\",\"position\":1,\"name\":\"christiani.de\",\"item\":\"https:\/\/www.christiani.de\"},{\"@type\":\"ListItem\",\"position\":2,\"name\":\"Technische Mathematik\"}]},{\"@type\":\"WebSite\",\"@id\":\"https:\/\/www.christiani.de\/cms\/#website\",\"url\":\"https:\/\/www.christiani.de\/cms\/\",\"name\":\"Lehr- und Pr\u00fcfungsmaterial f\u00fcr Schule &amp; Ausbildung | Christiani.de\",\"description\":\"Christiani.de\",\"potentialAction\":[{\"@type\":\"SearchAction\",\"target\":{\"@type\":\"EntryPoint\",\"urlTemplate\":\"https:\/\/www.christiani.de\/cms\/?s={search_term_string}\"},\"query-input\":{\"@type\":\"PropertyValueSpecification\",\"valueRequired\":true,\"valueName\":\"search_term_string\"}}],\"inLanguage\":\"de-DE\"}]}<\/script>\n<!-- \/ Yoast SEO plugin. -->","yoast_head_json":{"title":"Technische Mathematik | Christiani","description":"Mathematik \u00dcbersichten, Tableaus und Schaubilder f\u00fcr Ausbilder und Azubis","robots":{"index":"index","follow":"follow","max-snippet":"max-snippet:-1","max-image-preview":"max-image-preview:large","max-video-preview":"max-video-preview:-1"},"canonical":"https:\/\/www.christiani.de\/cms\/technische-mathematik\/","og_locale":"de_DE","og_type":"article","og_title":"Technische Mathematik | Christiani","og_description":"Mathematik \u00dcbersichten, Tableaus und Schaubilder f\u00fcr Ausbilder und Azubis","og_url":"https:\/\/www.christiani.de\/cms\/technische-mathematik\/","og_site_name":"Lehr- und Pr\u00fcfungsmaterial f\u00fcr Schule &amp; Ausbildung | Christiani.de","article_modified_time":"2024-02-20T07:32:38+00:00","twitter_card":"summary_large_image","twitter_misc":{"Gesch\u00e4tzte Lesezeit":"3 Minuten"},"schema":{"@context":"https:\/\/schema.org","@graph":[{"@type":"WebPage","@id":"https:\/\/www.christiani.de\/cms\/technische-mathematik\/","url":"https:\/\/www.christiani.de\/cms\/technische-mathematik\/","name":"Technische Mathematik | Christiani","isPartOf":{"@id":"https:\/\/www.christiani.de\/cms\/#website"},"datePublished":"2022-11-21T11:07:53+00:00","dateModified":"2024-02-20T07:32:38+00:00","description":"Mathematik \u00dcbersichten, Tableaus und Schaubilder f\u00fcr Ausbilder und Azubis","breadcrumb":{"@id":"https:\/\/www.christiani.de\/cms\/technische-mathematik\/#breadcrumb"},"inLanguage":"de-DE","potentialAction":[{"@type":"ReadAction","target":["https:\/\/www.christiani.de\/cms\/technische-mathematik\/"]}]},{"@type":"BreadcrumbList","@id":"https:\/\/www.christiani.de\/cms\/technische-mathematik\/#breadcrumb","itemListElement":[{"@type":"ListItem","position":1,"name":"christiani.de","item":"https:\/\/www.christiani.de"},{"@type":"ListItem","position":2,"name":"Technische Mathematik"}]},{"@type":"WebSite","@id":"https:\/\/www.christiani.de\/cms\/#website","url":"https:\/\/www.christiani.de\/cms\/","name":"Lehr- und Pr\u00fcfungsmaterial f\u00fcr Schule &amp; Ausbildung | Christiani.de","description":"Christiani.de","potentialAction":[{"@type":"SearchAction","target":{"@type":"EntryPoint","urlTemplate":"https:\/\/www.christiani.de\/cms\/?s={search_term_string}"},"query-input":{"@type":"PropertyValueSpecification","valueRequired":true,"valueName":"search_term_string"}}],"inLanguage":"de-DE"}]}},"_links":{"self":[{"href":"https:\/\/www.christiani.de\/cms\/wp-json\/wp\/v2\/pages\/24726"}],"collection":[{"href":"https:\/\/www.christiani.de\/cms\/wp-json\/wp\/v2\/pages"}],"about":[{"href":"https:\/\/www.christiani.de\/cms\/wp-json\/wp\/v2\/types\/page"}],"author":[{"embeddable":true,"href":"https:\/\/www.christiani.de\/cms\/wp-json\/wp\/v2\/users\/2"}],"replies":[{"embeddable":true,"href":"https:\/\/www.christiani.de\/cms\/wp-json\/wp\/v2\/comments?post=24726"}],"version-history":[{"count":21,"href":"https:\/\/www.christiani.de\/cms\/wp-json\/wp\/v2\/pages\/24726\/revisions"}],"predecessor-version":[{"id":31950,"href":"https:\/\/www.christiani.de\/cms\/wp-json\/wp\/v2\/pages\/24726\/revisions\/31950"}],"wp:attachment":[{"href":"https:\/\/www.christiani.de\/cms\/wp-json\/wp\/v2\/media?parent=24726"}],"curies":[{"name":"wp","href":"https:\/\/api.w.org\/{rel}","templated":true}]}}