{"id":15615,"date":"2021-12-08T15:38:33","date_gmt":"2021-12-08T14:38:33","guid":{"rendered":"https:\/\/www.christiani.de\/cms\/?page_id=15615"},"modified":"2025-08-08T13:22:04","modified_gmt":"2025-08-08T11:22:04","slug":"bildungsdienstleistungen","status":"publish","type":"page","link":"https:\/\/www.christiani.de\/cms\/bildungsdienstleistungen\/","title":{"rendered":"Akademie Bildungsdienstleistungen"},"content":{"rendered":"<p><div class=\"fusion-fullwidth fullwidth-box fusion-builder-row-1 fusion-flex-container has-pattern-background has-mask-background gradient-container-1 nonhundred-percent-fullwidth non-hundred-percent-height-scrolling\" style=\"--awb-border-radius-top-left:0px;--awb-border-radius-top-right:0px;--awb-border-radius-bottom-right:0px;--awb-border-radius-bottom-left:0px;--awb-flex-wrap:wrap;\" ><div class=\"fusion-builder-row fusion-row fusion-flex-align-items-flex-start fusion-flex-content-wrap\" style=\"max-width:1263.6px;margin-left: calc(-4% \/ 2 );margin-right: calc(-4% \/ 2 );\"><div class=\"fusion-layout-column fusion_builder_column fusion-builder-column-0 fusion_builder_column_1_1 1_1 fusion-flex-column\" style=\"--awb-bg-size:cover;--awb-width-large:100%;--awb-margin-top-large:0px;--awb-spacing-right-large:1.92%;--awb-margin-bottom-large:20px;--awb-spacing-left-large:1.92%;--awb-width-medium:100%;--awb-order-medium:0;--awb-spacing-right-medium:1.92%;--awb-spacing-left-medium:1.92%;--awb-width-small:100%;--awb-order-small:0;--awb-spacing-right-small:1.92%;--awb-spacing-left-small:1.92%;\"><div class=\"fusion-column-wrapper fusion-column-has-shadow fusion-flex-justify-content-flex-start fusion-content-layout-column\"><div class=\"fusion-title title fusion-title-1 fusion-sep-none fusion-title-text fusion-title-size-one text-align-xs-left\" style=\"--awb-text-color:#005ba8;\"><h1 class=\"fusion-title-heading title-heading-left\" style=\"margin:0;text-transform:none;\">Bildungsdienstleistungen<\/h1><\/div><\/div><\/div><\/div><\/div><div class=\"fusion-fullwidth fullwidth-box fusion-builder-row-2 fusion-flex-container has-pattern-background has-mask-background gradient-container-2 nonhundred-percent-fullwidth non-hundred-percent-height-scrolling\" style=\"--awb-border-radius-top-left:0px;--awb-border-radius-top-right:0px;--awb-border-radius-bottom-right:0px;--awb-border-radius-bottom-left:0px;--awb-margin-bottom:25px;--awb-flex-wrap:wrap;\" ><div class=\"fusion-builder-row fusion-row fusion-flex-align-items-flex-start fusion-flex-content-wrap\" style=\"max-width:1263.6px;margin-left: calc(-4% \/ 2 );margin-right: calc(-4% \/ 2 );\"><div class=\"fusion-layout-column fusion_builder_column fusion-builder-column-1 fusion_builder_column_1_2 1_2 fusion-flex-column\" style=\"--awb-bg-size:cover;--awb-width-large:50%;--awb-margin-top-large:0px;--awb-spacing-right-large:3.84%;--awb-margin-bottom-large:20px;--awb-spacing-left-large:3.84%;--awb-width-medium:100%;--awb-order-medium:0;--awb-spacing-right-medium:1.92%;--awb-spacing-left-medium:1.92%;--awb-width-small:100%;--awb-order-small:0;--awb-spacing-right-small:1.92%;--awb-spacing-left-small:1.92%;\"><div class=\"fusion-column-wrapper fusion-column-has-shadow fusion-flex-justify-content-flex-start fusion-content-layout-column\"><div class=\"fusion-text fusion-text-1\" style=\"--awb-text-transform:none;\"><h2>Wir entwickeln Ihre individuelle Bildungsl\u00f6sung<\/h2>\n<p>Mit dem Know-how aus \u00fcber 90 Jahren erstellt die Christiani Akademie Lehrmedien und Bildungskonzepte, die methodisch und didaktisch h\u00f6chsten Anspr\u00fcchen gen\u00fcgen. F\u00fcr die Konzeption und Durchf\u00fchrung von Weiterbildungsma\u00dfnahmen arbeiten bei uns technische Profis, Berufsp\u00e4dagogen\/-innen und Dozenten\/-innen eng zusammen. Denn Qualit\u00e4t ist die Basis f\u00fcr erfolgreiche Weiterbildung.<\/p>\n<\/div><\/div><\/div><div class=\"fusion-layout-column fusion_builder_column fusion-builder-column-2 fusion_builder_column_1_2 1_2 fusion-flex-column padding-xs-lr15\" style=\"--awb-bg-size:cover;--awb-width-large:50%;--awb-margin-top-large:0px;--awb-spacing-right-large:3.84%;--awb-margin-bottom-large:20px;--awb-spacing-left-large:3.84%;--awb-width-medium:100%;--awb-spacing-right-medium:1.92%;--awb-spacing-left-medium:1.92%;--awb-width-small:100%;--awb-spacing-right-small:1.92%;--awb-spacing-left-small:1.92%;\"><div class=\"fusion-column-wrapper fusion-column-has-shadow fusion-flex-justify-content-flex-start fusion-content-layout-column\"><div class=\"fusion-image-element \" style=\"--awb-caption-title-font-family:var(--h2_typography-font-family);--awb-caption-title-font-weight:var(--h2_typography-font-weight);--awb-caption-title-font-style:var(--h2_typography-font-style);--awb-caption-title-size:var(--h2_typography-font-size);--awb-caption-title-transform:var(--h2_typography-text-transform);--awb-caption-title-line-height:var(--h2_typography-line-height);--awb-caption-title-letter-spacing:var(--h2_typography-letter-spacing);\"><span class=\" fusion-imageframe imageframe-none imageframe-1 hover-type-none\" style=\"border-radius:5px;\"><img loading=\"lazy\" decoding=\"async\" width=\"1200\" height=\"799\" alt=\"vier Personen stehen an einem Tisch mit vielen Papieren\" title=\"christiani_landsberg_adlantis_workshop18\" src=\"https:\/\/www.christiani.de\/cms\/wp-content\/uploads\/2021\/12\/christiani_landsberg_adlantis_workshop18-scaled-e1638454597972.jpg\" class=\"img-responsive wp-image-15629\"\/><\/span><\/div><\/div><\/div><\/div><\/div><div class=\"fusion-fullwidth fullwidth-box fusion-builder-row-3 fusion-flex-container has-pattern-background has-mask-background gradient-container-3 nonhundred-percent-fullwidth non-hundred-percent-height-scrolling\" style=\"--awb-border-radius-top-left:0px;--awb-border-radius-top-right:0px;--awb-border-radius-bottom-right:0px;--awb-border-radius-bottom-left:0px;--awb-margin-bottom:25px;--awb-flex-wrap:wrap;\" ><div class=\"fusion-builder-row fusion-row fusion-flex-align-items-flex-start fusion-flex-content-wrap\" style=\"max-width:1263.6px;margin-left: calc(-4% \/ 2 );margin-right: calc(-4% \/ 2 );\"><div class=\"fusion-layout-column fusion_builder_column fusion-builder-column-3 fusion_builder_column_1_1 1_1 fusion-flex-column padding-xs-lr15\" style=\"--awb-bg-size:cover;--awb-width-large:100%;--awb-margin-top-large:0px;--awb-spacing-right-large:1.92%;--awb-margin-bottom-large:20px;--awb-spacing-left-large:1.92%;--awb-width-medium:100%;--awb-spacing-right-medium:1.92%;--awb-spacing-left-medium:1.92%;--awb-width-small:100%;--awb-spacing-right-small:1.92%;--awb-spacing-left-small:1.92%;\"><div class=\"fusion-column-wrapper fusion-column-has-shadow fusion-flex-justify-content-flex-start fusion-content-layout-column\"><div class=\"fusion-text fusion-text-2 text-align-xs-left\" style=\"--awb-text-transform:none;\"><h2>Weiterbildung von Personal in Unternehmen, Bildungseinrichtungen und anderen Institutionen<\/h2>\n<ul>\n<li>Wir schulen technische Fachkr\u00e4fte und Trainer\/-innen.<\/li>\n<li>Mit gezielten Qualifizierungsma\u00dfnahmen unterst\u00fctzen wir Ausbilder\/-innen bei ihrer Arbeit.<\/li>\n<li>Wir erm\u00f6glichen Unternehmen und Bildungseinrichtungen auf der ganzen Welt nach dem Modell der deutschen dualen Ausbildung zu arbeiten.<\/li>\n<li>F\u00fcr die Schulung mehrerer Teilnehmer\/-innen stellen wir aus vorhandenen Workshop-Modulen ein individuelles Weiterbildungsprogramm zusammen. Oder wir entwickeln eigene Lerninhalte nach den Anforderungen unserer Kunden.<\/li>\n<\/ul>\n<\/div><\/div><\/div><\/div><\/div><div class=\"fusion-fullwidth fullwidth-box fusion-builder-row-4 fusion-flex-container has-pattern-background has-mask-background gradient-container-4 nonhundred-percent-fullwidth non-hundred-percent-height-scrolling\" style=\"--awb-border-radius-top-left:0px;--awb-border-radius-top-right:0px;--awb-border-radius-bottom-right:0px;--awb-border-radius-bottom-left:0px;--awb-margin-bottom:25px;--awb-flex-wrap:wrap;\" ><div class=\"fusion-builder-row fusion-row fusion-flex-align-items-flex-start fusion-flex-content-wrap\" style=\"max-width:1263.6px;margin-left: calc(-4% \/ 2 );margin-right: calc(-4% \/ 2 );\"><div class=\"fusion-layout-column fusion_builder_column fusion-builder-column-4 fusion_builder_column_2_3 2_3 fusion-flex-column\" style=\"--awb-bg-size:cover;--awb-width-large:66.666666666667%;--awb-margin-top-large:0px;--awb-spacing-right-large:2.88%;--awb-margin-bottom-large:20px;--awb-spacing-left-large:2.88%;--awb-width-medium:100%;--awb-order-medium:0;--awb-spacing-right-medium:1.92%;--awb-spacing-left-medium:1.92%;--awb-width-small:100%;--awb-order-small:0;--awb-spacing-right-small:1.92%;--awb-spacing-left-small:1.92%;\"><div class=\"fusion-column-wrapper fusion-column-has-shadow fusion-flex-justify-content-flex-start fusion-content-layout-column\"><div class=\"fusion-text fusion-text-3\" style=\"--awb-text-transform:none;\"><div>\n<h2>Digitale Medien, E-Learning und Mobile-Learning<\/h2>\n<\/div>\n<p>Die Christiani Akademie unterst\u00fctzt Sie rundum, wenn es um den Einsatz digitaler Medien f\u00fcr das Lernen geht. Wir beraten Sie bei der Auswahl von geeigneten Lernplattformen oder erm\u00f6glichen Ihnen einen Zugriff auf das Christiani Lernportal. Bei der Entwicklung von Lernprogrammen gehen wir gezielt auf Ihren Qualifizierungsbedarf ein. Dar\u00fcber hinaus entwickeln wir f\u00fcr Sie Lernmedien zur mobilen Nutzung als App f\u00fcr Tablets und Smartphones.<\/p>\n<\/div><div class=\"fusion-text fusion-text-4\" style=\"--awb-text-transform:none;\"><p>Die Vorteile f\u00fcr Ihr Unternehmen:<\/p>\n<ul>\n<li>Moderne Lernmedien mit hohem Motivationseffekt<\/li>\n<li>Schnelle Verbreitungsm\u00f6glichkeiten bei verteilten Gruppen<\/li>\n<li>Hohe Flexibilit\u00e4t bei verschiedenen Einsatzszenarien<\/li>\n<\/ul>\n<\/div><\/div><\/div><div class=\"fusion-layout-column fusion_builder_column fusion-builder-column-5 fusion_builder_column_1_3 1_3 fusion-flex-column\" style=\"--awb-bg-size:cover;--awb-width-large:33.333333333333%;--awb-margin-top-large:0px;--awb-spacing-right-large:5.76%;--awb-margin-bottom-large:20px;--awb-spacing-left-large:5.76%;--awb-width-medium:100%;--awb-order-medium:0;--awb-spacing-right-medium:1.92%;--awb-spacing-left-medium:1.92%;--awb-width-small:100%;--awb-order-small:0;--awb-spacing-right-small:1.92%;--awb-spacing-left-small:1.92%;\"><div class=\"fusion-column-wrapper fusion-column-has-shadow fusion-flex-justify-content-flex-start fusion-content-layout-column\"><div class=\"fusion-image-element \" style=\"--awb-caption-title-font-family:var(--h2_typography-font-family);--awb-caption-title-font-weight:var(--h2_typography-font-weight);--awb-caption-title-font-style:var(--h2_typography-font-style);--awb-caption-title-size:var(--h2_typography-font-size);--awb-caption-title-transform:var(--h2_typography-text-transform);--awb-caption-title-line-height:var(--h2_typography-line-height);--awb-caption-title-letter-spacing:var(--h2_typography-letter-spacing);\"><span class=\" fusion-imageframe imageframe-none imageframe-2 hover-type-none\" style=\"border-radius:5px;\"><img decoding=\"async\" src=\"https:\/\/www.christiani.de\/cms\/wp-content\/uploads\/2021\/05\/edu_bildungsdienstleistungen-600x347.jpg\" alt class=\"img-responsive\"\/><\/span><\/div><\/div><\/div><\/div><\/div><div class=\"fusion-fullwidth fullwidth-box fusion-builder-row-5 fusion-flex-container has-pattern-background has-mask-background gradient-container-5 nonhundred-percent-fullwidth non-hundred-percent-height-scrolling\" style=\"--awb-border-radius-top-left:0px;--awb-border-radius-top-right:0px;--awb-border-radius-bottom-right:0px;--awb-border-radius-bottom-left:0px;--awb-flex-wrap:wrap;\" ><div class=\"fusion-builder-row fusion-row fusion-flex-align-items-flex-start fusion-flex-content-wrap\" style=\"max-width:1263.6px;margin-left: calc(-4% \/ 2 );margin-right: calc(-4% \/ 2 );\"><div class=\"fusion-layout-column fusion_builder_column fusion-builder-column-6 fusion_builder_column_1_1 1_1 fusion-flex-column\" style=\"--awb-bg-size:cover;--awb-width-large:100%;--awb-margin-top-large:0px;--awb-spacing-right-large:1.92%;--awb-margin-bottom-large:20px;--awb-spacing-left-large:1.92%;--awb-width-medium:100%;--awb-order-medium:0;--awb-spacing-right-medium:1.92%;--awb-spacing-left-medium:1.92%;--awb-width-small:100%;--awb-order-small:0;--awb-spacing-right-small:1.92%;--awb-spacing-left-small:1.92%;\"><div class=\"fusion-column-wrapper fusion-column-has-shadow fusion-flex-justify-content-flex-start fusion-content-layout-column\"><\/div><\/div><\/div><\/div><div class=\"fusion-fullwidth fullwidth-box fusion-builder-row-6 fusion-flex-container has-pattern-background has-mask-background gradient-container-6 nonhundred-percent-fullwidth non-hundred-percent-height-scrolling\" style=\"--awb-border-radius-top-left:0px;--awb-border-radius-top-right:0px;--awb-border-radius-bottom-right:0px;--awb-border-radius-bottom-left:0px;--awb-margin-bottom:25px;--awb-flex-wrap:wrap;\" ><div class=\"fusion-builder-row fusion-row fusion-flex-align-items-flex-start fusion-flex-content-wrap\" style=\"max-width:1263.6px;margin-left: calc(-4% \/ 2 );margin-right: calc(-4% \/ 2 );\"><div class=\"fusion-layout-column fusion_builder_column fusion-builder-column-7 fusion_builder_column_1_1 1_1 fusion-flex-column\" style=\"--awb-bg-size:cover;--awb-width-large:100%;--awb-margin-top-large:0px;--awb-spacing-right-large:1.92%;--awb-margin-bottom-large:20px;--awb-spacing-left-large:1.92%;--awb-width-medium:100%;--awb-order-medium:0;--awb-spacing-right-medium:1.92%;--awb-spacing-left-medium:1.92%;--awb-width-small:100%;--awb-order-small:0;--awb-spacing-right-small:1.92%;--awb-spacing-left-small:1.92%;\"><div class=\"fusion-column-wrapper fusion-column-has-shadow fusion-flex-justify-content-flex-start fusion-content-layout-column\"><div class=\"fusion-text fusion-text-5\" style=\"--awb-text-transform:none;\"><h2>Seminare und Workshops vor Ort<\/h2>\n<p>Alle unsere Seminare und Workshops f\u00fchren wir auf Wunsch auch bei Ihnen direkt im Betrieb oder an einem Veranstaltungsort in Ihrer N\u00e4he durch. W\u00e4hlen Sie aus verschiedenen Schulungsbausteinen, oder stimmen Sie die Seminarinhalte mit unserem Akademie-Team individuell ab.<\/p>\n<\/div><a class=\"awb-lightbox awb-lightbox-1\" href=\"https:\/\/www.christiani.de\/cms\/wp-content\/uploads\/2021\/11\/Internationale_Bildungsdienstleistungen_Infografik_300dpi-002.png\" data-rel=\"iLightbox\"><img decoding=\"async\" src=\"https:\/\/www.christiani.de\/cms\/wp-content\/uploads\/2021\/11\/Internationale_Bildungsdienstleistungen_Infografik_300dpi-002-1024x138.png\" alt=\"ein Zeitstrahl f\u00fcr die ungef\u00e4hre Planung eines Workshops\"><\/a><div ><a class=\"fusion-button button-flat fusion-button-default-size button-default fusion-button-default button-1 fusion-button-default-span fusion-button-default-type\" style=\"--button_margin-top:30px;\" target=\"_self\" href=\"https:\/\/www.christiani.de\/cms\/weiterbildung-workshops\/\"><span class=\"fusion-button-text\">Weitere Infos<\/span><\/a><\/div><\/div><\/div><\/div><\/div><div class=\"fusion-fullwidth fullwidth-box fusion-builder-row-7 fusion-flex-container has-pattern-background has-mask-background gradient-container-7 nonhundred-percent-fullwidth non-hundred-percent-height-scrolling\" style=\"--awb-border-radius-top-left:0px;--awb-border-radius-top-right:0px;--awb-border-radius-bottom-right:0px;--awb-border-radius-bottom-left:0px;--awb-flex-wrap:wrap;\" ><div class=\"fusion-builder-row fusion-row fusion-flex-align-items-flex-start fusion-flex-content-wrap\" style=\"max-width:1263.6px;margin-left: calc(-4% \/ 2 );margin-right: calc(-4% \/ 2 );\"><div class=\"fusion-layout-column fusion_builder_column fusion-builder-column-8 fusion_builder_column_1_1 1_1 fusion-flex-column padding-xs-lr15\" style=\"--awb-bg-size:cover;--awb-width-large:100%;--awb-margin-top-large:0px;--awb-spacing-right-large:1.92%;--awb-margin-bottom-large:20px;--awb-spacing-left-large:1.92%;--awb-width-medium:100%;--awb-spacing-right-medium:1.92%;--awb-spacing-left-medium:1.92%;--awb-width-small:100%;--awb-spacing-right-small:1.92%;--awb-spacing-left-small:1.92%;\"><div class=\"fusion-column-wrapper fusion-column-has-shadow fusion-flex-justify-content-flex-start fusion-content-layout-column\"><div class=\"fusion-text fusion-text-6 text-align-xs-left\" style=\"--awb-text-transform:none;--awb-margin-top:20px;\"><div>\n<h2>Lernmaterialien der Christiani Akademie<\/h2>\n<p>In unserer DTP-Abteilung und der Druckerei fertigen wir f\u00fcr Sie die Schulungsunterlagen (Print und Online) in h\u00f6chster Qualit\u00e4t. Von der Planung \u00fcber die Umsetzung bis hin zur Produktion bekommen Sie alles aus einer Hand. Wir passen auch vorhandene Inhalte unserer Seminarunterlagen auf Ihre W\u00fcnsche an: angefangen vom Unternehmenslayout bis zur Modifizierung der Inhalte. F\u00fcr die weltweite Qualifizierung Ihres Personals bieten wir s\u00e4mtliche Dienstleistungen auch in Fremdsprachen an. Profitieren Sie international von einheitlichen Standards in der Aus- und Weiterbildung!<\/p>\n<p>Die Vorteile f\u00fcr Ihr Unternehmen:<\/p>\n<ul>\n<li>Hohe Unternehmensidentifikation<\/li>\n<li>Gro\u00dfe Auswahl an bew\u00e4hrten Schulungsunterlagen<\/li>\n<li>Einheitliche Weiterbildung \u2013 auch im Ausland<\/li>\n<\/ul>\n<div class=\"spacer-30\"><\/div>\n<\/div>\n<\/div><\/div><\/div><\/div><\/div><\/p>\n","protected":false},"excerpt":{"rendered":"","protected":false},"author":2,"featured_media":0,"parent":0,"menu_order":0,"comment_status":"closed","ping_status":"closed","template":"100-width.php","meta":{"footnotes":""},"class_list":["post-15615","page","type-page","status-publish","hentry"],"yoast_head":"<!-- This site is optimized with the Yoast SEO plugin v23.4 - https:\/\/yoast.com\/wordpress\/plugins\/seo\/ -->\n<title>Akademie Bildungsdienstleistungen - Lehr- und Pr\u00fcfungsmaterial f\u00fcr Schule &amp; Ausbildung | Christiani.de<\/title>\n<meta name=\"description\" content=\"Bildungsdienstleistungen - Wir entwickeln Ihre individuelle Bildungsl\u00f6sung - Mit dem Know-how aus \u00fcber 90 Jahren erstellt die Christiani Akademie Lehrmedie\" \/>\n<meta name=\"robots\" content=\"index, follow, max-snippet:-1, max-image-preview:large, max-video-preview:-1\" \/>\n<link rel=\"canonical\" href=\"https:\/\/www.christiani.de\/cms\/bildungsdienstleistungen\/\" \/>\n<meta property=\"og:locale\" content=\"de_DE\" \/>\n<meta property=\"og:type\" content=\"article\" \/>\n<meta property=\"og:title\" content=\"Akademie Bildungsdienstleistungen - Lehr- und Pr\u00fcfungsmaterial f\u00fcr Schule &amp; Ausbildung | Christiani.de\" \/>\n<meta property=\"og:description\" content=\"Bildungsdienstleistungen - Wir entwickeln Ihre individuelle Bildungsl\u00f6sung - Mit dem Know-how aus \u00fcber 90 Jahren erstellt die Christiani Akademie Lehrmedie\" \/>\n<meta property=\"og:url\" content=\"https:\/\/www.christiani.de\/cms\/bildungsdienstleistungen\/\" \/>\n<meta property=\"og:site_name\" content=\"Lehr- und Pr\u00fcfungsmaterial f\u00fcr Schule &amp; Ausbildung | Christiani.de\" \/>\n<meta property=\"article:modified_time\" content=\"2025-08-08T11:22:04+00:00\" \/>\n<meta name=\"twitter:card\" content=\"summary_large_image\" \/>\n<meta name=\"twitter:label1\" content=\"Gesch\u00e4tzte Lesezeit\" \/>\n\t<meta name=\"twitter:data1\" content=\"3 Minuten\" \/>\n<script type=\"application\/ld+json\" class=\"yoast-schema-graph\">{\"@context\":\"https:\/\/schema.org\",\"@graph\":[{\"@type\":\"WebPage\",\"@id\":\"https:\/\/www.christiani.de\/cms\/bildungsdienstleistungen\/\",\"url\":\"https:\/\/www.christiani.de\/cms\/bildungsdienstleistungen\/\",\"name\":\"Akademie Bildungsdienstleistungen - Lehr- und Pr\u00fcfungsmaterial f\u00fcr Schule &amp; Ausbildung | Christiani.de\",\"isPartOf\":{\"@id\":\"https:\/\/www.christiani.de\/cms\/#website\"},\"datePublished\":\"2021-12-08T14:38:33+00:00\",\"dateModified\":\"2025-08-08T11:22:04+00:00\",\"description\":\"Bildungsdienstleistungen - Wir entwickeln Ihre individuelle Bildungsl\u00f6sung - Mit dem Know-how aus \u00fcber 90 Jahren erstellt die Christiani Akademie Lehrmedie\",\"breadcrumb\":{\"@id\":\"https:\/\/www.christiani.de\/cms\/bildungsdienstleistungen\/#breadcrumb\"},\"inLanguage\":\"de-DE\",\"potentialAction\":[{\"@type\":\"ReadAction\",\"target\":[\"https:\/\/www.christiani.de\/cms\/bildungsdienstleistungen\/\"]}]},{\"@type\":\"BreadcrumbList\",\"@id\":\"https:\/\/www.christiani.de\/cms\/bildungsdienstleistungen\/#breadcrumb\",\"itemListElement\":[{\"@type\":\"ListItem\",\"position\":1,\"name\":\"christiani.de\",\"item\":\"https:\/\/www.christiani.de\"},{\"@type\":\"ListItem\",\"position\":2,\"name\":\"Akademie Bildungsdienstleistungen\"}]},{\"@type\":\"WebSite\",\"@id\":\"https:\/\/www.christiani.de\/cms\/#website\",\"url\":\"https:\/\/www.christiani.de\/cms\/\",\"name\":\"Lehr- und Pr\u00fcfungsmaterial f\u00fcr Schule &amp; Ausbildung | Christiani.de\",\"description\":\"Christiani.de\",\"potentialAction\":[{\"@type\":\"SearchAction\",\"target\":{\"@type\":\"EntryPoint\",\"urlTemplate\":\"https:\/\/www.christiani.de\/cms\/?s={search_term_string}\"},\"query-input\":{\"@type\":\"PropertyValueSpecification\",\"valueRequired\":true,\"valueName\":\"search_term_string\"}}],\"inLanguage\":\"de-DE\"}]}<\/script>\n<!-- \/ Yoast SEO plugin. -->","yoast_head_json":{"title":"Akademie Bildungsdienstleistungen - Lehr- und Pr\u00fcfungsmaterial f\u00fcr Schule &amp; Ausbildung | Christiani.de","description":"Bildungsdienstleistungen - Wir entwickeln Ihre individuelle Bildungsl\u00f6sung - Mit dem Know-how aus \u00fcber 90 Jahren erstellt die Christiani Akademie Lehrmedie","robots":{"index":"index","follow":"follow","max-snippet":"max-snippet:-1","max-image-preview":"max-image-preview:large","max-video-preview":"max-video-preview:-1"},"canonical":"https:\/\/www.christiani.de\/cms\/bildungsdienstleistungen\/","og_locale":"de_DE","og_type":"article","og_title":"Akademie Bildungsdienstleistungen - Lehr- und Pr\u00fcfungsmaterial f\u00fcr Schule &amp; Ausbildung | Christiani.de","og_description":"Bildungsdienstleistungen - Wir entwickeln Ihre individuelle Bildungsl\u00f6sung - Mit dem Know-how aus \u00fcber 90 Jahren erstellt die Christiani Akademie Lehrmedie","og_url":"https:\/\/www.christiani.de\/cms\/bildungsdienstleistungen\/","og_site_name":"Lehr- und Pr\u00fcfungsmaterial f\u00fcr Schule &amp; Ausbildung | Christiani.de","article_modified_time":"2025-08-08T11:22:04+00:00","twitter_card":"summary_large_image","twitter_misc":{"Gesch\u00e4tzte Lesezeit":"3 Minuten"},"schema":{"@context":"https:\/\/schema.org","@graph":[{"@type":"WebPage","@id":"https:\/\/www.christiani.de\/cms\/bildungsdienstleistungen\/","url":"https:\/\/www.christiani.de\/cms\/bildungsdienstleistungen\/","name":"Akademie Bildungsdienstleistungen - Lehr- und Pr\u00fcfungsmaterial f\u00fcr Schule &amp; Ausbildung | Christiani.de","isPartOf":{"@id":"https:\/\/www.christiani.de\/cms\/#website"},"datePublished":"2021-12-08T14:38:33+00:00","dateModified":"2025-08-08T11:22:04+00:00","description":"Bildungsdienstleistungen - Wir entwickeln Ihre individuelle Bildungsl\u00f6sung - Mit dem Know-how aus \u00fcber 90 Jahren erstellt die Christiani Akademie Lehrmedie","breadcrumb":{"@id":"https:\/\/www.christiani.de\/cms\/bildungsdienstleistungen\/#breadcrumb"},"inLanguage":"de-DE","potentialAction":[{"@type":"ReadAction","target":["https:\/\/www.christiani.de\/cms\/bildungsdienstleistungen\/"]}]},{"@type":"BreadcrumbList","@id":"https:\/\/www.christiani.de\/cms\/bildungsdienstleistungen\/#breadcrumb","itemListElement":[{"@type":"ListItem","position":1,"name":"christiani.de","item":"https:\/\/www.christiani.de"},{"@type":"ListItem","position":2,"name":"Akademie Bildungsdienstleistungen"}]},{"@type":"WebSite","@id":"https:\/\/www.christiani.de\/cms\/#website","url":"https:\/\/www.christiani.de\/cms\/","name":"Lehr- und Pr\u00fcfungsmaterial f\u00fcr Schule &amp; Ausbildung | Christiani.de","description":"Christiani.de","potentialAction":[{"@type":"SearchAction","target":{"@type":"EntryPoint","urlTemplate":"https:\/\/www.christiani.de\/cms\/?s={search_term_string}"},"query-input":{"@type":"PropertyValueSpecification","valueRequired":true,"valueName":"search_term_string"}}],"inLanguage":"de-DE"}]}},"_links":{"self":[{"href":"https:\/\/www.christiani.de\/cms\/wp-json\/wp\/v2\/pages\/15615"}],"collection":[{"href":"https:\/\/www.christiani.de\/cms\/wp-json\/wp\/v2\/pages"}],"about":[{"href":"https:\/\/www.christiani.de\/cms\/wp-json\/wp\/v2\/types\/page"}],"author":[{"embeddable":true,"href":"https:\/\/www.christiani.de\/cms\/wp-json\/wp\/v2\/users\/2"}],"replies":[{"embeddable":true,"href":"https:\/\/www.christiani.de\/cms\/wp-json\/wp\/v2\/comments?post=15615"}],"version-history":[{"count":52,"href":"https:\/\/www.christiani.de\/cms\/wp-json\/wp\/v2\/pages\/15615\/revisions"}],"predecessor-version":[{"id":39110,"href":"https:\/\/www.christiani.de\/cms\/wp-json\/wp\/v2\/pages\/15615\/revisions\/39110"}],"wp:attachment":[{"href":"https:\/\/www.christiani.de\/cms\/wp-json\/wp\/v2\/media?parent=15615"}],"curies":[{"name":"wp","href":"https:\/\/api.w.org\/{rel}","templated":true}]}}