{"id":14256,"date":"2021-09-22T11:56:16","date_gmt":"2021-09-22T09:56:16","guid":{"rendered":"https:\/\/www.christiani.de\/cms\/?page_id=14256"},"modified":"2025-09-15T09:57:25","modified_gmt":"2025-09-15T07:57:25","slug":"pal","status":"publish","type":"page","link":"https:\/\/www.christiani.de\/cms\/pal\/","title":{"rendered":"PAL"},"content":{"rendered":"<p><div class=\"fusion-fullwidth fullwidth-box fusion-builder-row-1 fusion-flex-container has-pattern-background has-mask-background gradient-container-1 nonhundred-percent-fullwidth non-hundred-percent-height-scrolling\" style=\"--awb-border-radius-top-left:0px;--awb-border-radius-top-right:0px;--awb-border-radius-bottom-right:0px;--awb-border-radius-bottom-left:0px;--awb-flex-wrap:wrap;\" ><div class=\"fusion-builder-row fusion-row fusion-flex-align-items-flex-start fusion-flex-content-wrap\" style=\"max-width:1263.6px;margin-left: calc(-4% \/ 2 );margin-right: calc(-4% \/ 2 );\"><div class=\"fusion-layout-column fusion_builder_column fusion-builder-column-0 fusion_builder_column_1_1 1_1 fusion-flex-column fusion-no-small-visibility\" style=\"--awb-bg-image:url(&#039;https:\/\/www.christiani.de\/cms\/wp-content\/uploads\/2019\/12\/basic-layout-top-banner_03.jpg&#039;);--awb-bg-size:cover;--awb-width-large:100%;--awb-margin-top-large:20px;--awb-spacing-right-large:1.92%;--awb-margin-bottom-large:20px;--awb-spacing-left-large:1.92%;--awb-width-medium:100%;--awb-spacing-right-medium:1.92%;--awb-spacing-left-medium:1.92%;--awb-width-small:100%;--awb-spacing-right-small:1.92%;--awb-spacing-left-small:1.92%;\"><div class=\"fusion-column-wrapper fusion-column-has-shadow fusion-flex-justify-content-flex-start fusion-content-layout-column fusion-column-has-bg-image\" data-bg-url=\"https:\/\/www.christiani.de\/cms\/wp-content\/uploads\/2019\/12\/basic-layout-top-banner_03.jpg\"><div class=\"fusion-image-element \" style=\"--awb-caption-title-font-family:var(--h2_typography-font-family);--awb-caption-title-font-weight:var(--h2_typography-font-weight);--awb-caption-title-font-style:var(--h2_typography-font-style);--awb-caption-title-size:var(--h2_typography-font-size);--awb-caption-title-transform:var(--h2_typography-text-transform);--awb-caption-title-line-height:var(--h2_typography-line-height);--awb-caption-title-letter-spacing:var(--h2_typography-letter-spacing);\"><span class=\" fusion-imageframe imageframe-none imageframe-1 hover-type-none basetpl-top-banner\"><img loading=\"lazy\" decoding=\"async\" width=\"1351\" height=\"400\" alt=\"links sind gedruckte Pr\u00fcfungen abgebildet und rechts eine Frau die ein Metallwerkst\u00fcck abmisst\" title=\"pal_image_1350x400\" src=\"https:\/\/www.christiani.de\/cms\/wp-content\/uploads\/2022\/06\/pal_image_1350x400.jpg\" class=\"img-responsive wp-image-22187\" srcset=\"https:\/\/www.christiani.de\/cms\/wp-content\/uploads\/2022\/06\/pal_image_1350x400-200x59.jpg 200w, https:\/\/www.christiani.de\/cms\/wp-content\/uploads\/2022\/06\/pal_image_1350x400-400x118.jpg 400w, https:\/\/www.christiani.de\/cms\/wp-content\/uploads\/2022\/06\/pal_image_1350x400-600x178.jpg 600w, https:\/\/www.christiani.de\/cms\/wp-content\/uploads\/2022\/06\/pal_image_1350x400-800x237.jpg 800w, https:\/\/www.christiani.de\/cms\/wp-content\/uploads\/2022\/06\/pal_image_1350x400-1200x355.jpg 1200w, https:\/\/www.christiani.de\/cms\/wp-content\/uploads\/2022\/06\/pal_image_1350x400.jpg 1351w\" sizes=\"(max-width: 1024px) 100vw, (max-width: 640px) 100vw, 1200px\" \/><\/span><\/div><\/div><\/div><\/div><\/div><div class=\"fusion-fullwidth fullwidth-box fusion-builder-row-2 fusion-flex-container has-pattern-background has-mask-background gradient-container-2 nonhundred-percent-fullwidth non-hundred-percent-height-scrolling\" style=\"--awb-border-radius-top-left:0px;--awb-border-radius-top-right:0px;--awb-border-radius-bottom-right:0px;--awb-border-radius-bottom-left:0px;--awb-flex-wrap:wrap;\" ><div class=\"fusion-builder-row fusion-row fusion-flex-align-items-flex-start fusion-flex-content-wrap\" style=\"max-width:1263.6px;margin-left: calc(-4% \/ 2 );margin-right: calc(-4% \/ 2 );\"><div class=\"fusion-layout-column fusion_builder_column fusion-builder-column-1 fusion_builder_column_1_1 1_1 fusion-flex-column padding-xs-lr15\" style=\"--awb-bg-size:cover;--awb-width-large:100%;--awb-margin-top-large:0px;--awb-spacing-right-large:1.92%;--awb-margin-bottom-large:20px;--awb-spacing-left-large:1.92%;--awb-width-medium:100%;--awb-spacing-right-medium:1.92%;--awb-spacing-left-medium:1.92%;--awb-width-small:100%;--awb-spacing-right-small:1.92%;--awb-spacing-left-small:1.92%;\"><div class=\"fusion-column-wrapper fusion-column-has-shadow fusion-flex-justify-content-flex-start fusion-content-layout-column\"><div class=\"fusion-title title fusion-title-1 fusion-sep-none fusion-title-text fusion-title-size-one text-align-xs-left\" style=\"--awb-text-color:#005ba8;\"><h1 class=\"fusion-title-heading title-heading-left\" style=\"margin:0;text-transform:none;\"><h1>Informationen der PAL &#8211; Materialbereitstellungsunterlagen f\u00fcr den Ausbildungsbetrieb<\/h1><\/h1><\/div><div class=\"fusion-text fusion-text-1 text-align-xs-left\"><p style=\"text-align: left;\">Alle Materialbereitstellungsunterlagen der PAL finden Sie ab sofort auf einen Blick unter &#8222;Materialbereitstellungsunterlagen f\u00fcr Berufe von A-Z&#8220;.<br \/>\nUnter &#8222;Aktuelles&#8220; erfahren Sie alle wichtigen Informationen rund um die aktuellen Pr\u00fcfungen direkt bei der PAL.<\/p>\n<\/div><\/div><\/div><div class=\"fusion-layout-column fusion_builder_column fusion-builder-column-2 fusion_builder_column_1_1 1_1 fusion-flex-column\" style=\"--awb-padding-top:20px;--awb-padding-right:20px;--awb-padding-bottom:20px;--awb-padding-left:20px;--awb-bg-color:#f6f6f6;--awb-bg-color-hover:#f6f6f6;--awb-bg-size:cover;--awb-width-large:100%;--awb-margin-top-large:0px;--awb-spacing-right-large:1.92%;--awb-margin-bottom-large:20px;--awb-spacing-left-large:1.92%;--awb-width-medium:100%;--awb-order-medium:0;--awb-spacing-right-medium:1.92%;--awb-spacing-left-medium:1.92%;--awb-width-small:100%;--awb-order-small:0;--awb-spacing-right-small:1.92%;--awb-spacing-left-small:1.92%;\"><div class=\"fusion-column-wrapper fusion-column-has-shadow fusion-flex-justify-content-flex-start fusion-content-layout-column\"><div class=\"fusion-text fusion-text-2\"><p><strong>Hinweis:<\/strong><\/p>\n<p>Ab sofort stellen wir Ihnen f\u00fcr die Berufe Elektroniker\/-in f\u00fcr Ger\u00e4te und Systeme (3280) und Elektroniker\/-in f\u00fcr Informations- und Systemtechnik (3290) die Betriebssoftware Daten sowie die Dateien zum Programmieren des Mikrocontrollers zur Verf\u00fcgung.<\/p>\n<\/div><div class=\"fusion-text fusion-text-3 arrow-links\"><p><a href=\"https:\/\/www.christiani.de\/cms\/betriebssoftware-daten-und-dateien-zum-programmieren-des-mikrocontrollers\/\">Hier finden Sie alle Daten ab 2021 zum Download<\/a><\/p>\n<\/div><\/div><\/div><\/div><\/div><div class=\"fusion-fullwidth fullwidth-box fusion-builder-row-3 fusion-flex-container has-pattern-background has-mask-background gradient-container-3 nonhundred-percent-fullwidth non-hundred-percent-height-scrolling\" style=\"--awb-border-radius-top-left:0px;--awb-border-radius-top-right:0px;--awb-border-radius-bottom-right:0px;--awb-border-radius-bottom-left:0px;--awb-padding-top:50px;--awb-padding-right:25px;--awb-padding-bottom:25px;--awb-padding-left:25px;--awb-margin-bottom:50px;--awb-background-color:#ffffff;--awb-flex-wrap:wrap;\" ><div class=\"fusion-builder-row fusion-row fusion-flex-align-items-stretch fusion-flex-content-wrap\" style=\"max-width:1263.6px;margin-left: calc(-4% \/ 2 );margin-right: calc(-4% \/ 2 );\"><div class=\"fusion-layout-column fusion_builder_column fusion-builder-column-3 fusion_builder_column_1_2 1_2 fusion-flex-column\" style=\"--awb-bg-size:cover;--awb-width-large:50%;--awb-margin-top-large:0px;--awb-spacing-right-large:3.84%;--awb-margin-bottom-large:25px;--awb-spacing-left-large:3.84%;--awb-width-medium:100%;--awb-order-medium:0;--awb-spacing-right-medium:1.92%;--awb-margin-bottom-medium:50px;--awb-spacing-left-medium:1.92%;--awb-width-small:100%;--awb-order-small:0;--awb-spacing-right-small:1.92%;--awb-margin-bottom-small:50px;--awb-spacing-left-small:1.92%;\"><div class=\"fusion-column-wrapper fusion-column-has-shadow fusion-flex-justify-content-space-between fusion-content-layout-column\"><div class=\"fusion-title title fusion-title-2 fusion-sep-none fusion-title-text fusion-title-size-two text-align-xs-center\" style=\"--awb-text-color:#005ba8;\"><h2 class=\"fusion-title-heading title-heading-left\" style=\"margin:0;text-transform:none;\">Bereitstellungsunterlagen f\u00fcr Berufe von A-Z:<\/h2><\/div><div class=\"fusion-text fusion-text-4\"><div>\n<p>Hier gelangen Sie direkt zu den Materialbereitstellungsunterlagen der PAL f\u00fcr die Metall- und Elektroberufe.<\/p>\n<\/div>\n<\/div><div ><a class=\"fusion-button button-flat fusion-button-default-size button-default fusion-button-default button-1 fusion-button-default-span fusion-button-default-type\" style=\"--button-border-radius-top-left:5px;--button-border-radius-top-right:5px;--button-border-radius-bottom-right:5px;--button-border-radius-bottom-left:5px;--button_text_transform:none;\" target=\"_blank\" rel=\"noopener noreferrer\" href=\"https:\/\/www.ihk.de\/stuttgart\/pal\/berufe-a-bis-z\"><span class=\"fusion-button-text\">Berufe von A-Z<\/span><\/a><\/div><\/div><\/div><div class=\"fusion-layout-column fusion_builder_column fusion-builder-column-4 fusion_builder_column_1_2 1_2 fusion-flex-column\" style=\"--awb-bg-size:cover;--awb-width-large:50%;--awb-margin-top-large:0px;--awb-spacing-right-large:3.84%;--awb-margin-bottom-large:25px;--awb-spacing-left-large:3.84%;--awb-width-medium:100%;--awb-order-medium:0;--awb-spacing-right-medium:1.92%;--awb-spacing-left-medium:1.92%;--awb-width-small:100%;--awb-order-small:0;--awb-spacing-right-small:1.92%;--awb-spacing-left-small:1.92%;\"><div class=\"fusion-column-wrapper fusion-column-has-shadow fusion-flex-justify-content-space-between fusion-content-layout-column\"><div class=\"fusion-title title fusion-title-3 fusion-sep-none fusion-title-text fusion-title-size-two text-align-xs-center\" style=\"--awb-text-color:#005ba8;--awb-margin-bottom:63px;--awb-margin-bottom-medium:31px;\"><h2 class=\"fusion-title-heading title-heading-left\" style=\"margin:0;text-transform:none;\">Aktuelle Informationen der PAL:<\/h2><\/div><div class=\"fusion-text fusion-text-5\"><div>\n<p>Wichtige Neuigkeiten der PAL, wie zum Beispiel neue Verordnungen oder \u00c4nderungen bei Berufen finden Sie hier.<\/p>\n<\/div>\n<\/div><div ><a class=\"fusion-button button-flat fusion-button-default-size button-default fusion-button-default button-2 fusion-button-default-span fusion-button-default-type\" style=\"--button-border-radius-top-left:5px;--button-border-radius-top-right:5px;--button-border-radius-bottom-right:5px;--button-border-radius-bottom-left:5px;--button_text_transform:none;\" target=\"_blank\" rel=\"noopener noreferrer\" href=\"https:\/\/www.ihk.de\/stuttgart\/pal\/aktuelles\"><span class=\"fusion-button-text\">Aktuelle Informationen<\/span><\/a><\/div><\/div><\/div><\/div><\/div><\/p>\n","protected":false},"excerpt":{"rendered":"","protected":false},"author":13,"featured_media":0,"parent":0,"menu_order":0,"comment_status":"closed","ping_status":"closed","template":"100-width.php","meta":{"footnotes":""},"class_list":["post-14256","page","type-page","status-publish","hentry"],"yoast_head":"<!-- This site is optimized with the Yoast SEO plugin v23.4 - https:\/\/yoast.com\/wordpress\/plugins\/seo\/ -->\n<title>IHK Bereitstellungsunterlagen f\u00fcr Pr\u00fcfungen | Christiani<\/title>\n<meta name=\"description\" content=\"Aktuelle Informationen der PAL und aktuelle Materialbereitstellungsunterlagen f\u00fcr den Ausbildungsbetrieb von der IHK Stuttgart\u2713 Berufe von A-Z\u2713.\" \/>\n<meta name=\"robots\" content=\"index, follow, max-snippet:-1, max-image-preview:large, max-video-preview:-1\" \/>\n<link rel=\"canonical\" href=\"https:\/\/www.christiani.de\/cms\/pal\/\" \/>\n<meta property=\"og:locale\" content=\"de_DE\" \/>\n<meta property=\"og:type\" content=\"article\" \/>\n<meta property=\"og:title\" content=\"IHK Bereitstellungsunterlagen f\u00fcr Pr\u00fcfungen | Christiani\" \/>\n<meta property=\"og:description\" content=\"Aktuelle Informationen der PAL und aktuelle Materialbereitstellungsunterlagen f\u00fcr den Ausbildungsbetrieb von der IHK Stuttgart\u2713 Berufe von A-Z\u2713.\" \/>\n<meta property=\"og:url\" content=\"https:\/\/www.christiani.de\/cms\/pal\/\" \/>\n<meta property=\"og:site_name\" content=\"Lehr- und Pr\u00fcfungsmaterial f\u00fcr Schule &amp; Ausbildung | Christiani.de\" \/>\n<meta property=\"article:modified_time\" content=\"2025-09-15T07:57:25+00:00\" \/>\n<meta name=\"twitter:card\" content=\"summary_large_image\" \/>\n<meta name=\"twitter:label1\" content=\"Gesch\u00e4tzte Lesezeit\" \/>\n\t<meta name=\"twitter:data1\" content=\"1 Minute\" \/>\n<script type=\"application\/ld+json\" class=\"yoast-schema-graph\">{\"@context\":\"https:\/\/schema.org\",\"@graph\":[{\"@type\":\"WebPage\",\"@id\":\"https:\/\/www.christiani.de\/cms\/pal\/\",\"url\":\"https:\/\/www.christiani.de\/cms\/pal\/\",\"name\":\"IHK Bereitstellungsunterlagen f\u00fcr Pr\u00fcfungen | Christiani\",\"isPartOf\":{\"@id\":\"https:\/\/www.christiani.de\/cms\/#website\"},\"datePublished\":\"2021-09-22T09:56:16+00:00\",\"dateModified\":\"2025-09-15T07:57:25+00:00\",\"description\":\"Aktuelle Informationen der PAL und aktuelle Materialbereitstellungsunterlagen f\u00fcr den Ausbildungsbetrieb von der IHK Stuttgart\u2713 Berufe von A-Z\u2713.\",\"breadcrumb\":{\"@id\":\"https:\/\/www.christiani.de\/cms\/pal\/#breadcrumb\"},\"inLanguage\":\"de-DE\",\"potentialAction\":[{\"@type\":\"ReadAction\",\"target\":[\"https:\/\/www.christiani.de\/cms\/pal\/\"]}]},{\"@type\":\"BreadcrumbList\",\"@id\":\"https:\/\/www.christiani.de\/cms\/pal\/#breadcrumb\",\"itemListElement\":[{\"@type\":\"ListItem\",\"position\":1,\"name\":\"christiani.de\",\"item\":\"https:\/\/www.christiani.de\"},{\"@type\":\"ListItem\",\"position\":2,\"name\":\"PAL\"}]},{\"@type\":\"WebSite\",\"@id\":\"https:\/\/www.christiani.de\/cms\/#website\",\"url\":\"https:\/\/www.christiani.de\/cms\/\",\"name\":\"Lehr- und Pr\u00fcfungsmaterial f\u00fcr Schule &amp; Ausbildung | Christiani.de\",\"description\":\"Christiani.de\",\"potentialAction\":[{\"@type\":\"SearchAction\",\"target\":{\"@type\":\"EntryPoint\",\"urlTemplate\":\"https:\/\/www.christiani.de\/cms\/?s={search_term_string}\"},\"query-input\":{\"@type\":\"PropertyValueSpecification\",\"valueRequired\":true,\"valueName\":\"search_term_string\"}}],\"inLanguage\":\"de-DE\"}]}<\/script>\n<!-- \/ Yoast SEO plugin. -->","yoast_head_json":{"title":"IHK Bereitstellungsunterlagen f\u00fcr Pr\u00fcfungen | Christiani","description":"Aktuelle Informationen der PAL und aktuelle Materialbereitstellungsunterlagen f\u00fcr den Ausbildungsbetrieb von der IHK Stuttgart\u2713 Berufe von A-Z\u2713.","robots":{"index":"index","follow":"follow","max-snippet":"max-snippet:-1","max-image-preview":"max-image-preview:large","max-video-preview":"max-video-preview:-1"},"canonical":"https:\/\/www.christiani.de\/cms\/pal\/","og_locale":"de_DE","og_type":"article","og_title":"IHK Bereitstellungsunterlagen f\u00fcr Pr\u00fcfungen | Christiani","og_description":"Aktuelle Informationen der PAL und aktuelle Materialbereitstellungsunterlagen f\u00fcr den Ausbildungsbetrieb von der IHK Stuttgart\u2713 Berufe von A-Z\u2713.","og_url":"https:\/\/www.christiani.de\/cms\/pal\/","og_site_name":"Lehr- und Pr\u00fcfungsmaterial f\u00fcr Schule &amp; Ausbildung | Christiani.de","article_modified_time":"2025-09-15T07:57:25+00:00","twitter_card":"summary_large_image","twitter_misc":{"Gesch\u00e4tzte Lesezeit":"1 Minute"},"schema":{"@context":"https:\/\/schema.org","@graph":[{"@type":"WebPage","@id":"https:\/\/www.christiani.de\/cms\/pal\/","url":"https:\/\/www.christiani.de\/cms\/pal\/","name":"IHK Bereitstellungsunterlagen f\u00fcr Pr\u00fcfungen | Christiani","isPartOf":{"@id":"https:\/\/www.christiani.de\/cms\/#website"},"datePublished":"2021-09-22T09:56:16+00:00","dateModified":"2025-09-15T07:57:25+00:00","description":"Aktuelle Informationen der PAL und aktuelle Materialbereitstellungsunterlagen f\u00fcr den Ausbildungsbetrieb von der IHK Stuttgart\u2713 Berufe von A-Z\u2713.","breadcrumb":{"@id":"https:\/\/www.christiani.de\/cms\/pal\/#breadcrumb"},"inLanguage":"de-DE","potentialAction":[{"@type":"ReadAction","target":["https:\/\/www.christiani.de\/cms\/pal\/"]}]},{"@type":"BreadcrumbList","@id":"https:\/\/www.christiani.de\/cms\/pal\/#breadcrumb","itemListElement":[{"@type":"ListItem","position":1,"name":"christiani.de","item":"https:\/\/www.christiani.de"},{"@type":"ListItem","position":2,"name":"PAL"}]},{"@type":"WebSite","@id":"https:\/\/www.christiani.de\/cms\/#website","url":"https:\/\/www.christiani.de\/cms\/","name":"Lehr- und Pr\u00fcfungsmaterial f\u00fcr Schule &amp; Ausbildung | Christiani.de","description":"Christiani.de","potentialAction":[{"@type":"SearchAction","target":{"@type":"EntryPoint","urlTemplate":"https:\/\/www.christiani.de\/cms\/?s={search_term_string}"},"query-input":{"@type":"PropertyValueSpecification","valueRequired":true,"valueName":"search_term_string"}}],"inLanguage":"de-DE"}]}},"_links":{"self":[{"href":"https:\/\/www.christiani.de\/cms\/wp-json\/wp\/v2\/pages\/14256"}],"collection":[{"href":"https:\/\/www.christiani.de\/cms\/wp-json\/wp\/v2\/pages"}],"about":[{"href":"https:\/\/www.christiani.de\/cms\/wp-json\/wp\/v2\/types\/page"}],"author":[{"embeddable":true,"href":"https:\/\/www.christiani.de\/cms\/wp-json\/wp\/v2\/users\/13"}],"replies":[{"embeddable":true,"href":"https:\/\/www.christiani.de\/cms\/wp-json\/wp\/v2\/comments?post=14256"}],"version-history":[{"count":50,"href":"https:\/\/www.christiani.de\/cms\/wp-json\/wp\/v2\/pages\/14256\/revisions"}],"predecessor-version":[{"id":39769,"href":"https:\/\/www.christiani.de\/cms\/wp-json\/wp\/v2\/pages\/14256\/revisions\/39769"}],"wp:attachment":[{"href":"https:\/\/www.christiani.de\/cms\/wp-json\/wp\/v2\/media?parent=14256"}],"curies":[{"name":"wp","href":"https:\/\/api.w.org\/{rel}","templated":true}]}}