{"id":12961,"date":"2021-07-05T11:33:21","date_gmt":"2021-07-05T09:33:21","guid":{"rendered":"https:\/\/www.christiani.de\/cms\/?page_id=12961"},"modified":"2025-08-08T13:23:13","modified_gmt":"2025-08-08T11:23:13","slug":"grundschule","status":"publish","type":"page","link":"https:\/\/www.christiani.de\/cms\/grundschule\/","title":{"rendered":"Grundschule"},"content":{"rendered":"<p><div class=\"fusion-fullwidth fullwidth-box fusion-builder-row-1 gradient-container-1 nonhundred-percent-fullwidth non-hundred-percent-height-scrolling\" style=\"--awb-border-radius-top-left:0px;--awb-border-radius-top-right:0px;--awb-border-radius-bottom-right:0px;--awb-border-radius-bottom-left:0px;--awb-flex-wrap:wrap;\" ><div class=\"fusion-builder-row fusion-row\"><div class=\"fusion-layout-column fusion_builder_column fusion-builder-column-0 fusion_builder_column_1_1 1_1 fusion-one-full fusion-column-first fusion-column-last fusion-no-small-visibility\" style=\"--awb-bg-image:url(&#039;https:\/\/www.christiani.de\/cms\/wp-content\/uploads\/2019\/12\/basic-layout-top-banner_03.jpg&#039;);--awb-bg-size:cover;--awb-margin-top:20px;\"><div class=\"fusion-column-wrapper fusion-column-has-shadow fusion-flex-column-wrapper-legacy fusion-column-has-bg-image\" data-bg-url=\"https:\/\/www.christiani.de\/cms\/wp-content\/uploads\/2019\/12\/basic-layout-top-banner_03.jpg\"><div class=\"fusion-image-element in-legacy-container\" style=\"--awb-caption-title-font-family:var(--h2_typography-font-family);--awb-caption-title-font-weight:var(--h2_typography-font-weight);--awb-caption-title-font-style:var(--h2_typography-font-style);--awb-caption-title-size:var(--h2_typography-font-size);--awb-caption-title-transform:var(--h2_typography-text-transform);--awb-caption-title-line-height:var(--h2_typography-line-height);--awb-caption-title-letter-spacing:var(--h2_typography-letter-spacing);\"><span class=\" fusion-imageframe imageframe-none imageframe-1 hover-type-none basetpl-top-banner\"><img loading=\"lazy\" decoding=\"async\" width=\"1300\" height=\"468\" alt=\"zwei Kinder lernen an einem Tablet und Modelroboter \" title=\"Header-Schule-Coding_1300\" src=\"https:\/\/www.christiani.de\/cms\/wp-content\/uploads\/2022\/11\/Header-Schule-Coding_1300.png\" class=\"img-responsive wp-image-24662\" srcset=\"https:\/\/www.christiani.de\/cms\/wp-content\/uploads\/2022\/11\/Header-Schule-Coding_1300-200x72.png 200w, https:\/\/www.christiani.de\/cms\/wp-content\/uploads\/2022\/11\/Header-Schule-Coding_1300-400x144.png 400w, https:\/\/www.christiani.de\/cms\/wp-content\/uploads\/2022\/11\/Header-Schule-Coding_1300-600x216.png 600w, https:\/\/www.christiani.de\/cms\/wp-content\/uploads\/2022\/11\/Header-Schule-Coding_1300-800x288.png 800w, https:\/\/www.christiani.de\/cms\/wp-content\/uploads\/2022\/11\/Header-Schule-Coding_1300-1200x432.png 1200w, https:\/\/www.christiani.de\/cms\/wp-content\/uploads\/2022\/11\/Header-Schule-Coding_1300.png 1300w\" sizes=\"(max-width: 800px) 100vw, 1300px\" \/><\/span><\/div><div class=\"fusion-clearfix\"><\/div><\/div><\/div><\/div><\/div><div class=\"fusion-fullwidth fullwidth-box fusion-builder-row-2 gradient-container-2 nonhundred-percent-fullwidth non-hundred-percent-height-scrolling\" style=\"--awb-border-radius-top-left:0px;--awb-border-radius-top-right:0px;--awb-border-radius-bottom-right:0px;--awb-border-radius-bottom-left:0px;--awb-flex-wrap:wrap;\" ><div class=\"fusion-builder-row fusion-row\"><div class=\"fusion-layout-column fusion_builder_column fusion-builder-column-1 fusion_builder_column_1_1 1_1 fusion-one-full fusion-column-first fusion-column-last padding-xs-lr15\" style=\"--awb-bg-size:cover;\"><div class=\"fusion-column-wrapper fusion-column-has-shadow fusion-flex-column-wrapper-legacy\"><div class=\"fusion-title title fusion-title-1 fusion-sep-none fusion-title-text fusion-title-size-one text-align-xs-left\" style=\"--awb-text-color:#005ba8;\"><h1 class=\"fusion-title-heading title-heading-left\" style=\"margin:0;text-transform:none;\"><h1>F\u00f6rderung der \u201eKompetenzen f\u00fcr die digitale Welt\u201c mit ausgew\u00e4hlten Robotiksystemen f\u00fcr die Grundschule<\/h1>\n<h2>Eine Einsch\u00e4tzung verschiedener Systeme bez\u00fcglich der KMK-Bildungsstandards<\/h2><\/h1><\/div><div class=\"fusion-text fusion-text-1 text-align-xs-left\"><p>Programmieren lernen bereits ab der Primarstufe? F\u00fcr viele Lehrkr\u00e4fte und Wegbegleiter der j\u00fcngsten Generation, war das bisher noch eine gro\u00dfe H\u00fcrde. In vereinzelten Bundesl\u00e4ndern steckt das Thema \u201eInformatische Kompetenzen entwickeln\u201c noch immer in den Kinderschuhen. Doch ab wann ist Programmieren ein fester Bestandteil eines jeden Lehrplans?<\/p>\n<p>Mit Hilfe der bundesweiten <strong>KMK-F\u00f6rderung<\/strong> der Kultusministerkonferenz 2016 <strong>\u201eKompetenzen f\u00fcr die digitale Welt\u201c,<\/strong> will man Abhilfe schaffen und die Informatik als Unterrichtsthema in immer mehr Schulen aber auch in Kitas voranbringen und etablieren. Die letzten Jahre kamen so einige Robotik Systeme auf den Markt, doch welche Lernkonzepte eignen sich f\u00fcr welche Anforderungen? Die Auswahl ist inzwischen sehr gro\u00df.<\/p>\n<\/div><div class=\"fusion-aligncenter\"><a class=\"fusion-button button-flat fusion-button-default-size button-default fusion-button-default button-1 fusion-button-default-span fusion-button-default-type\" style=\"--button_text_transform:none;--button_margin-bottom:20px;\" target=\"_blank\" rel=\"noopener noreferrer\" href=\"https:\/\/www.christiani.de\/cms\/wp-content\/uploads\/2021\/07\/Mindmap_KMK.pdf\"><span class=\"fusion-button-text\">Download Schaubild Kompetenzbereich KMK<\/span><\/a><\/div><div class=\"fusion-text fusion-text-2\"><p><strong>In unserer ausgearbeiteten Kompetenz\u00fcbersicht nach KMK Bildungsstandards haben wir, in Zusammenarbeit mit der Universit\u00e4t Regensburg, einige unserer Lernkonzepte f\u00fcr Sie analysiert und auf die verschiedenen Anforderungen verglichen. Gleich anmelden und kostenfrei erhalten!<\/strong><\/p>\n<\/div><div class=\"fusion-text fusion-text-3\"><div class=\"frm_forms  with_frm_style frm_style_formidable-style\" id=\"frm_form_153_container\" data-token=\"6042f51bed65addd1d731a0b6694af69\">\n<form enctype=\"multipart\/form-data\" method=\"post\" class=\"frm-show-form  frm_pro_form \" id=\"form_whitepaper-grundschule\" data-token=\"6042f51bed65addd1d731a0b6694af69\">\n<div class=\"frm_form_fields \">\n<fieldset>\n<legend class=\"frm_screen_reader\">X Whitepaper - Grundschule<\/legend>\r\n\r\n<div class=\"frm_fields_container\">\n<input type=\"hidden\" name=\"frm_action\" value=\"create\" \/>\n<input type=\"hidden\" name=\"form_id\" value=\"153\" \/>\n<input type=\"hidden\" name=\"frm_hide_fields_153\" id=\"frm_hide_fields_153\" value=\"\" \/>\n<input type=\"hidden\" name=\"form_key\" value=\"whitepaper-grundschule\" \/>\n<input type=\"hidden\" name=\"item_meta[0]\" value=\"\" \/>\n<input type=\"hidden\" id=\"frm_submit_entry_153\" name=\"frm_submit_entry_153\" value=\"7e2b79bce7\" \/><input type=\"hidden\" name=\"_wp_http_referer\" value=\"\/cms\/wp-json\/wp\/v2\/pages\/12961\" \/><div id=\"frm_field_2485_container\" class=\"frm_form_field form-field  frm_required_field frm_top_container frm_full\">\r\n    <label for=\"field_kdtuf\" id=\"field_kdtuf_label\" class=\"frm_primary_label\">Schule\/Institution und Ort\r\n        <span class=\"frm_required\" aria-hidden=\"true\">*<\/span>\r\n    <\/label>\r\n    <input type=\"text\" id=\"field_kdtuf\" name=\"item_meta[2485]\" value=\"\"  data-reqmsg=\"Dieses Feld darf nicht leer sein.\" aria-required=\"true\" data-invmsg=\"Text ist ung\u00fcltig\" aria-invalid=\"false\"  \/>\r\n    \r\n    \r\n<\/div>\n<div id=\"frm_field_2486_container\" class=\"frm_form_field form-field  frm_required_field frm_top_container frm_half frm_first\">\r\n    <label for=\"field_1wyjx\" id=\"field_1wyjx_label\" class=\"frm_primary_label\">Vorname\r\n        <span class=\"frm_required\" aria-hidden=\"true\">*<\/span>\r\n    <\/label>\r\n    <input type=\"text\" id=\"field_1wyjx\" name=\"item_meta[2486]\" value=\"\"  data-reqmsg=\"Dieses Feld darf nicht leer sein.\" aria-required=\"true\" data-invmsg=\"Text ist ung\u00fcltig\" aria-invalid=\"false\"  \/>\r\n    \r\n    \r\n<\/div>\n<div id=\"frm_field_2487_container\" class=\"frm_form_field form-field  frm_required_field frm_top_container frm_alignright frm_half\">\r\n    <label for=\"field_6b3q6\" id=\"field_6b3q6_label\" class=\"frm_primary_label\">Nachname\r\n        <span class=\"frm_required\" aria-hidden=\"true\">*<\/span>\r\n    <\/label>\r\n    <input type=\"text\" id=\"field_6b3q6\" name=\"item_meta[2487]\" value=\"\"  data-reqmsg=\"Dieses Feld darf nicht leer sein.\" aria-required=\"true\" data-invmsg=\"Text ist ung\u00fcltig\" aria-invalid=\"false\"  \/>\r\n    \r\n    \r\n<\/div>\n<div id=\"frm_field_2490_container\" class=\"frm_form_field form-field  frm_required_field frm_top_container\">\r\n    <label for=\"field_tvtsy\" id=\"field_tvtsy_label\" class=\"frm_primary_label\">E-Mail\r\n        <span class=\"frm_required\" aria-hidden=\"true\">*<\/span>\r\n    <\/label>\r\n    <input type=\"email\" id=\"field_tvtsy\" name=\"item_meta[2490]\" value=\"\"  data-reqmsg=\"Dieses Feld darf nicht leer sein.\" aria-required=\"true\" data-invmsg=\"E-Mail ist ung\u00fcltig\" aria-invalid=\"false\"  \/>\r\n    \r\n    \r\n<\/div>\n<div id=\"frm_field_2496_container\" class=\"frm_form_field form-field  frm_required_field frm_top_container vertical_radio\">\r\n    <div  id=\"field_88hr3_label\" class=\"frm_primary_label\">Datenschutz:\r\n        <span class=\"frm_required\" aria-hidden=\"true\">*<\/span>\r\n    <\/div>\r\n    <div class=\"frm_opt_container\" aria-labelledby=\"field_88hr3_label\" role=\"group\">\t\t<div class=\"frm_checkbox\" id=\"frm_checkbox_2496-1\">\t\t\t<label  for=\"field_88hr3-1\">\n\t\t\t<input type=\"checkbox\" name=\"item_meta[2496][]\" id=\"field_88hr3-1\" value=\"Durch Aktivierung dieses Kontrollk\u00e4stchens erkl\u00e4ren Sie sich damit einverstanden, dass die Dr.-Ing. Paul Christiani GmbH &amp; Co. KG Werbung via Email, Printmedien, postalisch oder telefonisch zukommen lassen darf. Sie k\u00f6nnen diese Einwilligung jederzeit widerrufen. Siehe &lt;a href=&quot;https:\/\/.www.christiani.de\/cms\/service\/rechtliches\/datenschutzerklaerung&quot;&gt;Datenschutzerkl\u00e4rung&lt;\/a&gt;\"  data-reqmsg=\"Dieses Feld darf nicht leer sein.\" data-invmsg=\"Datenschutz: ist ung\u00fcltig\" aria-invalid=\"false\"   aria-required=\"true\"  \/> Durch Aktivierung dieses Kontrollk\u00e4stchens erkl\u00e4ren Sie sich damit einverstanden, dass die Dr.-Ing. Paul Christiani GmbH &amp; Co. KG Werbung via Email, Printmedien, postalisch oder telefonisch zukommen lassen darf. Sie k\u00f6nnen diese Einwilligung jederzeit widerrufen. Siehe <a href=\"https:\/\/.www.christiani.de\/cms\/service\/rechtliches\/datenschutzerklaerung\">Datenschutzerkl\u00e4rung<\/a><\/label><\/div>\n<\/div>\r\n    \r\n    \r\n<\/div>\n<div id=\"frm_field_4469_container\" class=\"frm_form_field form-field \">\r\n\t<div class=\"frm_submit\">\r\n\r\n<button class=\"frm_button_submit frm_final_submit\" type=\"submit\"   formnovalidate=\"formnovalidate\">Senden<\/button>\r\n\r\n<\/div>\r\n<\/div>\n\t<input type=\"hidden\" name=\"item_key\" value=\"\" \/>\n\t\t\t\t<div class=\"frm__655ce2ef7b30c\">\n\t\t\t\t<label for=\"frm_email_153\" >\n\t\t\t\t\tIf you are human, leave this field blank.\t\t\t\t<\/label>\n\t\t\t\t<input  id=\"frm_email_153\" type=\"email\" class=\"frm_verify\" name=\"frm__655ce2ef7b30c\" value=\"\"  \/>\n\t\t\t<\/div>\n\t\t<input name=\"frm_state\" type=\"hidden\" value=\"wYcX5qtUrGVCQYIChdIUyAK\/b65VRikglzP4Ddz\/\/IutOnXwnVDTlMqoufNY3WlT\" \/><\/div>\n<\/fieldset>\n<\/div>\n<\/form>\n<\/div>\n\n<\/div><div class=\"fusion-clearfix\"><\/div><\/div><\/div><\/div><\/div><\/p>\n","protected":false},"excerpt":{"rendered":"","protected":false},"author":13,"featured_media":0,"parent":0,"menu_order":0,"comment_status":"closed","ping_status":"closed","template":"100-width.php","meta":{"footnotes":""},"class_list":["post-12961","page","type-page","status-publish","hentry"],"yoast_head":"<!-- This site is optimized with the Yoast SEO plugin v23.4 - https:\/\/yoast.com\/wordpress\/plugins\/seo\/ -->\n<title>Digitale Robotiksysteme f\u00fcr die Grundschule | Christiani<\/title>\n<meta name=\"description\" content=\"Die letzten Jahre kamen so einige Robotik Systeme auf den Markt, doch welche Lernkonzepte eignen sich f\u00fcr welche Anforderungen in der Schule?\" \/>\n<meta name=\"robots\" content=\"index, follow, max-snippet:-1, max-image-preview:large, max-video-preview:-1\" \/>\n<link rel=\"canonical\" href=\"https:\/\/www.christiani.de\/cms\/grundschule\/\" \/>\n<meta property=\"og:locale\" content=\"de_DE\" \/>\n<meta property=\"og:type\" content=\"article\" \/>\n<meta property=\"og:title\" content=\"Digitale Robotiksysteme f\u00fcr die Grundschule | Christiani\" \/>\n<meta property=\"og:description\" content=\"Die letzten Jahre kamen so einige Robotik Systeme auf den Markt, doch welche Lernkonzepte eignen sich f\u00fcr welche Anforderungen in der Schule?\" \/>\n<meta property=\"og:url\" content=\"https:\/\/www.christiani.de\/cms\/grundschule\/\" \/>\n<meta property=\"og:site_name\" content=\"Lehr- und Pr\u00fcfungsmaterial f\u00fcr Schule &amp; Ausbildung | Christiani.de\" \/>\n<meta property=\"article:modified_time\" content=\"2025-08-08T11:23:13+00:00\" \/>\n<meta name=\"twitter:card\" content=\"summary_large_image\" \/>\n<meta name=\"twitter:label1\" content=\"Gesch\u00e4tzte Lesezeit\" \/>\n\t<meta name=\"twitter:data1\" content=\"2 Minuten\" \/>\n<script type=\"application\/ld+json\" class=\"yoast-schema-graph\">{\"@context\":\"https:\/\/schema.org\",\"@graph\":[{\"@type\":\"WebPage\",\"@id\":\"https:\/\/www.christiani.de\/cms\/grundschule\/\",\"url\":\"https:\/\/www.christiani.de\/cms\/grundschule\/\",\"name\":\"Digitale Robotiksysteme f\u00fcr die Grundschule | Christiani\",\"isPartOf\":{\"@id\":\"https:\/\/www.christiani.de\/cms\/#website\"},\"datePublished\":\"2021-07-05T09:33:21+00:00\",\"dateModified\":\"2025-08-08T11:23:13+00:00\",\"description\":\"Die letzten Jahre kamen so einige Robotik Systeme auf den Markt, doch welche Lernkonzepte eignen sich f\u00fcr welche Anforderungen in der Schule?\",\"breadcrumb\":{\"@id\":\"https:\/\/www.christiani.de\/cms\/grundschule\/#breadcrumb\"},\"inLanguage\":\"de-DE\",\"potentialAction\":[{\"@type\":\"ReadAction\",\"target\":[\"https:\/\/www.christiani.de\/cms\/grundschule\/\"]}]},{\"@type\":\"BreadcrumbList\",\"@id\":\"https:\/\/www.christiani.de\/cms\/grundschule\/#breadcrumb\",\"itemListElement\":[{\"@type\":\"ListItem\",\"position\":1,\"name\":\"christiani.de\",\"item\":\"https:\/\/www.christiani.de\"},{\"@type\":\"ListItem\",\"position\":2,\"name\":\"Grundschule\"}]},{\"@type\":\"WebSite\",\"@id\":\"https:\/\/www.christiani.de\/cms\/#website\",\"url\":\"https:\/\/www.christiani.de\/cms\/\",\"name\":\"Lehr- und Pr\u00fcfungsmaterial f\u00fcr Schule &amp; Ausbildung | Christiani.de\",\"description\":\"Christiani.de\",\"potentialAction\":[{\"@type\":\"SearchAction\",\"target\":{\"@type\":\"EntryPoint\",\"urlTemplate\":\"https:\/\/www.christiani.de\/cms\/?s={search_term_string}\"},\"query-input\":{\"@type\":\"PropertyValueSpecification\",\"valueRequired\":true,\"valueName\":\"search_term_string\"}}],\"inLanguage\":\"de-DE\"}]}<\/script>\n<!-- \/ Yoast SEO plugin. -->","yoast_head_json":{"title":"Digitale Robotiksysteme f\u00fcr die Grundschule | Christiani","description":"Die letzten Jahre kamen so einige Robotik Systeme auf den Markt, doch welche Lernkonzepte eignen sich f\u00fcr welche Anforderungen in der Schule?","robots":{"index":"index","follow":"follow","max-snippet":"max-snippet:-1","max-image-preview":"max-image-preview:large","max-video-preview":"max-video-preview:-1"},"canonical":"https:\/\/www.christiani.de\/cms\/grundschule\/","og_locale":"de_DE","og_type":"article","og_title":"Digitale Robotiksysteme f\u00fcr die Grundschule | Christiani","og_description":"Die letzten Jahre kamen so einige Robotik Systeme auf den Markt, doch welche Lernkonzepte eignen sich f\u00fcr welche Anforderungen in der Schule?","og_url":"https:\/\/www.christiani.de\/cms\/grundschule\/","og_site_name":"Lehr- und Pr\u00fcfungsmaterial f\u00fcr Schule &amp; Ausbildung | Christiani.de","article_modified_time":"2025-08-08T11:23:13+00:00","twitter_card":"summary_large_image","twitter_misc":{"Gesch\u00e4tzte Lesezeit":"2 Minuten"},"schema":{"@context":"https:\/\/schema.org","@graph":[{"@type":"WebPage","@id":"https:\/\/www.christiani.de\/cms\/grundschule\/","url":"https:\/\/www.christiani.de\/cms\/grundschule\/","name":"Digitale Robotiksysteme f\u00fcr die Grundschule | Christiani","isPartOf":{"@id":"https:\/\/www.christiani.de\/cms\/#website"},"datePublished":"2021-07-05T09:33:21+00:00","dateModified":"2025-08-08T11:23:13+00:00","description":"Die letzten Jahre kamen so einige Robotik Systeme auf den Markt, doch welche Lernkonzepte eignen sich f\u00fcr welche Anforderungen in der Schule?","breadcrumb":{"@id":"https:\/\/www.christiani.de\/cms\/grundschule\/#breadcrumb"},"inLanguage":"de-DE","potentialAction":[{"@type":"ReadAction","target":["https:\/\/www.christiani.de\/cms\/grundschule\/"]}]},{"@type":"BreadcrumbList","@id":"https:\/\/www.christiani.de\/cms\/grundschule\/#breadcrumb","itemListElement":[{"@type":"ListItem","position":1,"name":"christiani.de","item":"https:\/\/www.christiani.de"},{"@type":"ListItem","position":2,"name":"Grundschule"}]},{"@type":"WebSite","@id":"https:\/\/www.christiani.de\/cms\/#website","url":"https:\/\/www.christiani.de\/cms\/","name":"Lehr- und Pr\u00fcfungsmaterial f\u00fcr Schule &amp; Ausbildung | Christiani.de","description":"Christiani.de","potentialAction":[{"@type":"SearchAction","target":{"@type":"EntryPoint","urlTemplate":"https:\/\/www.christiani.de\/cms\/?s={search_term_string}"},"query-input":{"@type":"PropertyValueSpecification","valueRequired":true,"valueName":"search_term_string"}}],"inLanguage":"de-DE"}]}},"_links":{"self":[{"href":"https:\/\/www.christiani.de\/cms\/wp-json\/wp\/v2\/pages\/12961"}],"collection":[{"href":"https:\/\/www.christiani.de\/cms\/wp-json\/wp\/v2\/pages"}],"about":[{"href":"https:\/\/www.christiani.de\/cms\/wp-json\/wp\/v2\/types\/page"}],"author":[{"embeddable":true,"href":"https:\/\/www.christiani.de\/cms\/wp-json\/wp\/v2\/users\/13"}],"replies":[{"embeddable":true,"href":"https:\/\/www.christiani.de\/cms\/wp-json\/wp\/v2\/comments?post=12961"}],"version-history":[{"count":19,"href":"https:\/\/www.christiani.de\/cms\/wp-json\/wp\/v2\/pages\/12961\/revisions"}],"predecessor-version":[{"id":41818,"href":"https:\/\/www.christiani.de\/cms\/wp-json\/wp\/v2\/pages\/12961\/revisions\/41818"}],"wp:attachment":[{"href":"https:\/\/www.christiani.de\/cms\/wp-json\/wp\/v2\/media?parent=12961"}],"curies":[{"name":"wp","href":"https:\/\/api.w.org\/{rel}","templated":true}]}}