{"id":11581,"date":"2021-04-28T10:39:18","date_gmt":"2021-04-28T08:39:18","guid":{"rendered":"https:\/\/www.christiani.de\/cms\/?page_id=11581"},"modified":"2024-07-01T11:31:48","modified_gmt":"2024-07-01T09:31:48","slug":"kompetenzzentrum-landsberg-am-lech","status":"publish","type":"page","link":"https:\/\/www.christiani.de\/cms\/service\/kompetenzzentrum-landsberg-am-lech\/","title":{"rendered":"Kompetenzzentrum Landsberg am Lech"},"content":{"rendered":"<div class=\"fusion-fullwidth fullwidth-box fusion-builder-row-1 gradient-container-1 nonhundred-percent-fullwidth non-hundred-percent-height-scrolling\" style=\"--awb-border-radius-top-left:0px;--awb-border-radius-top-right:0px;--awb-border-radius-bottom-right:0px;--awb-border-radius-bottom-left:0px;--awb-flex-wrap:wrap;\" ><div class=\"fusion-builder-row fusion-row\"><div class=\"fusion-layout-column fusion_builder_column fusion-builder-column-0 fusion_builder_column_1_1 1_1 fusion-one-full fusion-column-first fusion-column-last\" style=\"--awb-bg-size:cover;\"><div class=\"fusion-column-wrapper fusion-column-has-shadow fusion-flex-column-wrapper-legacy\"><div class=\"fusion-text fusion-text-1 service-contact-block\"><p><strong>Christiani Kompetenz\u00adzentrum Landsberg am Lech<\/strong><br \/>\nCelsiusstra\u00dfe 15<br \/>\n86899 Landsberg am Lech<\/p>\n<p>Website: <a href=\"https:\/\/www.christiani.de\/kompetenzzentren\/landsberg\">www.christiani.de\/kompetenzzentren\/landsberg<\/a><br \/>\nE-Mail: <a href=\"mailto:landsberg-kompetenzzentrum@christiani.de\">landsberg-kompetenzzentrum@christiani.de<\/a><br \/>\nTel.: <a href=\"tel:+49%208191%2093696-0\">+49 8191 93696-0<\/a><\/p>\n<\/div><div class=\"fusion-title title fusion-title-1 fusion-sep-none fusion-title-text fusion-title-size-one service-subtitle\" style=\"--awb-margin-top:45px;\"><h1 class=\"fusion-title-heading title-heading-left\" style=\"margin:0;text-transform:none;\"><strong>Kompetenzzentrum Landsberg am Lech<\/strong><\/h1><\/div><div class=\"fusion-text fusion-text-2\">        <div id=\"team-11548\" class=\"team-container\">\r\n                    <div class=\"team-items \">\r\n                <div class=\"item \">\r\n        <div class=\"elements-wrapper layout-3198\">\r\n                <div class=\"layer-media \" id=\"\">\r\n                <div class=\"team-thumb element-1\">\r\n                       <img decoding=\"async\" src=\"https:\/\/www.christiani.de\/cms\/wp-content\/uploads\/2024\/07\/mishchenko-klein.png\" \/>\r\n            \r\n            \r\n\r\n        <\/div>\r\n            <\/div>\r\n        <div class=\"layer-content element-3\" id=\"\">\r\n        <div class=\"team-title element-6\">    Mariia Mishchenko\r\n    <\/div>\r\n            <div class=\"team-content element-7\"><p>Kaufm\u00e4nnische Assistenz<\/p>\n<p><a href=\"tel:+498191-9369623\">+49 8191-9369623<\/a><br \/>\n<a href=\"mailto:mariia.mishchenko@christiani.de\">mariia.mishchenko@christiani.de<\/a><\/p>\n<\/div>\r\n        <\/div>\r\n            <\/div>\r\n    <\/div>\r\n    <div class=\"item \">\r\n        <div class=\"elements-wrapper layout-3198\">\r\n                <div class=\"layer-media \" id=\"\">\r\n                <div class=\"team-thumb element-1\">\r\n                       <img decoding=\"async\" src=\"https:\/\/www.christiani.de\/cms\/wp-content\/uploads\/2021\/04\/H6A7244-209x262-1.jpg\" \/>\r\n            \r\n            \r\n\r\n        <\/div>\r\n            <\/div>\r\n        <div class=\"layer-content element-3\" id=\"\">\r\n        <div class=\"team-title element-6\">    Thomas Schmid\r\n    <\/div>\r\n            <div class=\"team-content element-7\"><p>Leiter Kompetenzzentrum Landsberg am Lech<\/p>\n<p><a href=\"tel:+49819193696-21\">+49 8191 93696-21<\/a><br \/>\n<a href=\"tel:+491754495588\">+49 175 4495588<\/a><br \/>\n<a href=\"mailto:thomas.schmid@christiani.de\">thomas.schmid@christiani.de<\/a><\/p>\n<\/div>\r\n        <\/div>\r\n            <\/div>\r\n    <\/div>\r\n        <\/div>\r\n\r\n            <div class=\"paginate\">\r\n            <\/div>\r\n    <style type=\"text\/css\">\r\n        #team-11548 .paginate {\r\n            padding: 30px;\r\n            text-align: center;\r\n        }\r\n\r\n        #team-11548 .paginate .page-numbers {\r\n            background-color: ;\r\n            color: rgb(255, 255, 255);\r\n            cursor: pointer;\r\n            display: inline-block;\r\n            font-size: 14px;\r\n            line-height: 1em;\r\n            margin: 3px 0;\r\n            padding: 10px 15px;\r\n            text-decoration: none;\r\n        }\r\n\r\n        #team-11548 .paginate .current {\r\n            background-color: ;\r\n        }\r\n    <\/style>\r\n\r\n        <style type=\"text\/css\">\r\n        .team-container {\r\n            width: 100%\r\n        }\r\n\r\n        #team-11548 {\r\n            background:  url() repeat scroll 0 0;\r\n            text-align: left;\r\n        }\r\n\r\n        #team-11548 .item {\r\n            text-align: left;\r\n            margin: 5px;\r\n            display: inline-block;\r\n            vertical-align: top;\r\n        }\r\n\r\n        #team-11548 .layer-media .team-thumb {\r\n            overflow: hidden;\r\n        }\r\n\r\n        #team-11548 .layer-media img {\r\n            border-radius: 0;\r\n            box-shadow: none;\r\n            width: 100%;\r\n            margin: 0;\r\n            padding: 0;\r\n        }\r\n\r\n        @media only screen and (min-width: 0px) and (max-width: 767px) {\r\n            #team-11548 .item {\r\n                width: 95%            }\r\n        }\r\n\r\n        @media only screen and (min-width: 768px) and (max-width: 1023px) {\r\n            #team-11548 .item {\r\n                width: 45%            }\r\n        }\r\n\r\n        @media only screen and (min-width: 1024px) {\r\n            #team-11548 .item {\r\n                width: 30%            }\r\n        }\r\n\r\n        .layout-3198 {vertical-align: top;}.layout-3198 .layer-media{}.layout-3198 .layer-content {padding: 5px 10px;}    <\/style>\r\n    <script>\r\n            <\/script>\r\n        <style type=\"text\/css\">\r\n\r\n        .layout-3198 .element-1{\r\n            overflow: hidden;\r\n            margin: ;\r\n        }\r\n\r\n        @media only screen and (min-width: 1024px ){\r\n            .layout-3198 .element-1{\r\n                            max-height: 100%;\r\n                        }\r\n        }\r\n\r\n        @media only screen and ( min-width: 768px ) and ( max-width: 1023px ) {\r\n            .layout-3198 .element-1{\r\n                            max-height: 100%;\r\n                        }\r\n        }\r\n\r\n        @media only screen and ( min-width: 0px ) and ( max-width: 767px ){\r\n            .layout-3198 .element-1{\r\n                            max-height: 100%;\r\n                        }\r\n        }\r\n\r\n\r\n\r\n    <\/style>\r\n        <style type=\"text\/css\">\r\n        .layout-3198 .element-6{\r\n            color: #333;\r\n            font-size: 16px;\r\n            font-family: Arial;\r\n            margin: 10px 0;\r\n\r\n        }\r\n    <\/style>\r\n        <style type=\"text\/css\">\r\n        .layout-3198 .element-7{\r\n            color: ;\r\n            font-size: 15px;\r\n            font-family: ;\r\n            margin: 5px 0;\r\n\r\n        }\r\n\r\n        .layout-3198 .element-7 a{\r\n            color: ;\r\n\r\n        }\r\n\r\n    <\/style>\r\n            <\/div>\r\n\n<\/div><div class=\"fusion-clearfix\"><\/div><\/div><\/div><\/div><\/div>\n","protected":false},"excerpt":{"rendered":"","protected":false},"author":1,"featured_media":0,"parent":509,"menu_order":6,"comment_status":"closed","ping_status":"closed","template":"","meta":{"footnotes":""},"class_list":["post-11581","page","type-page","status-publish","hentry"],"yoast_head":"<!-- This site is optimized with the Yoast SEO plugin v23.4 - https:\/\/yoast.com\/wordpress\/plugins\/seo\/ -->\n<title>Kompetenzzentrum Landsberg am Lech - Lehr- und Pr\u00fcfungsmaterial f\u00fcr Schule &amp; Ausbildung | Christiani.de<\/title>\n<meta name=\"description\" content=\"Niederlassung Kompetenzzentrum Landsberg am Lech Celsiusstra\u00dfe 1586199 Landsberg am Lech\/Germany Tel. +49 8191 93696-0\" \/>\n<meta name=\"robots\" content=\"index, follow, max-snippet:-1, max-image-preview:large, max-video-preview:-1\" \/>\n<link rel=\"canonical\" href=\"https:\/\/www.christiani.de\/cms\/service\/kompetenzzentrum-landsberg-am-lech\/\" \/>\n<meta property=\"og:locale\" content=\"de_DE\" \/>\n<meta property=\"og:type\" content=\"article\" \/>\n<meta property=\"og:title\" content=\"Kompetenzzentrum Landsberg am Lech - Lehr- und Pr\u00fcfungsmaterial f\u00fcr Schule &amp; Ausbildung | Christiani.de\" \/>\n<meta property=\"og:description\" content=\"Niederlassung Kompetenzzentrum Landsberg am Lech Celsiusstra\u00dfe 1586199 Landsberg am Lech\/Germany Tel. +49 8191 93696-0\" \/>\n<meta property=\"og:url\" content=\"https:\/\/www.christiani.de\/cms\/service\/kompetenzzentrum-landsberg-am-lech\/\" \/>\n<meta property=\"og:site_name\" content=\"Lehr- und Pr\u00fcfungsmaterial f\u00fcr Schule &amp; Ausbildung | Christiani.de\" \/>\n<meta property=\"article:modified_time\" content=\"2024-07-01T09:31:48+00:00\" \/>\n<meta name=\"twitter:card\" content=\"summary_large_image\" \/>\n<meta name=\"twitter:label1\" content=\"Gesch\u00e4tzte Lesezeit\" \/>\n\t<meta name=\"twitter:data1\" content=\"1 Minute\" \/>\n<script type=\"application\/ld+json\" class=\"yoast-schema-graph\">{\"@context\":\"https:\/\/schema.org\",\"@graph\":[{\"@type\":\"WebPage\",\"@id\":\"https:\/\/www.christiani.de\/cms\/service\/kompetenzzentrum-landsberg-am-lech\/\",\"url\":\"https:\/\/www.christiani.de\/cms\/service\/kompetenzzentrum-landsberg-am-lech\/\",\"name\":\"Kompetenzzentrum Landsberg am Lech - Lehr- und Pr\u00fcfungsmaterial f\u00fcr Schule &amp; Ausbildung | Christiani.de\",\"isPartOf\":{\"@id\":\"https:\/\/www.christiani.de\/cms\/#website\"},\"datePublished\":\"2021-04-28T08:39:18+00:00\",\"dateModified\":\"2024-07-01T09:31:48+00:00\",\"description\":\"Niederlassung Kompetenzzentrum Landsberg am Lech Celsiusstra\u00dfe 1586199 Landsberg am Lech\/Germany Tel. +49 8191 93696-0\",\"breadcrumb\":{\"@id\":\"https:\/\/www.christiani.de\/cms\/service\/kompetenzzentrum-landsberg-am-lech\/#breadcrumb\"},\"inLanguage\":\"de-DE\",\"potentialAction\":[{\"@type\":\"ReadAction\",\"target\":[\"https:\/\/www.christiani.de\/cms\/service\/kompetenzzentrum-landsberg-am-lech\/\"]}]},{\"@type\":\"BreadcrumbList\",\"@id\":\"https:\/\/www.christiani.de\/cms\/service\/kompetenzzentrum-landsberg-am-lech\/#breadcrumb\",\"itemListElement\":[{\"@type\":\"ListItem\",\"position\":1,\"name\":\"christiani.de\",\"item\":\"https:\/\/www.christiani.de\"},{\"@type\":\"ListItem\",\"position\":2,\"name\":\"Thomas Schmid\"}]},{\"@type\":\"WebSite\",\"@id\":\"https:\/\/www.christiani.de\/cms\/#website\",\"url\":\"https:\/\/www.christiani.de\/cms\/\",\"name\":\"Lehr- und Pr\u00fcfungsmaterial f\u00fcr Schule &amp; Ausbildung | Christiani.de\",\"description\":\"Christiani.de\",\"potentialAction\":[{\"@type\":\"SearchAction\",\"target\":{\"@type\":\"EntryPoint\",\"urlTemplate\":\"https:\/\/www.christiani.de\/cms\/?s={search_term_string}\"},\"query-input\":{\"@type\":\"PropertyValueSpecification\",\"valueRequired\":true,\"valueName\":\"search_term_string\"}}],\"inLanguage\":\"de-DE\"}]}<\/script>\n<!-- \/ Yoast SEO plugin. -->","yoast_head_json":{"title":"Kompetenzzentrum Landsberg am Lech - Lehr- und Pr\u00fcfungsmaterial f\u00fcr Schule &amp; Ausbildung | Christiani.de","description":"Niederlassung Kompetenzzentrum Landsberg am Lech Celsiusstra\u00dfe 1586199 Landsberg am Lech\/Germany Tel. +49 8191 93696-0","robots":{"index":"index","follow":"follow","max-snippet":"max-snippet:-1","max-image-preview":"max-image-preview:large","max-video-preview":"max-video-preview:-1"},"canonical":"https:\/\/www.christiani.de\/cms\/service\/kompetenzzentrum-landsberg-am-lech\/","og_locale":"de_DE","og_type":"article","og_title":"Kompetenzzentrum Landsberg am Lech - Lehr- und Pr\u00fcfungsmaterial f\u00fcr Schule &amp; Ausbildung | Christiani.de","og_description":"Niederlassung Kompetenzzentrum Landsberg am Lech Celsiusstra\u00dfe 1586199 Landsberg am Lech\/Germany Tel. +49 8191 93696-0","og_url":"https:\/\/www.christiani.de\/cms\/service\/kompetenzzentrum-landsberg-am-lech\/","og_site_name":"Lehr- und Pr\u00fcfungsmaterial f\u00fcr Schule &amp; Ausbildung | Christiani.de","article_modified_time":"2024-07-01T09:31:48+00:00","twitter_card":"summary_large_image","twitter_misc":{"Gesch\u00e4tzte Lesezeit":"1 Minute"},"schema":{"@context":"https:\/\/schema.org","@graph":[{"@type":"WebPage","@id":"https:\/\/www.christiani.de\/cms\/service\/kompetenzzentrum-landsberg-am-lech\/","url":"https:\/\/www.christiani.de\/cms\/service\/kompetenzzentrum-landsberg-am-lech\/","name":"Kompetenzzentrum Landsberg am Lech - Lehr- und Pr\u00fcfungsmaterial f\u00fcr Schule &amp; Ausbildung | Christiani.de","isPartOf":{"@id":"https:\/\/www.christiani.de\/cms\/#website"},"datePublished":"2021-04-28T08:39:18+00:00","dateModified":"2024-07-01T09:31:48+00:00","description":"Niederlassung Kompetenzzentrum Landsberg am Lech Celsiusstra\u00dfe 1586199 Landsberg am Lech\/Germany Tel. +49 8191 93696-0","breadcrumb":{"@id":"https:\/\/www.christiani.de\/cms\/service\/kompetenzzentrum-landsberg-am-lech\/#breadcrumb"},"inLanguage":"de-DE","potentialAction":[{"@type":"ReadAction","target":["https:\/\/www.christiani.de\/cms\/service\/kompetenzzentrum-landsberg-am-lech\/"]}]},{"@type":"BreadcrumbList","@id":"https:\/\/www.christiani.de\/cms\/service\/kompetenzzentrum-landsberg-am-lech\/#breadcrumb","itemListElement":[{"@type":"ListItem","position":1,"name":"christiani.de","item":"https:\/\/www.christiani.de"},{"@type":"ListItem","position":2,"name":"Thomas Schmid"}]},{"@type":"WebSite","@id":"https:\/\/www.christiani.de\/cms\/#website","url":"https:\/\/www.christiani.de\/cms\/","name":"Lehr- und Pr\u00fcfungsmaterial f\u00fcr Schule &amp; Ausbildung | Christiani.de","description":"Christiani.de","potentialAction":[{"@type":"SearchAction","target":{"@type":"EntryPoint","urlTemplate":"https:\/\/www.christiani.de\/cms\/?s={search_term_string}"},"query-input":{"@type":"PropertyValueSpecification","valueRequired":true,"valueName":"search_term_string"}}],"inLanguage":"de-DE"}]}},"_links":{"self":[{"href":"https:\/\/www.christiani.de\/cms\/wp-json\/wp\/v2\/pages\/11581"}],"collection":[{"href":"https:\/\/www.christiani.de\/cms\/wp-json\/wp\/v2\/pages"}],"about":[{"href":"https:\/\/www.christiani.de\/cms\/wp-json\/wp\/v2\/types\/page"}],"author":[{"embeddable":true,"href":"https:\/\/www.christiani.de\/cms\/wp-json\/wp\/v2\/users\/1"}],"replies":[{"embeddable":true,"href":"https:\/\/www.christiani.de\/cms\/wp-json\/wp\/v2\/comments?post=11581"}],"version-history":[{"count":10,"href":"https:\/\/www.christiani.de\/cms\/wp-json\/wp\/v2\/pages\/11581\/revisions"}],"predecessor-version":[{"id":33808,"href":"https:\/\/www.christiani.de\/cms\/wp-json\/wp\/v2\/pages\/11581\/revisions\/33808"}],"up":[{"embeddable":true,"href":"https:\/\/www.christiani.de\/cms\/wp-json\/wp\/v2\/pages\/509"}],"wp:attachment":[{"href":"https:\/\/www.christiani.de\/cms\/wp-json\/wp\/v2\/media?parent=11581"}],"curies":[{"name":"wp","href":"https:\/\/api.w.org\/{rel}","templated":true}]}}